{"id":608,"date":"2025-01-05T15:09:01","date_gmt":"2025-01-05T08:09:01","guid":{"rendered":"http:\/\/riversidequangyenhotel.com\/?post_type=product&#038;p=608"},"modified":"2025-03-16T14:46:48","modified_gmt":"2025-03-16T07:46:48","slug":"phong-deluxe-king-view-song","status":"publish","type":"product","link":"https:\/\/riversidequangyenhotel.com\/en\/room\/phong-deluxe-king-view-song\/","title":{"rendered":"PH\u00d2NG DELUXE GI\u01af\u1edcNG KING \u2013 BAN C\u00d4NG &#038; VIEW S\u00d4NG"},"content":{"rendered":"<p data-start=\"59\" data-end=\"257\">T\u1eadn h\u01b0\u1edfng kh\u00f4ng gian ngh\u1ec9 d\u01b0\u1ee1ng \u0111\u1eb3ng c\u1ea5p t\u1ea1i <strong data-start=\"104\" data-end=\"132\">ph\u00f2ng Deluxe gi\u01b0\u1eddng King<\/strong> c\u1ee7a <strong data-start=\"137\" data-end=\"166\">Riverside Qu\u1ea3ng Y\u00ean Hotel<\/strong> \u2013 n\u01a1i mang \u0111\u1ebfn s\u1ef1 tho\u1ea3i m\u00e1i, ti\u1ec7n nghi v\u00e0 t\u1ea7m nh\u00ecn tuy\u1ec7t \u0111\u1eb9p ra <strong data-start=\"231\" data-end=\"254\">s\u00f4ng Chanh th\u01a1 m\u1ed9ng<\/strong>.<\/p>\n<h4 data-start=\"259\" data-end=\"313\"><strong data-start=\"264\" data-end=\"311\">1. Kh\u00f4ng gian r\u1ed9ng r\u00e3i, thi\u1ebft k\u1ebf sang tr\u1ecdng<\/strong><\/h4>\n<p data-start=\"314\" data-end=\"595\">Ph\u00f2ng Deluxe \u0111\u01b0\u1ee3c thi\u1ebft k\u1ebf theo phong c\u00e1ch <strong data-start=\"357\" data-end=\"380\">hi\u1ec7n \u0111\u1ea1i v\u00e0 tinh t\u1ebf<\/strong>, mang \u0111\u1ebfn c\u1ea3m gi\u00e1c <strong data-start=\"400\" data-end=\"443\">\u1ea5m c\u00fang nh\u01b0ng kh\u00f4ng k\u00e9m ph\u1ea7n sang tr\u1ecdng<\/strong>. V\u1edbi di\u1ec7n t\u00edch r\u1ed9ng r\u00e3i, ph\u00f2ng c\u00f3 <strong data-start=\"478\" data-end=\"510\">ban c\u00f4ng ri\u00eang v\u00e0 c\u1eeda s\u1ed5 l\u1edbn<\/strong>, gi\u00fap \u0111\u00f3n <strong data-start=\"521\" data-end=\"542\">\u00e1nh s\u00e1ng t\u1ef1 nhi\u00ean<\/strong>, t\u1ea1o kh\u00f4ng gian tho\u00e1ng \u0111\u00e3ng, l\u00fd t\u01b0\u1edfng \u0111\u1ec3 th\u01b0 gi\u00e3n.<\/p>\n<h4 data-start=\"597\" data-end=\"650\"><strong data-start=\"602\" data-end=\"648\">2. Gi\u01b0\u1eddng King cao c\u1ea5p \u2013 Gi\u1ea5c ng\u1ee7 tr\u1ecdn v\u1eb9n<\/strong><\/h4>\n<p data-start=\"651\" data-end=\"782\">Ph\u00f2ng \u0111\u01b0\u1ee3c trang b\u1ecb <strong data-start=\"671\" data-end=\"691\">1 gi\u01b0\u1eddng c\u1ee1 King<\/strong> v\u1edbi <strong data-start=\"696\" data-end=\"726\">n\u1ec7m cao c\u1ea5p, ch\u0103n ga \u00eam \u00e1i<\/strong>, mang \u0111\u1ebfn gi\u1ea5c ng\u1ee7 ngon v\u00e0 th\u01b0 th\u00e1i sau m\u1ed9t ng\u00e0y d\u00e0i.<\/p>\n<h4 data-start=\"784\" data-end=\"824\"><strong data-start=\"789\" data-end=\"822\">3. Ti\u1ec7n nghi \u0111\u1ea7y \u0111\u1ee7, hi\u1ec7n \u0111\u1ea1i<\/strong><\/h4>\n<ul data-start=\"825\" data-end=\"1236\">\n<li data-start=\"825\" data-end=\"876\"><strong data-start=\"827\" data-end=\"848\">Tivi m\u00e0n h\u00ecnh l\u1edbn<\/strong> v\u1edbi \u0111a d\u1ea1ng k\u00eanh gi\u1ea3i tr\u00ed<\/li>\n<li data-start=\"877\" data-end=\"928\"><strong data-start=\"879\" data-end=\"895\">T\u1ee7 l\u1ea1nh mini<\/strong> gi\u00fap b\u1ea3o qu\u1ea3n \u0111\u1ed3 \u0103n, th\u1ee9c u\u1ed1ng<\/li>\n<li data-start=\"929\" data-end=\"986\"><strong data-start=\"931\" data-end=\"956\">B\u00e0n l\u00e0m vi\u1ec7c r\u1ed9ng r\u00e3i<\/strong>, ph\u00f9 h\u1ee3p cho kh\u00e1ch c\u00f4ng t\u00e1c<\/li>\n<li data-start=\"987\" data-end=\"1105\"><strong data-start=\"989\" data-end=\"1008\">B\u00e0n tr\u00e0 tinh t\u1ebf<\/strong> \u2013 n\u01a1i l\u00fd t\u01b0\u1edfng \u0111\u1ec3 th\u01b0 gi\u00e3n c\u00f9ng t\u00e1ch tr\u00e0, c\u00e0 ph\u00ea v\u00e0 t\u1eadn h\u01b0\u1edfng khung c\u1ea3nh y\u00ean b\u00ecnh ngo\u00e0i c\u1eeda s\u1ed5<\/li>\n<li data-start=\"1106\" data-end=\"1236\"><strong data-start=\"1108\" data-end=\"1130\">\u0110i\u1ec1u h\u00f2a kh\u00f4ng kh\u00ed<\/strong>, <strong data-start=\"1132\" data-end=\"1152\">Wi-Fi t\u1ed1c \u0111\u1ed9 cao<\/strong>, <strong data-start=\"1154\" data-end=\"1169\">m\u00e1y s\u1ea5y t\u00f3c<\/strong>, <strong data-start=\"1171\" data-end=\"1193\">d\u00e9p \u0111i trong ph\u00f2ng<\/strong>, <strong data-start=\"1195\" data-end=\"1210\">\u1ea5m \u0111un n\u01b0\u1edbc<\/strong>, v\u00e0 nhi\u1ec1u ti\u1ec7n \u00edch kh\u00e1c<\/li>\n<\/ul>\n<h4 data-start=\"1238\" data-end=\"1292\"><strong data-start=\"1243\" data-end=\"1290\">4. T\u1eadn h\u01b0\u1edfng khung c\u1ea3nh s\u00f4ng Chanh th\u01a1 m\u1ed9ng<\/strong><\/h4>\n<p data-start=\"1293\" data-end=\"1450\">V\u1edbi v\u1ecb tr\u00ed \u0111\u1eafc \u0111\u1ecba, ph\u00f2ng Deluxe mang \u0111\u1ebfn t\u1ea7m nh\u00ecn h\u01b0\u1edbng ra <strong data-start=\"1353\" data-end=\"1376\">s\u00f4ng Chanh y\u00ean b\u00ecnh<\/strong>, t\u1ea1o c\u1ea3m gi\u00e1c th\u01b0 th\u00e1i v\u00e0 gi\u00fap b\u1ea1n h\u00f2a m\u00ecnh v\u00e0o thi\u00ean nhi\u00ean trong l\u00e0nh.<\/p>\n<h4 data-start=\"1452\" data-end=\"1496\"><strong data-start=\"1457\" data-end=\"1494\">5. D\u1ecbch v\u1ee5 chu \u0111\u00e1o, chuy\u00ean nghi\u1ec7p<\/strong><\/h4>\n<p data-start=\"1497\" data-end=\"1640\">Kh\u00e1ch l\u01b0u tr\u00fa t\u1ea1i ph\u00f2ng Deluxe s\u1ebd \u0111\u01b0\u1ee3c t\u1eadn h\u01b0\u1edfng <strong data-start=\"1546\" data-end=\"1577\">d\u1ecbch v\u1ee5 ph\u00f2ng chuy\u00ean nghi\u1ec7p<\/strong>, h\u1ed7 tr\u1ee3 24\/7, \u0111\u1ea3m b\u1ea3o tr\u1ea3i nghi\u1ec7m ngh\u1ec9 d\u01b0\u1ee1ng tuy\u1ec7t v\u1eddi nh\u1ea5t.<\/p>\n<p data-start=\"1642\" data-end=\"1846\" data-is-last-node=\"\" data-is-only-node=\"\">\ud83c\udf3f <strong data-start=\"1645\" data-end=\"1696\">Ph\u00f2ng Deluxe Gi\u01b0\u1eddng King \u2013 Ban C\u00f4ng &amp; View S\u00f4ng<\/strong> ch\u00ednh l\u00e0 l\u1ef1a ch\u1ecdn ho\u00e0n h\u1ea3o cho nh\u1eefng ai \u0111ang t\u00ecm ki\u1ebfm s\u1ef1 <strong data-start=\"1754\" data-end=\"1811\">tho\u1ea3i m\u00e1i, ti\u1ec7n nghi v\u00e0 kh\u00f4ng gian th\u01b0 gi\u00e3n tuy\u1ec7t \u0111\u1ed1i<\/strong> t\u1ea1i <strong data-start=\"1816\" data-end=\"1845\">Riverside Qu\u1ea3ng Y\u00ean Hotel<\/strong>.<\/p>\n<p data-start=\"1642\" data-end=\"1846\" data-is-last-node=\"\" data-is-only-node=\"\">V\u1edbi kh\u00f4ng gian r\u1ed9ng r\u00e3i tho\u00e1ng m\u00e1t, n\u01a1i l\u00fd t\u01b0\u1edfng \u0111\u1ec3 m\u1ecdi ng\u01b0\u1eddi tr\u1ea3i nghi\u1ec7m, tham quan t\u1ea5t c\u1ea3 m\u1ecdi th\u1ee9, c\u00f3 th\u1ec3 l\u00e0m ch\u00fang ta c\u1ea3m th\u1ea5y r\u1ea5t h\u1ea1nh ph\u00fac v\u1edbi nh\u1eefng cung b\u1eadc c\u1ea3m x\u00fac th\u0103ng hoa<\/p>","protected":false},"excerpt":{"rendered":"<p>V\u1edbi di\u1ec7n t\u00edch 42m2 &#8211; Kh\u00f4ng gian c\u1ee7a ph\u00f2ng \u0111\u01b0\u1ee3c thi\u1ebft k\u1ebf \u1ea5n t\u01b0\u1ee3ng b\u1edfi m\u00e0u s\u1eafc \u1ea5m \u00e1p, h\u00e0i h\u00f2a v\u1edbi quang c\u1ea3nh th\u00e0nh ph\u1ed1 \u00eam \u0111\u1ec1m, n\u1ed9i th\u1ea5t g\u1ed7 sang tr\u1ecdng,\u0111\u1ea7y \u0111\u1ee7 ti\u1ec7n nghi, ph\u00f2ng Deluxe c\u00f3 ban c\u00f4ng view s\u00f4ng v\u1edbi gi\u01b0\u1eddng c\u1ee1 King \u0111\u01b0\u1ee3c thi\u1ebft k\u1ebf \u0111\u1ec3 ph\u00f9 h\u1ee3p v\u1edbi s\u1edf th\u00edch c\u1ee7a du kh\u00e1ch gia \u0111\u00ecnh v\u00e0 c\u00f4ng t\u00e1c t\u1ea1i trung t\u00e2m th\u00e0nh ph\u1ed1.<\/p>","protected":false},"featured_media":686,"comment_status":"open","ping_status":"closed","template":"","meta":{"_acf_changed":false},"product_cat":[22],"product_tag":[],"class_list":{"0":"post-608","1":"product","2":"type-product","3":"status-publish","4":"has-post-thumbnail","6":"product_cat-phong-ngu","8":"first","9":"instock","10":"virtual","11":"purchasable","12":"product-type-simple"},"acf":[],"yoast_head":"<!-- This site is optimized with the Yoast SEO plugin v23.2 - https:\/\/yoast.com\/wordpress\/plugins\/seo\/ -->\n<title>PH\u00d2NG DELUXE GI\u01af\u1edcNG KING \u2013 BAN C\u00d4NG &amp; VIEW S\u00d4NG - riversidequangyenhotel.com<\/title>\n<meta name=\"description\" content=\"T\u1eadn h\u01b0\u1edfng kh\u00f4ng gian ngh\u1ec9 d\u01b0\u1ee1ng \u0111\u1eb3ng c\u1ea5p t\u1ea1i ph\u00f2ng Deluxe gi\u01b0\u1eddng King c\u1ee7a Riverside Qu\u1ea3ng Y\u00ean Hotel \u2013 n\u01a1i mang \u0111\u1ebfn s\u1ef1 tho\u1ea3i m\u00e1i, ti\u1ec7n nghi v\u00e0 t\u1ea7m nh\u00ecn tuy\u1ec7t \u0111\u1eb9p ra s\u00f4ng Chanh th\u01a1 m\u1ed9ng.\" \/>\n<meta name=\"robots\" content=\"index, follow, max-snippet:-1, max-image-preview:large, max-video-preview:-1\" \/>\n<link rel=\"canonical\" href=\"https:\/\/riversidequangyenhotel.com\/en\/room\/phong-deluxe-king-view-song\/\" \/>\n<meta property=\"og:locale\" content=\"en_US\" \/>\n<meta property=\"og:type\" content=\"article\" \/>\n<meta property=\"og:title\" content=\"PH\u00d2NG DELUXE GI\u01af\u1edcNG KING \u2013 BAN C\u00d4NG &amp; VIEW S\u00d4NG - riversidequangyenhotel.com\" \/>\n<meta property=\"og:description\" content=\"T\u1eadn h\u01b0\u1edfng kh\u00f4ng gian ngh\u1ec9 d\u01b0\u1ee1ng \u0111\u1eb3ng c\u1ea5p t\u1ea1i ph\u00f2ng Deluxe gi\u01b0\u1eddng King c\u1ee7a Riverside Qu\u1ea3ng Y\u00ean Hotel \u2013 n\u01a1i mang \u0111\u1ebfn s\u1ef1 tho\u1ea3i m\u00e1i, ti\u1ec7n nghi v\u00e0 t\u1ea7m nh\u00ecn tuy\u1ec7t \u0111\u1eb9p ra s\u00f4ng Chanh th\u01a1 m\u1ed9ng.\" \/>\n<meta property=\"og:url\" content=\"https:\/\/riversidequangyenhotel.com\/en\/room\/phong-deluxe-king-view-song\/\" \/>\n<meta property=\"og:site_name\" content=\"riversidequangyenhotel.com\" \/>\n<meta property=\"article:modified_time\" content=\"2025-03-16T07:46:48+00:00\" \/>\n<meta property=\"og:image\" content=\"https:\/\/riversidequangyenhotel.com\/wp-content\/uploads\/2025\/03\/GSD_1005-scaled.jpg\" \/>\n\t<meta property=\"og:image:width\" content=\"2560\" \/>\n\t<meta property=\"og:image:height\" content=\"1704\" \/>\n\t<meta property=\"og:image:type\" content=\"image\/jpeg\" \/>\n<meta name=\"twitter:card\" content=\"summary_large_image\" \/>\n<meta name=\"twitter:label1\" content=\"Est. reading time\" \/>\n\t<meta name=\"twitter:data1\" content=\"3 minutes\" \/>\n<script type=\"application\/ld+json\" class=\"yoast-schema-graph\">{\"@context\":\"https:\/\/schema.org\",\"@graph\":[{\"@type\":\"WebPage\",\"@id\":\"https:\/\/riversidequangyenhotel.com\/room\/phong-deluxe-king-view-song\/\",\"url\":\"https:\/\/riversidequangyenhotel.com\/room\/phong-deluxe-king-view-song\/\",\"name\":\"PH\u00d2NG DELUXE GI\u01af\u1edcNG KING \u2013 BAN C\u00d4NG & VIEW S\u00d4NG - riversidequangyenhotel.com\",\"isPartOf\":{\"@id\":\"https:\/\/riversidequangyenhotel.com\/#website\"},\"primaryImageOfPage\":{\"@id\":\"https:\/\/riversidequangyenhotel.com\/room\/phong-deluxe-king-view-song\/#primaryimage\"},\"image\":{\"@id\":\"https:\/\/riversidequangyenhotel.com\/room\/phong-deluxe-king-view-song\/#primaryimage\"},\"thumbnailUrl\":\"https:\/\/riversidequangyenhotel.com\/wp-content\/uploads\/2025\/03\/GSD_1005-scaled.jpg\",\"datePublished\":\"2025-01-05T08:09:01+00:00\",\"dateModified\":\"2025-03-16T07:46:48+00:00\",\"description\":\"T\u1eadn h\u01b0\u1edfng kh\u00f4ng gian ngh\u1ec9 d\u01b0\u1ee1ng \u0111\u1eb3ng c\u1ea5p t\u1ea1i ph\u00f2ng Deluxe gi\u01b0\u1eddng King c\u1ee7a Riverside Qu\u1ea3ng Y\u00ean Hotel \u2013 n\u01a1i mang \u0111\u1ebfn s\u1ef1 tho\u1ea3i m\u00e1i, ti\u1ec7n nghi v\u00e0 t\u1ea7m nh\u00ecn tuy\u1ec7t \u0111\u1eb9p ra s\u00f4ng Chanh th\u01a1 m\u1ed9ng.\",\"breadcrumb\":{\"@id\":\"https:\/\/riversidequangyenhotel.com\/room\/phong-deluxe-king-view-song\/#breadcrumb\"},\"inLanguage\":\"en-US\",\"potentialAction\":[{\"@type\":\"ReadAction\",\"target\":[\"https:\/\/riversidequangyenhotel.com\/room\/phong-deluxe-king-view-song\/\"]}]},{\"@type\":\"ImageObject\",\"inLanguage\":\"en-US\",\"@id\":\"https:\/\/riversidequangyenhotel.com\/room\/phong-deluxe-king-view-song\/#primaryimage\",\"url\":\"https:\/\/riversidequangyenhotel.com\/wp-content\/uploads\/2025\/03\/GSD_1005-scaled.jpg\",\"contentUrl\":\"https:\/\/riversidequangyenhotel.com\/wp-content\/uploads\/2025\/03\/GSD_1005-scaled.jpg\",\"width\":2560,\"height\":1704},{\"@type\":\"BreadcrumbList\",\"@id\":\"https:\/\/riversidequangyenhotel.com\/room\/phong-deluxe-king-view-song\/#breadcrumb\",\"itemListElement\":[{\"@type\":\"ListItem\",\"position\":1,\"name\":\"Trang ch\u1ee7\",\"item\":\"https:\/\/riversidequangyenhotel.com\/\"},{\"@type\":\"ListItem\",\"position\":2,\"name\":\"C\u00e1c ph\u00f2ng\",\"item\":\"https:\/\/riversidequangyenhotel.com\/phong\/\"},{\"@type\":\"ListItem\",\"position\":3,\"name\":\"PH\u00d2NG DELUXE GI\u01af\u1edcNG KING \u2013 BAN C\u00d4NG &#038; VIEW S\u00d4NG\"}]},{\"@type\":\"WebSite\",\"@id\":\"https:\/\/riversidequangyenhotel.com\/#website\",\"url\":\"https:\/\/riversidequangyenhotel.com\/\",\"name\":\"riversidequangyenhotel.com\",\"description\":\"Kh\u00e1ch s\u1ea1n 3 sao b\u00ean b\u1edd s\u00f4ng Chanh\",\"potentialAction\":[{\"@type\":\"SearchAction\",\"target\":{\"@type\":\"EntryPoint\",\"urlTemplate\":\"https:\/\/riversidequangyenhotel.com\/?s={search_term_string}\"},\"query-input\":\"required name=search_term_string\"}],\"inLanguage\":\"en-US\"}]}<\/script>\n<!-- \/ Yoast SEO plugin. -->","yoast_head_json":{"title":"PH\u00d2NG DELUXE GI\u01af\u1edcNG KING \u2013 BAN C\u00d4NG & VIEW S\u00d4NG - riversidequangyenhotel.com","description":"T\u1eadn h\u01b0\u1edfng kh\u00f4ng gian ngh\u1ec9 d\u01b0\u1ee1ng \u0111\u1eb3ng c\u1ea5p t\u1ea1i ph\u00f2ng Deluxe gi\u01b0\u1eddng King c\u1ee7a Riverside Qu\u1ea3ng Y\u00ean Hotel \u2013 n\u01a1i mang \u0111\u1ebfn s\u1ef1 tho\u1ea3i m\u00e1i, ti\u1ec7n nghi v\u00e0 t\u1ea7m nh\u00ecn tuy\u1ec7t \u0111\u1eb9p ra s\u00f4ng Chanh th\u01a1 m\u1ed9ng.","robots":{"index":"index","follow":"follow","max-snippet":"max-snippet:-1","max-image-preview":"max-image-preview:large","max-video-preview":"max-video-preview:-1"},"canonical":"https:\/\/riversidequangyenhotel.com\/en\/room\/phong-deluxe-king-view-song\/","og_locale":"en_US","og_type":"article","og_title":"PH\u00d2NG DELUXE GI\u01af\u1edcNG KING \u2013 BAN C\u00d4NG & VIEW S\u00d4NG - riversidequangyenhotel.com","og_description":"T\u1eadn h\u01b0\u1edfng kh\u00f4ng gian ngh\u1ec9 d\u01b0\u1ee1ng \u0111\u1eb3ng c\u1ea5p t\u1ea1i ph\u00f2ng Deluxe gi\u01b0\u1eddng King c\u1ee7a Riverside Qu\u1ea3ng Y\u00ean Hotel \u2013 n\u01a1i mang \u0111\u1ebfn s\u1ef1 tho\u1ea3i m\u00e1i, ti\u1ec7n nghi v\u00e0 t\u1ea7m nh\u00ecn tuy\u1ec7t \u0111\u1eb9p ra s\u00f4ng Chanh th\u01a1 m\u1ed9ng.","og_url":"https:\/\/riversidequangyenhotel.com\/en\/room\/phong-deluxe-king-view-song\/","og_site_name":"riversidequangyenhotel.com","article_modified_time":"2025-03-16T07:46:48+00:00","og_image":[{"width":2560,"height":1704,"url":"https:\/\/riversidequangyenhotel.com\/wp-content\/uploads\/2025\/03\/GSD_1005-scaled.jpg","type":"image\/jpeg"}],"twitter_card":"summary_large_image","twitter_misc":{"Est. reading time":"3 minutes"},"schema":{"@context":"https:\/\/schema.org","@graph":[{"@type":"WebPage","@id":"https:\/\/riversidequangyenhotel.com\/room\/phong-deluxe-king-view-song\/","url":"https:\/\/riversidequangyenhotel.com\/room\/phong-deluxe-king-view-song\/","name":"PH\u00d2NG DELUXE GI\u01af\u1edcNG KING \u2013 BAN C\u00d4NG & VIEW S\u00d4NG - riversidequangyenhotel.com","isPartOf":{"@id":"https:\/\/riversidequangyenhotel.com\/#website"},"primaryImageOfPage":{"@id":"https:\/\/riversidequangyenhotel.com\/room\/phong-deluxe-king-view-song\/#primaryimage"},"image":{"@id":"https:\/\/riversidequangyenhotel.com\/room\/phong-deluxe-king-view-song\/#primaryimage"},"thumbnailUrl":"https:\/\/riversidequangyenhotel.com\/wp-content\/uploads\/2025\/03\/GSD_1005-scaled.jpg","datePublished":"2025-01-05T08:09:01+00:00","dateModified":"2025-03-16T07:46:48+00:00","description":"T\u1eadn h\u01b0\u1edfng kh\u00f4ng gian ngh\u1ec9 d\u01b0\u1ee1ng \u0111\u1eb3ng c\u1ea5p t\u1ea1i ph\u00f2ng Deluxe gi\u01b0\u1eddng King c\u1ee7a Riverside Qu\u1ea3ng Y\u00ean Hotel \u2013 n\u01a1i mang \u0111\u1ebfn s\u1ef1 tho\u1ea3i m\u00e1i, ti\u1ec7n nghi v\u00e0 t\u1ea7m nh\u00ecn tuy\u1ec7t \u0111\u1eb9p ra s\u00f4ng Chanh th\u01a1 m\u1ed9ng.","breadcrumb":{"@id":"https:\/\/riversidequangyenhotel.com\/room\/phong-deluxe-king-view-song\/#breadcrumb"},"inLanguage":"en-US","potentialAction":[{"@type":"ReadAction","target":["https:\/\/riversidequangyenhotel.com\/room\/phong-deluxe-king-view-song\/"]}]},{"@type":"ImageObject","inLanguage":"en-US","@id":"https:\/\/riversidequangyenhotel.com\/room\/phong-deluxe-king-view-song\/#primaryimage","url":"https:\/\/riversidequangyenhotel.com\/wp-content\/uploads\/2025\/03\/GSD_1005-scaled.jpg","contentUrl":"https:\/\/riversidequangyenhotel.com\/wp-content\/uploads\/2025\/03\/GSD_1005-scaled.jpg","width":2560,"height":1704},{"@type":"BreadcrumbList","@id":"https:\/\/riversidequangyenhotel.com\/room\/phong-deluxe-king-view-song\/#breadcrumb","itemListElement":[{"@type":"ListItem","position":1,"name":"Trang ch\u1ee7","item":"https:\/\/riversidequangyenhotel.com\/"},{"@type":"ListItem","position":2,"name":"C\u00e1c ph\u00f2ng","item":"https:\/\/riversidequangyenhotel.com\/phong\/"},{"@type":"ListItem","position":3,"name":"PH\u00d2NG DELUXE GI\u01af\u1edcNG KING \u2013 BAN C\u00d4NG &#038; VIEW S\u00d4NG"}]},{"@type":"WebSite","@id":"https:\/\/riversidequangyenhotel.com\/#website","url":"https:\/\/riversidequangyenhotel.com\/","name":"riversidequangyenhotel.com","description":"Kh\u00e1ch s\u1ea1n 3 sao b\u00ean b\u1edd s\u00f4ng Chanh","potentialAction":[{"@type":"SearchAction","target":{"@type":"EntryPoint","urlTemplate":"https:\/\/riversidequangyenhotel.com\/?s={search_term_string}"},"query-input":"required name=search_term_string"}],"inLanguage":"en-US"}]}},"_links":{"self":[{"href":"https:\/\/riversidequangyenhotel.com\/en\/wp-json\/wp\/v2\/product\/608"}],"collection":[{"href":"https:\/\/riversidequangyenhotel.com\/en\/wp-json\/wp\/v2\/product"}],"about":[{"href":"https:\/\/riversidequangyenhotel.com\/en\/wp-json\/wp\/v2\/types\/product"}],"replies":[{"embeddable":true,"href":"https:\/\/riversidequangyenhotel.com\/en\/wp-json\/wp\/v2\/comments?post=608"}],"wp:featuredmedia":[{"embeddable":true,"href":"https:\/\/riversidequangyenhotel.com\/en\/wp-json\/wp\/v2\/media\/686"}],"wp:attachment":[{"href":"https:\/\/riversidequangyenhotel.com\/en\/wp-json\/wp\/v2\/media?parent=608"}],"wp:term":[{"taxonomy":"product_cat","embeddable":true,"href":"https:\/\/riversidequangyenhotel.com\/en\/wp-json\/wp\/v2\/product_cat?post=608"},{"taxonomy":"product_tag","embeddable":true,"href":"https:\/\/riversidequangyenhotel.com\/en\/wp-json\/wp\/v2\/product_tag?post=608"}],"curies":[{"name":"wp","href":"https:\/\/api.w.org\/{rel}","templated":true}]}}