{"id":606,"date":"2020-12-05T15:07:42","date_gmt":"2020-12-05T08:07:42","guid":{"rendered":"http:\/\/riversidequangyenhotel.com\/?post_type=product&#038;p=606"},"modified":"2025-03-17T00:56:32","modified_gmt":"2025-03-16T17:56:32","slug":"deluxe-twins-river-view","status":"publish","type":"product","link":"https:\/\/riversidequangyenhotel.com\/en\/room\/deluxe-twins-river-view\/","title":{"rendered":"PH\u00d2NG DELUXE 2 GI\u01af\u1edcNG \u2013 VIEW S\u00d4NG CHANH"},"content":{"rendered":"<p data-start=\"49\" data-end=\"294\">PH\u00d2NG DELUXE 2 GI\u01af\u1edcNG \u2013 VIEW S\u00d4NG CHANH<\/p>\n<p data-start=\"49\" data-end=\"294\">T\u1ea1i <strong data-start=\"53\" data-end=\"82\">Riverside Qu\u1ea3ng Y\u00ean Hotel<\/strong>, <strong data-start=\"84\" data-end=\"109\">ph\u00f2ng Deluxe 2 gi\u01b0\u1eddng<\/strong> mang \u0111\u1ebfn kh\u00f4ng gian ngh\u1ec9 d\u01b0\u1ee1ng sang tr\u1ecdng, hi\u1ec7n \u0111\u1ea1i v\u1edbi <strong data-start=\"166\" data-end=\"188\">c\u1eeda s\u1ed5 r\u1ed9ng tho\u00e1ng<\/strong> v\u00e0 <strong data-start=\"192\" data-end=\"228\">t\u1ea7m nh\u00ecn tuy\u1ec7t \u0111\u1eb9p ra s\u00f4ng Chanh<\/strong>, t\u1ea1o \u0111i\u1ec1u ki\u1ec7n l\u00fd t\u01b0\u1edfng \u0111\u1ec3 th\u01b0 gi\u00e3n v\u00e0 t\u1eadn h\u01b0\u1edfng v\u1ebb \u0111\u1eb9p t\u1ef1 nhi\u00ean.<\/p>\n<h4 data-start=\"296\" data-end=\"344\"><strong data-start=\"301\" data-end=\"342\">1. Kh\u00f4ng gian sang tr\u1ecdng, tho\u00e1ng \u0111\u00e3ng<\/strong><\/h4>\n<p data-start=\"345\" data-end=\"572\">Ph\u00f2ng Deluxe 2 gi\u01b0\u1eddng \u0111\u01b0\u1ee3c thi\u1ebft k\u1ebf tinh t\u1ebf v\u1edbi <strong data-start=\"393\" data-end=\"407\">c\u1eeda s\u1ed5 l\u1edbn<\/strong>, \u0111\u00f3n \u00e1nh s\u00e1ng t\u1ef1 nhi\u00ean v\u00e0 m\u1edf r\u1ed9ng t\u1ea7m nh\u00ecn ra <strong data-start=\"454\" data-end=\"468\">s\u00f4ng Chanh<\/strong> th\u01a1 m\u1ed9ng. Kh\u00f4ng gian trong ph\u00f2ng r\u1ed9ng r\u00e3i, tho\u1ea3i m\u00e1i, \u0111em l\u1ea1i c\u1ea3m gi\u00e1c th\u01b0 gi\u00e3n tuy\u1ec7t \u0111\u1ed1i cho du kh\u00e1ch.<\/p>\n<h4 data-start=\"574\" data-end=\"622\"><strong data-start=\"579\" data-end=\"620\">2. Gi\u01b0\u1eddng \u0111\u00f4i cao c\u1ea5p, gi\u1ea5c ng\u1ee7 \u00eam \u00e1i<\/strong><\/h4>\n<p data-start=\"623\" data-end=\"816\">Ph\u00f2ng \u0111\u01b0\u1ee3c trang b\u1ecb <strong data-start=\"643\" data-end=\"659\">2 gi\u01b0\u1eddng \u0111\u00f4i<\/strong> v\u1edbi <strong data-start=\"664\" data-end=\"679\">n\u1ec7m cao c\u1ea5p<\/strong>, gi\u00fap mang \u0111\u1ebfn gi\u1ea5c ng\u1ee7 \u00eam \u00e1i v\u00e0 th\u01b0 th\u00e1i. \u0110\u00e2y l\u00e0 l\u1ef1a ch\u1ecdn l\u00fd t\u01b0\u1edfng cho gia \u0111\u00ecnh ho\u1eb7c nh\u00f3m b\u1ea1n, \u0111\u1ea3m b\u1ea3o s\u1ef1 tho\u1ea3i m\u00e1i trong su\u1ed1t k\u1ef3 ngh\u1ec9.<\/p>\n<h4 data-start=\"818\" data-end=\"858\"><strong data-start=\"823\" data-end=\"856\">3. Ti\u1ec7n nghi hi\u1ec7n \u0111\u1ea1i, \u0111\u1ea7y \u0111\u1ee7<\/strong><\/h4>\n<p data-start=\"859\" data-end=\"930\">Ph\u00f2ng Deluxe \u0111\u01b0\u1ee3c trang b\u1ecb \u0111\u1ea7y \u0111\u1ee7 c\u00e1c <strong data-start=\"897\" data-end=\"918\">ti\u1ec7n nghi cao c\u1ea5p<\/strong>, bao g\u1ed3m:<\/p>\n<ul data-start=\"931\" data-end=\"1268\">\n<li data-start=\"931\" data-end=\"984\"><strong data-start=\"933\" data-end=\"956\">Tivi m\u00e0n h\u00ecnh ph\u1eb3ng<\/strong>, ph\u1ee5c v\u1ee5 gi\u1ea3i tr\u00ed \u0111a d\u1ea1ng<\/li>\n<li data-start=\"985\" data-end=\"1036\"><strong data-start=\"987\" data-end=\"1003\">T\u1ee7 l\u1ea1nh mini<\/strong> \u0111\u1ec3 b\u1ea3o qu\u1ea3n th\u1ee9c \u0103n v\u00e0 \u0111\u1ed3 u\u1ed1ng<\/li>\n<li data-start=\"1037\" data-end=\"1092\"><strong data-start=\"1039\" data-end=\"1064\">B\u00e0n l\u00e0m vi\u1ec7c r\u1ed9ng r\u00e3i<\/strong>, thu\u1eadn ti\u1ec7n cho c\u00f4ng vi\u1ec7c<\/li>\n<li data-start=\"1093\" data-end=\"1163\"><strong data-start=\"1095\" data-end=\"1117\">B\u00e0n tr\u00e0 sang tr\u1ecdng<\/strong>, l\u00e0 n\u01a1i l\u00fd t\u01b0\u1edfng \u0111\u1ec3 th\u01b0\u1edfng th\u1ee9c tr\u00e0, c\u00e0 ph\u00ea<\/li>\n<li data-start=\"1164\" data-end=\"1268\"><strong data-start=\"1166\" data-end=\"1188\">\u0110i\u1ec1u h\u00f2a kh\u00f4ng kh\u00ed<\/strong>, <strong data-start=\"1190\" data-end=\"1210\">Wi-Fi t\u1ed1c \u0111\u1ed9 cao<\/strong>, <strong data-start=\"1212\" data-end=\"1227\">m\u00e1y s\u1ea5y t\u00f3c<\/strong>, <strong data-start=\"1229\" data-end=\"1244\">\u1ea5m \u0111un n\u01b0\u1edbc<\/strong>, v\u00e0 nhi\u1ec1u ti\u1ec7n \u00edch kh\u00e1c<\/li>\n<\/ul>\n<h4 data-start=\"1270\" data-end=\"1312\"><strong data-start=\"1275\" data-end=\"1310\">4. T\u1ea7m nh\u00ecn s\u00f4ng Chanh th\u01b0 gi\u00e3n<\/strong><\/h4>\n<p data-start=\"1313\" data-end=\"1474\">T\u1eeb c\u1eeda s\u1ed5 ph\u00f2ng, du kh\u00e1ch c\u00f3 th\u1ec3 chi\u00eam ng\u01b0\u1ee1ng v\u1ebb \u0111\u1eb9p c\u1ee7a <strong data-start=\"1370\" data-end=\"1384\">s\u00f4ng Chanh<\/strong> y\u00ean b\u00ecnh, t\u1ea1o n\u00ean kh\u00f4ng gian ngh\u1ec9 ng\u01a1i l\u00fd t\u01b0\u1edfng, gi\u00fap b\u1ea1n th\u01b0 gi\u00e3n v\u00e0 t\u00e1i t\u1ea1o n\u0103ng l\u01b0\u1ee3ng.<\/p>\n<h4 data-start=\"1476\" data-end=\"1520\"><strong data-start=\"1481\" data-end=\"1518\">5. D\u1ecbch v\u1ee5 chu \u0111\u00e1o, chuy\u00ean nghi\u1ec7p<\/strong><\/h4>\n<p data-start=\"1521\" data-end=\"1666\">Kh\u00e1ch l\u01b0u tr\u00fa t\u1ea1i ph\u00f2ng Deluxe 2 gi\u01b0\u1eddng s\u1ebd \u0111\u01b0\u1ee3c h\u01b0\u1edfng <strong data-start=\"1575\" data-end=\"1605\">d\u1ecbch v\u1ee5 ph\u00f2ng chu \u0111\u00e1o 24\/7<\/strong>, \u0111\u1ea3m b\u1ea3o m\u1ecdi nhu c\u1ea7u \u0111\u01b0\u1ee3c \u0111\u00e1p \u1ee9ng k\u1ecbp th\u1eddi v\u00e0 chuy\u00ean nghi\u1ec7p.<\/p>\n<p data-start=\"1668\" data-end=\"1854\" data-is-last-node=\"\" data-is-only-node=\"\">\ud83c\udf3f <strong data-start=\"1671\" data-end=\"1714\">Ph\u00f2ng Deluxe 2 Gi\u01b0\u1eddng \u2013 View S\u00f4ng Chanh<\/strong> l\u00e0 l\u1ef1a ch\u1ecdn l\u00fd t\u01b0\u1edfng cho nh\u1eefng ai t\u00ecm ki\u1ebfm s\u1ef1 <strong data-start=\"1761\" data-end=\"1819\">tho\u1ea3i m\u00e1i, sang tr\u1ecdng v\u00e0 kh\u00f4ng gian th\u01b0 gi\u00e3n tuy\u1ec7t v\u1eddi<\/strong> t\u1ea1i <strong data-start=\"1824\" data-end=\"1853\">Riverside Qu\u1ea3ng Y\u00ean Hotel<\/strong>.<\/p>","protected":false},"excerpt":{"rendered":"<p>V\u1edbi di\u1ec7n t\u00edch 45m2 v\u00e0 2 gi\u01b0\u1eddng r\u1ed9ng, kh\u00f4ng gian c\u1ee7a ph\u00f2ng \u0111\u01b0\u1ee3c thi\u1ebft k\u1ebf \u1ea5n t\u01b0\u1ee3ng b\u1edfi m\u00e0u s\u1eafc \u1ea5m \u00e1p, h\u00e0i h\u00f2a v\u1edbi quang c\u1ea3nh th\u00e0nh ph\u1ed1 \u00eam \u0111\u1ec1m, n\u1ed9i th\u1ea5t g\u1ed7 sang tr\u1ecdng,\u0111\u1ea7y \u0111\u1ee7 ti\u1ec7n nghi, PH\u00d2NG DELUXE 2 GI\u01af\u1edcNG \u2013 VIEW S\u00d4NG CHANH \u0111\u01b0\u1ee3c thi\u1ebft k\u1ebf \u0111\u1ec3 ph\u00f9 h\u1ee3p v\u1edbi s\u1edf th\u00edch c\u1ee7a du kh\u00e1ch gia \u0111\u00ecnh v\u00e0 c\u00f4ng t\u00e1c t\u1ea1i trung t\u00e2m th\u00e0nh ph\u1ed1.<\/p>","protected":false},"featured_media":720,"comment_status":"open","ping_status":"closed","template":"","meta":{"_acf_changed":false},"product_cat":[22],"product_tag":[],"class_list":{"0":"post-606","1":"product","2":"type-product","3":"status-publish","4":"has-post-thumbnail","6":"product_cat-phong-ngu","8":"first","9":"instock","10":"virtual","11":"purchasable","12":"product-type-simple"},"acf":[],"yoast_head":"<!-- This site is optimized with the Yoast SEO plugin v23.2 - https:\/\/yoast.com\/wordpress\/plugins\/seo\/ -->\n<title>PH\u00d2NG DELUXE 2 GI\u01af\u1edcNG \u2013 VIEW S\u00d4NG CHANH - riversidequangyenhotel.com<\/title>\n<meta name=\"description\" content=\"T\u1ea1i Riverside Qu\u1ea3ng Y\u00ean Hotel, ph\u00f2ng Deluxe 2 gi\u01b0\u1eddng mang \u0111\u1ebfn kh\u00f4ng gian ngh\u1ec9 d\u01b0\u1ee1ng sang tr\u1ecdng, hi\u1ec7n \u0111\u1ea1i v\u1edbi c\u1eeda s\u1ed5 r\u1ed9ng tho\u00e1ng v\u00e0 t\u1ea7m nh\u00ecn tuy\u1ec7t \u0111\u1eb9p ra s\u00f4ng Chanh, t\u1ea1o \u0111i\u1ec1u ki\u1ec7n l\u00fd t\u01b0\u1edfng \u0111\u1ec3 th\u01b0 gi\u00e3n v\u00e0 t\u1eadn h\u01b0\u1edfng v\u1ebb \u0111\u1eb9p t\u1ef1 nhi\u00ean\" \/>\n<meta name=\"robots\" content=\"index, follow, max-snippet:-1, max-image-preview:large, max-video-preview:-1\" \/>\n<link rel=\"canonical\" href=\"https:\/\/riversidequangyenhotel.com\/en\/room\/deluxe-twins-river-view\/\" \/>\n<meta property=\"og:locale\" content=\"en_US\" \/>\n<meta property=\"og:type\" content=\"article\" \/>\n<meta property=\"og:title\" content=\"PH\u00d2NG DELUXE 2 GI\u01af\u1edcNG \u2013 VIEW S\u00d4NG CHANH - riversidequangyenhotel.com\" \/>\n<meta property=\"og:description\" content=\"T\u1ea1i Riverside Qu\u1ea3ng Y\u00ean Hotel, ph\u00f2ng Deluxe 2 gi\u01b0\u1eddng mang \u0111\u1ebfn kh\u00f4ng gian ngh\u1ec9 d\u01b0\u1ee1ng sang tr\u1ecdng, hi\u1ec7n \u0111\u1ea1i v\u1edbi c\u1eeda s\u1ed5 r\u1ed9ng tho\u00e1ng v\u00e0 t\u1ea7m nh\u00ecn tuy\u1ec7t \u0111\u1eb9p ra s\u00f4ng Chanh, t\u1ea1o \u0111i\u1ec1u ki\u1ec7n l\u00fd t\u01b0\u1edfng \u0111\u1ec3 th\u01b0 gi\u00e3n v\u00e0 t\u1eadn h\u01b0\u1edfng v\u1ebb \u0111\u1eb9p t\u1ef1 nhi\u00ean\" \/>\n<meta property=\"og:url\" content=\"https:\/\/riversidequangyenhotel.com\/en\/room\/deluxe-twins-river-view\/\" \/>\n<meta property=\"og:site_name\" content=\"riversidequangyenhotel.com\" \/>\n<meta property=\"article:modified_time\" content=\"2025-03-16T17:56:32+00:00\" \/>\n<meta property=\"og:image\" content=\"https:\/\/riversidequangyenhotel.com\/wp-content\/uploads\/2025\/01\/GSD_0658-scaled.jpg\" \/>\n\t<meta property=\"og:image:width\" content=\"2560\" \/>\n\t<meta property=\"og:image:height\" content=\"1703\" \/>\n\t<meta property=\"og:image:type\" content=\"image\/jpeg\" \/>\n<meta name=\"twitter:card\" content=\"summary_large_image\" \/>\n<meta name=\"twitter:label1\" content=\"Est. reading time\" \/>\n\t<meta name=\"twitter:data1\" content=\"3 minutes\" \/>\n<script type=\"application\/ld+json\" class=\"yoast-schema-graph\">{\"@context\":\"https:\/\/schema.org\",\"@graph\":[{\"@type\":\"WebPage\",\"@id\":\"https:\/\/riversidequangyenhotel.com\/room\/deluxe-twins-river-view\/\",\"url\":\"https:\/\/riversidequangyenhotel.com\/room\/deluxe-twins-river-view\/\",\"name\":\"PH\u00d2NG DELUXE 2 GI\u01af\u1edcNG \u2013 VIEW S\u00d4NG CHANH - riversidequangyenhotel.com\",\"isPartOf\":{\"@id\":\"https:\/\/riversidequangyenhotel.com\/#website\"},\"primaryImageOfPage\":{\"@id\":\"https:\/\/riversidequangyenhotel.com\/room\/deluxe-twins-river-view\/#primaryimage\"},\"image\":{\"@id\":\"https:\/\/riversidequangyenhotel.com\/room\/deluxe-twins-river-view\/#primaryimage\"},\"thumbnailUrl\":\"https:\/\/riversidequangyenhotel.com\/wp-content\/uploads\/2025\/01\/GSD_0658-scaled.jpg\",\"datePublished\":\"2020-12-05T08:07:42+00:00\",\"dateModified\":\"2025-03-16T17:56:32+00:00\",\"description\":\"T\u1ea1i Riverside Qu\u1ea3ng Y\u00ean Hotel, ph\u00f2ng Deluxe 2 gi\u01b0\u1eddng mang \u0111\u1ebfn kh\u00f4ng gian ngh\u1ec9 d\u01b0\u1ee1ng sang tr\u1ecdng, hi\u1ec7n \u0111\u1ea1i v\u1edbi c\u1eeda s\u1ed5 r\u1ed9ng tho\u00e1ng v\u00e0 t\u1ea7m nh\u00ecn tuy\u1ec7t \u0111\u1eb9p ra s\u00f4ng Chanh, t\u1ea1o \u0111i\u1ec1u ki\u1ec7n l\u00fd t\u01b0\u1edfng \u0111\u1ec3 th\u01b0 gi\u00e3n v\u00e0 t\u1eadn h\u01b0\u1edfng v\u1ebb \u0111\u1eb9p t\u1ef1 nhi\u00ean\",\"breadcrumb\":{\"@id\":\"https:\/\/riversidequangyenhotel.com\/room\/deluxe-twins-river-view\/#breadcrumb\"},\"inLanguage\":\"en-US\",\"potentialAction\":[{\"@type\":\"ReadAction\",\"target\":[\"https:\/\/riversidequangyenhotel.com\/room\/deluxe-twins-river-view\/\"]}]},{\"@type\":\"ImageObject\",\"inLanguage\":\"en-US\",\"@id\":\"https:\/\/riversidequangyenhotel.com\/room\/deluxe-twins-river-view\/#primaryimage\",\"url\":\"https:\/\/riversidequangyenhotel.com\/wp-content\/uploads\/2025\/01\/GSD_0658-scaled.jpg\",\"contentUrl\":\"https:\/\/riversidequangyenhotel.com\/wp-content\/uploads\/2025\/01\/GSD_0658-scaled.jpg\",\"width\":2560,\"height\":1703},{\"@type\":\"BreadcrumbList\",\"@id\":\"https:\/\/riversidequangyenhotel.com\/room\/deluxe-twins-river-view\/#breadcrumb\",\"itemListElement\":[{\"@type\":\"ListItem\",\"position\":1,\"name\":\"Trang ch\u1ee7\",\"item\":\"https:\/\/riversidequangyenhotel.com\/\"},{\"@type\":\"ListItem\",\"position\":2,\"name\":\"C\u00e1c ph\u00f2ng\",\"item\":\"https:\/\/riversidequangyenhotel.com\/phong\/\"},{\"@type\":\"ListItem\",\"position\":3,\"name\":\"PH\u00d2NG DELUXE 2 GI\u01af\u1edcNG \u2013 VIEW S\u00d4NG CHANH\"}]},{\"@type\":\"WebSite\",\"@id\":\"https:\/\/riversidequangyenhotel.com\/#website\",\"url\":\"https:\/\/riversidequangyenhotel.com\/\",\"name\":\"riversidequangyenhotel.com\",\"description\":\"Kh\u00e1ch s\u1ea1n 3 sao b\u00ean b\u1edd s\u00f4ng Chanh\",\"potentialAction\":[{\"@type\":\"SearchAction\",\"target\":{\"@type\":\"EntryPoint\",\"urlTemplate\":\"https:\/\/riversidequangyenhotel.com\/?s={search_term_string}\"},\"query-input\":\"required name=search_term_string\"}],\"inLanguage\":\"en-US\"}]}<\/script>\n<!-- \/ Yoast SEO plugin. -->","yoast_head_json":{"title":"PH\u00d2NG DELUXE 2 GI\u01af\u1edcNG \u2013 VIEW S\u00d4NG CHANH - riversidequangyenhotel.com","description":"T\u1ea1i Riverside Qu\u1ea3ng Y\u00ean Hotel, ph\u00f2ng Deluxe 2 gi\u01b0\u1eddng mang \u0111\u1ebfn kh\u00f4ng gian ngh\u1ec9 d\u01b0\u1ee1ng sang tr\u1ecdng, hi\u1ec7n \u0111\u1ea1i v\u1edbi c\u1eeda s\u1ed5 r\u1ed9ng tho\u00e1ng v\u00e0 t\u1ea7m nh\u00ecn tuy\u1ec7t \u0111\u1eb9p ra s\u00f4ng Chanh, t\u1ea1o \u0111i\u1ec1u ki\u1ec7n l\u00fd t\u01b0\u1edfng \u0111\u1ec3 th\u01b0 gi\u00e3n v\u00e0 t\u1eadn h\u01b0\u1edfng v\u1ebb \u0111\u1eb9p t\u1ef1 nhi\u00ean","robots":{"index":"index","follow":"follow","max-snippet":"max-snippet:-1","max-image-preview":"max-image-preview:large","max-video-preview":"max-video-preview:-1"},"canonical":"https:\/\/riversidequangyenhotel.com\/en\/room\/deluxe-twins-river-view\/","og_locale":"en_US","og_type":"article","og_title":"PH\u00d2NG DELUXE 2 GI\u01af\u1edcNG \u2013 VIEW S\u00d4NG CHANH - riversidequangyenhotel.com","og_description":"T\u1ea1i Riverside Qu\u1ea3ng Y\u00ean Hotel, ph\u00f2ng Deluxe 2 gi\u01b0\u1eddng mang \u0111\u1ebfn kh\u00f4ng gian ngh\u1ec9 d\u01b0\u1ee1ng sang tr\u1ecdng, hi\u1ec7n \u0111\u1ea1i v\u1edbi c\u1eeda s\u1ed5 r\u1ed9ng tho\u00e1ng v\u00e0 t\u1ea7m nh\u00ecn tuy\u1ec7t \u0111\u1eb9p ra s\u00f4ng Chanh, t\u1ea1o \u0111i\u1ec1u ki\u1ec7n l\u00fd t\u01b0\u1edfng \u0111\u1ec3 th\u01b0 gi\u00e3n v\u00e0 t\u1eadn h\u01b0\u1edfng v\u1ebb \u0111\u1eb9p t\u1ef1 nhi\u00ean","og_url":"https:\/\/riversidequangyenhotel.com\/en\/room\/deluxe-twins-river-view\/","og_site_name":"riversidequangyenhotel.com","article_modified_time":"2025-03-16T17:56:32+00:00","og_image":[{"width":2560,"height":1703,"url":"https:\/\/riversidequangyenhotel.com\/wp-content\/uploads\/2025\/01\/GSD_0658-scaled.jpg","type":"image\/jpeg"}],"twitter_card":"summary_large_image","twitter_misc":{"Est. reading time":"3 minutes"},"schema":{"@context":"https:\/\/schema.org","@graph":[{"@type":"WebPage","@id":"https:\/\/riversidequangyenhotel.com\/room\/deluxe-twins-river-view\/","url":"https:\/\/riversidequangyenhotel.com\/room\/deluxe-twins-river-view\/","name":"PH\u00d2NG DELUXE 2 GI\u01af\u1edcNG \u2013 VIEW S\u00d4NG CHANH - riversidequangyenhotel.com","isPartOf":{"@id":"https:\/\/riversidequangyenhotel.com\/#website"},"primaryImageOfPage":{"@id":"https:\/\/riversidequangyenhotel.com\/room\/deluxe-twins-river-view\/#primaryimage"},"image":{"@id":"https:\/\/riversidequangyenhotel.com\/room\/deluxe-twins-river-view\/#primaryimage"},"thumbnailUrl":"https:\/\/riversidequangyenhotel.com\/wp-content\/uploads\/2025\/01\/GSD_0658-scaled.jpg","datePublished":"2020-12-05T08:07:42+00:00","dateModified":"2025-03-16T17:56:32+00:00","description":"T\u1ea1i Riverside Qu\u1ea3ng Y\u00ean Hotel, ph\u00f2ng Deluxe 2 gi\u01b0\u1eddng mang \u0111\u1ebfn kh\u00f4ng gian ngh\u1ec9 d\u01b0\u1ee1ng sang tr\u1ecdng, hi\u1ec7n \u0111\u1ea1i v\u1edbi c\u1eeda s\u1ed5 r\u1ed9ng tho\u00e1ng v\u00e0 t\u1ea7m nh\u00ecn tuy\u1ec7t \u0111\u1eb9p ra s\u00f4ng Chanh, t\u1ea1o \u0111i\u1ec1u ki\u1ec7n l\u00fd t\u01b0\u1edfng \u0111\u1ec3 th\u01b0 gi\u00e3n v\u00e0 t\u1eadn h\u01b0\u1edfng v\u1ebb \u0111\u1eb9p t\u1ef1 nhi\u00ean","breadcrumb":{"@id":"https:\/\/riversidequangyenhotel.com\/room\/deluxe-twins-river-view\/#breadcrumb"},"inLanguage":"en-US","potentialAction":[{"@type":"ReadAction","target":["https:\/\/riversidequangyenhotel.com\/room\/deluxe-twins-river-view\/"]}]},{"@type":"ImageObject","inLanguage":"en-US","@id":"https:\/\/riversidequangyenhotel.com\/room\/deluxe-twins-river-view\/#primaryimage","url":"https:\/\/riversidequangyenhotel.com\/wp-content\/uploads\/2025\/01\/GSD_0658-scaled.jpg","contentUrl":"https:\/\/riversidequangyenhotel.com\/wp-content\/uploads\/2025\/01\/GSD_0658-scaled.jpg","width":2560,"height":1703},{"@type":"BreadcrumbList","@id":"https:\/\/riversidequangyenhotel.com\/room\/deluxe-twins-river-view\/#breadcrumb","itemListElement":[{"@type":"ListItem","position":1,"name":"Trang ch\u1ee7","item":"https:\/\/riversidequangyenhotel.com\/"},{"@type":"ListItem","position":2,"name":"C\u00e1c ph\u00f2ng","item":"https:\/\/riversidequangyenhotel.com\/phong\/"},{"@type":"ListItem","position":3,"name":"PH\u00d2NG DELUXE 2 GI\u01af\u1edcNG \u2013 VIEW S\u00d4NG CHANH"}]},{"@type":"WebSite","@id":"https:\/\/riversidequangyenhotel.com\/#website","url":"https:\/\/riversidequangyenhotel.com\/","name":"riversidequangyenhotel.com","description":"Kh\u00e1ch s\u1ea1n 3 sao b\u00ean b\u1edd s\u00f4ng Chanh","potentialAction":[{"@type":"SearchAction","target":{"@type":"EntryPoint","urlTemplate":"https:\/\/riversidequangyenhotel.com\/?s={search_term_string}"},"query-input":"required name=search_term_string"}],"inLanguage":"en-US"}]}},"_links":{"self":[{"href":"https:\/\/riversidequangyenhotel.com\/en\/wp-json\/wp\/v2\/product\/606"}],"collection":[{"href":"https:\/\/riversidequangyenhotel.com\/en\/wp-json\/wp\/v2\/product"}],"about":[{"href":"https:\/\/riversidequangyenhotel.com\/en\/wp-json\/wp\/v2\/types\/product"}],"replies":[{"embeddable":true,"href":"https:\/\/riversidequangyenhotel.com\/en\/wp-json\/wp\/v2\/comments?post=606"}],"wp:featuredmedia":[{"embeddable":true,"href":"https:\/\/riversidequangyenhotel.com\/en\/wp-json\/wp\/v2\/media\/720"}],"wp:attachment":[{"href":"https:\/\/riversidequangyenhotel.com\/en\/wp-json\/wp\/v2\/media?parent=606"}],"wp:term":[{"taxonomy":"product_cat","embeddable":true,"href":"https:\/\/riversidequangyenhotel.com\/en\/wp-json\/wp\/v2\/product_cat?post=606"},{"taxonomy":"product_tag","embeddable":true,"href":"https:\/\/riversidequangyenhotel.com\/en\/wp-json\/wp\/v2\/product_tag?post=606"}],"curies":[{"name":"wp","href":"https:\/\/api.w.org\/{rel}","templated":true}]}}