{"id":605,"date":"2020-12-05T15:06:32","date_gmt":"2020-12-05T08:06:32","guid":{"rendered":"http:\/\/riversidequangyenhotel.com\/?post_type=product&#038;p=605"},"modified":"2025-03-17T00:55:56","modified_gmt":"2025-03-16T17:55:56","slug":"deluxe-twins-city-view","status":"publish","type":"product","link":"https:\/\/riversidequangyenhotel.com\/en\/room\/deluxe-twins-city-view\/","title":{"rendered":"PH\u00d2NG DELUXE 2 GI\u01af\u1edcNG \u2013 VIEW TH\u00c0NH PH\u1ed0"},"content":{"rendered":"<h3 data-start=\"0\" data-end=\"46\"><strong data-start=\"4\" data-end=\"46\">PH\u00d2NG DELUXE 2 GI\u01af\u1edcNG \u2013 VIEW TH\u00c0NH PH\u1ed0<\/strong><\/h3>\n<p data-start=\"48\" data-end=\"332\">Ch\u00e0o \u0111\u00f3n b\u1ea1n \u0111\u1ebfn v\u1edbi <strong data-start=\"69\" data-end=\"94\">ph\u00f2ng Deluxe 2 gi\u01b0\u1eddng<\/strong> t\u1ea1i <strong data-start=\"99\" data-end=\"128\">Riverside Qu\u1ea3ng Y\u00ean Hotel<\/strong>, n\u01a1i h\u1ed9i t\u1ee5 s\u1ef1 sang tr\u1ecdng v\u00e0 ti\u1ec7n nghi hi\u1ec7n \u0111\u1ea1i. V\u1edbi <strong data-start=\"182\" data-end=\"204\">c\u1eeda s\u1ed5 r\u1ed9ng tho\u00e1ng<\/strong>, ph\u00f2ng mang \u0111\u1ebfn <strong data-start=\"221\" data-end=\"256\">t\u1ea7m nh\u00ecn tuy\u1ec7t \u0111\u1eb9p ra th\u00e0nh ph\u1ed1<\/strong>, t\u1ea1o kh\u00f4ng gian th\u01b0 gi\u00e3n l\u00fd t\u01b0\u1edfng cho k\u1ef3 ngh\u1ec9 ho\u1eb7c chuy\u1ebfn c\u00f4ng t\u00e1c c\u1ee7a b\u1ea1n.<\/p>\n<h4 data-start=\"334\" data-end=\"388\"><strong data-start=\"339\" data-end=\"386\">1. Kh\u00f4ng gian hi\u1ec7n \u0111\u1ea1i, thi\u1ebft k\u1ebf sang tr\u1ecdng<\/strong><\/h4>\n<p data-start=\"389\" data-end=\"649\">Ph\u00f2ng Deluxe 2 gi\u01b0\u1eddng \u0111\u01b0\u1ee3c thi\u1ebft k\u1ebf v\u1edbi <strong data-start=\"429\" data-end=\"463\">phong c\u00e1ch hi\u1ec7n \u0111\u1ea1i v\u00e0 tinh t\u1ebf<\/strong>, mang \u0111\u1ebfn kh\u00f4ng gian tho\u00e1ng \u0111\u00e3ng nh\u1edd <strong data-start=\"501\" data-end=\"515\">c\u1eeda s\u1ed5 l\u1edbn<\/strong>. T\u1eeb ph\u00f2ng, du kh\u00e1ch c\u00f3 th\u1ec3 chi\u00eam ng\u01b0\u1ee1ng <strong data-start=\"556\" data-end=\"588\">t\u1ea7m nh\u00ecn to\u00e0n c\u1ea3nh th\u00e0nh ph\u1ed1<\/strong> s\u00f4i \u0111\u1ed9ng, \u0111\u1eb7c bi\u1ec7t r\u1ef1c r\u1ee1 v\u00e0o ban \u0111\u00eam v\u1edbi \u00e1nh \u0111\u00e8n lung linh.<\/p>\n<h4 data-start=\"651\" data-end=\"704\"><strong data-start=\"656\" data-end=\"702\">2. Gi\u01b0\u1eddng \u0111\u00f4i r\u1ed9ng r\u00e3i, gi\u1ea5c ng\u1ee7 tuy\u1ec7t v\u1eddi<\/strong><\/h4>\n<p data-start=\"705\" data-end=\"898\">Ph\u00f2ng \u0111\u01b0\u1ee3c trang b\u1ecb <strong data-start=\"725\" data-end=\"741\">2 gi\u01b0\u1eddng \u0111\u00f4i<\/strong> v\u1edbi <strong data-start=\"746\" data-end=\"761\">n\u1ec7m cao c\u1ea5p<\/strong>, gi\u00fap b\u1ea1n t\u1eadn h\u01b0\u1edfng gi\u1ea5c ng\u1ee7 s\u00e2u v\u00e0 tho\u1ea3i m\u00e1i. \u0110\u00e2y l\u00e0 s\u1ef1 l\u1ef1a ch\u1ecdn ho\u00e0n h\u1ea3o cho gia \u0111\u00ecnh ho\u1eb7c nh\u00f3m b\u1ea1n, v\u1edbi kh\u00f4ng gian r\u1ed9ng r\u00e3i v\u00e0 \u00eam \u00e1i.<\/p>\n<h4 data-start=\"900\" data-end=\"940\"><strong data-start=\"905\" data-end=\"938\">3. Ti\u1ec7n nghi \u0111\u1ea7y \u0111\u1ee7, hi\u1ec7n \u0111\u1ea1i<\/strong><\/h4>\n<p data-start=\"941\" data-end=\"1005\">Ph\u00f2ng Deluxe \u0111\u01b0\u1ee3c trang b\u1ecb c\u00e1c <strong data-start=\"972\" data-end=\"993\">ti\u1ec7n nghi cao c\u1ea5p<\/strong>, bao g\u1ed3m:<\/p>\n<ul data-start=\"1006\" data-end=\"1370\">\n<li data-start=\"1006\" data-end=\"1065\"><strong data-start=\"1008\" data-end=\"1031\">Tivi m\u00e0n h\u00ecnh ph\u1eb3ng<\/strong> v\u1edbi nhi\u1ec1u k\u00eanh gi\u1ea3i tr\u00ed h\u1ea5p d\u1eabn<\/li>\n<li data-start=\"1066\" data-end=\"1119\"><strong data-start=\"1068\" data-end=\"1084\">T\u1ee7 l\u1ea1nh mini<\/strong> gi\u00fap b\u1ea3o qu\u1ea3n th\u1ee9c \u0103n v\u00e0 \u0111\u1ed3 u\u1ed1ng<\/li>\n<li data-start=\"1120\" data-end=\"1185\"><strong data-start=\"1122\" data-end=\"1147\">B\u00e0n l\u00e0m vi\u1ec7c r\u1ed9ng r\u00e3i<\/strong>, ph\u00f9 h\u1ee3p cho c\u00f4ng vi\u1ec7c v\u00e0 ngh\u1ec9 ng\u01a1i<\/li>\n<li data-start=\"1186\" data-end=\"1268\"><strong data-start=\"1188\" data-end=\"1210\">B\u00e0n tr\u00e0 sang tr\u1ecdng<\/strong>, l\u00e0 n\u01a1i l\u00fd t\u01b0\u1edfng \u0111\u1ec3 th\u01b0 gi\u00e3n v\u00e0 th\u01b0\u1edfng th\u1ee9c tr\u00e0, c\u00e0 ph\u00ea<\/li>\n<li data-start=\"1269\" data-end=\"1370\"><strong data-start=\"1271\" data-end=\"1293\">\u0110i\u1ec1u h\u00f2a kh\u00f4ng kh\u00ed<\/strong>, <strong data-start=\"1295\" data-end=\"1315\">Wi-Fi t\u1ed1c \u0111\u1ed9 cao<\/strong>, <strong data-start=\"1317\" data-end=\"1332\">m\u00e1y s\u1ea5y t\u00f3c<\/strong>, <strong data-start=\"1334\" data-end=\"1349\">\u1ea5m \u0111un n\u01b0\u1edbc<\/strong> v\u00e0 c\u00e1c ti\u1ec7n \u00edch kh\u00e1c<\/li>\n<\/ul>\n<h4 data-start=\"1372\" data-end=\"1414\"><strong data-start=\"1377\" data-end=\"1412\">4. T\u1ea7m nh\u00ecn th\u00e0nh ph\u1ed1 s\u1ed1ng \u0111\u1ed9ng<\/strong><\/h4>\n<p data-start=\"1415\" data-end=\"1604\">Khung c\u1ea3nh t\u1eeb ph\u00f2ng mang \u0111\u1ebfn <strong data-start=\"1444\" data-end=\"1479\">t\u1ea7m nh\u00ecn ngo\u1ea1n m\u1ee5c ra th\u00e0nh ph\u1ed1<\/strong>, gi\u00fap du kh\u00e1ch c\u1ea3m nh\u1eadn \u0111\u01b0\u1ee3c nh\u1ecbp s\u1ed1ng s\u00f4i \u0111\u1ed9ng v\u00e0 \u0111\u1ea7y n\u0103ng l\u01b0\u1ee3ng c\u1ee7a Qu\u1ea3ng Y\u00ean, \u0111\u1eb7c bi\u1ec7t v\u00e0o ban \u0111\u00eam khi th\u00e0nh ph\u1ed1 l\u00ean \u0111\u00e8n.<\/p>\n<h4 data-start=\"1606\" data-end=\"1650\"><strong data-start=\"1611\" data-end=\"1648\">5. D\u1ecbch v\u1ee5 chuy\u00ean nghi\u1ec7p, t\u1eadn t\u00e2m<\/strong><\/h4>\n<p data-start=\"1651\" data-end=\"1791\">Kh\u00e1ch l\u01b0u tr\u00fa t\u1ea1i ph\u00f2ng Deluxe s\u1ebd \u0111\u01b0\u1ee3c h\u01b0\u1edfng <strong data-start=\"1696\" data-end=\"1726\">d\u1ecbch v\u1ee5 ph\u00f2ng chu \u0111\u00e1o 24\/7<\/strong>, \u0111\u1ea3m b\u1ea3o s\u1ef1 tho\u1ea3i m\u00e1i v\u00e0 \u0111\u00e1p \u1ee9ng m\u1ecdi nhu c\u1ea7u trong su\u1ed1t k\u1ef3 ngh\u1ec9.<\/p>\n<p data-start=\"1793\" data-end=\"1997\" data-is-last-node=\"\" data-is-only-node=\"\">\ud83c\udf3f <strong data-start=\"1796\" data-end=\"1838\">Ph\u00f2ng Deluxe 2 Gi\u01b0\u1eddng \u2013 View Th\u00e0nh Ph\u1ed1<\/strong> l\u00e0 s\u1ef1 l\u1ef1a ch\u1ecdn l\u00fd t\u01b0\u1edfng cho nh\u1eefng ai t\u00ecm ki\u1ebfm <strong data-start=\"1885\" data-end=\"1962\">kh\u00f4ng gian sang tr\u1ecdng, ti\u1ec7n nghi hi\u1ec7n \u0111\u1ea1i v\u00e0 t\u1ea7m nh\u00ecn th\u00e0nh ph\u1ed1 tuy\u1ec7t \u0111\u1eb9p<\/strong> t\u1ea1i <strong data-start=\"1967\" data-end=\"1996\">Riverside Qu\u1ea3ng Y\u00ean Hotel<\/strong>.<\/p>","protected":false},"excerpt":{"rendered":"<p>V\u1edbi di\u1ec7n t\u00edch 45m2 Kh\u00f4ng gian c\u1ee7a ph\u00f2ng \u0111\u01b0\u1ee3c thi\u1ebft k\u1ebf \u1ea5n t\u01b0\u1ee3ng b\u1edfi m\u00e0u s\u1eafc \u1ea5m \u00e1p, h\u00e0i h\u00f2a v\u1edbi quang c\u1ea3nh th\u00e0nh ph\u1ed1 \u00eam \u0111\u1ec1m, n\u1ed9i th\u1ea5t g\u1ed7 sang tr\u1ecdng,\u0111\u1ea7y \u0111\u1ee7 ti\u1ec7n nghi, ph\u00f2ng PH\u00d2NG DELUXE 2 GI\u01af\u1edcNG \u2013 VIEW TH\u00c0NH PH\u1ed0 \u0111\u01b0\u1ee3c thi\u1ebft k\u1ebf \u0111\u1ec3 ph\u00f9 h\u1ee3p v\u1edbi s\u1edf th\u00edch c\u1ee7a du kh\u00e1ch gia \u0111\u00ecnh v\u00e0 c\u00f4ng t\u00e1c t\u1ea1i trung t\u00e2m th\u00e0nh ph\u1ed1.<\/p>","protected":false},"featured_media":717,"comment_status":"open","ping_status":"closed","template":"","meta":{"_acf_changed":false},"product_cat":[22],"product_tag":[],"class_list":{"0":"post-605","1":"product","2":"type-product","3":"status-publish","4":"has-post-thumbnail","6":"product_cat-phong-ngu","8":"first","9":"instock","10":"virtual","11":"purchasable","12":"product-type-simple"},"acf":[],"yoast_head":"<!-- This site is optimized with the Yoast SEO plugin v23.2 - https:\/\/yoast.com\/wordpress\/plugins\/seo\/ -->\n<title>PH\u00d2NG DELUXE 2 GI\u01af\u1edcNG \u2013 VIEW TH\u00c0NH PH\u1ed0 - riversidequangyenhotel.com<\/title>\n<meta name=\"description\" content=\"Ch\u00e0o \u0111\u00f3n b\u1ea1n \u0111\u1ebfn v\u1edbi ph\u00f2ng Deluxe 2 gi\u01b0\u1eddng t\u1ea1i Riverside Qu\u1ea3ng Y\u00ean Hotel, n\u01a1i h\u1ed9i t\u1ee5 s\u1ef1 sang tr\u1ecdng v\u00e0 ti\u1ec7n nghi hi\u1ec7n \u0111\u1ea1i. V\u1edbi c\u1eeda s\u1ed5 r\u1ed9ng tho\u00e1ng, ph\u00f2ng mang \u0111\u1ebfn t\u1ea7m nh\u00ecn tuy\u1ec7t \u0111\u1eb9p ra th\u00e0nh ph\u1ed1, t\u1ea1o kh\u00f4ng gian th\u01b0 gi\u00e3n l\u00fd t\u01b0\u1edfng cho k\u1ef3 ngh\u1ec9 ho\u1eb7c chuy\u1ebfn c\u00f4ng t\u00e1c c\u1ee7a b\u1ea1n.\" \/>\n<meta name=\"robots\" content=\"index, follow, max-snippet:-1, max-image-preview:large, max-video-preview:-1\" \/>\n<link rel=\"canonical\" href=\"https:\/\/riversidequangyenhotel.com\/en\/room\/deluxe-twins-city-view\/\" \/>\n<meta property=\"og:locale\" content=\"en_US\" \/>\n<meta property=\"og:type\" content=\"article\" \/>\n<meta property=\"og:title\" content=\"PH\u00d2NG DELUXE 2 GI\u01af\u1edcNG \u2013 VIEW TH\u00c0NH PH\u1ed0 - riversidequangyenhotel.com\" \/>\n<meta property=\"og:description\" content=\"Ch\u00e0o \u0111\u00f3n b\u1ea1n \u0111\u1ebfn v\u1edbi ph\u00f2ng Deluxe 2 gi\u01b0\u1eddng t\u1ea1i Riverside Qu\u1ea3ng Y\u00ean Hotel, n\u01a1i h\u1ed9i t\u1ee5 s\u1ef1 sang tr\u1ecdng v\u00e0 ti\u1ec7n nghi hi\u1ec7n \u0111\u1ea1i. V\u1edbi c\u1eeda s\u1ed5 r\u1ed9ng tho\u00e1ng, ph\u00f2ng mang \u0111\u1ebfn t\u1ea7m nh\u00ecn tuy\u1ec7t \u0111\u1eb9p ra th\u00e0nh ph\u1ed1, t\u1ea1o kh\u00f4ng gian th\u01b0 gi\u00e3n l\u00fd t\u01b0\u1edfng cho k\u1ef3 ngh\u1ec9 ho\u1eb7c chuy\u1ebfn c\u00f4ng t\u00e1c c\u1ee7a b\u1ea1n.\" \/>\n<meta property=\"og:url\" content=\"https:\/\/riversidequangyenhotel.com\/en\/room\/deluxe-twins-city-view\/\" \/>\n<meta property=\"og:site_name\" content=\"riversidequangyenhotel.com\" \/>\n<meta property=\"article:modified_time\" content=\"2025-03-16T17:55:56+00:00\" \/>\n<meta property=\"og:image\" content=\"https:\/\/riversidequangyenhotel.com\/wp-content\/uploads\/2025\/01\/GSD_0605-scaled.jpg\" \/>\n\t<meta property=\"og:image:width\" content=\"2560\" \/>\n\t<meta property=\"og:image:height\" content=\"1703\" \/>\n\t<meta property=\"og:image:type\" content=\"image\/jpeg\" \/>\n<meta name=\"twitter:card\" content=\"summary_large_image\" \/>\n<meta name=\"twitter:label1\" content=\"Est. reading time\" \/>\n\t<meta name=\"twitter:data1\" content=\"3 minutes\" \/>\n<script type=\"application\/ld+json\" class=\"yoast-schema-graph\">{\"@context\":\"https:\/\/schema.org\",\"@graph\":[{\"@type\":\"WebPage\",\"@id\":\"https:\/\/riversidequangyenhotel.com\/room\/deluxe-twins-city-view\/\",\"url\":\"https:\/\/riversidequangyenhotel.com\/room\/deluxe-twins-city-view\/\",\"name\":\"PH\u00d2NG DELUXE 2 GI\u01af\u1edcNG \u2013 VIEW TH\u00c0NH PH\u1ed0 - riversidequangyenhotel.com\",\"isPartOf\":{\"@id\":\"https:\/\/riversidequangyenhotel.com\/#website\"},\"primaryImageOfPage\":{\"@id\":\"https:\/\/riversidequangyenhotel.com\/room\/deluxe-twins-city-view\/#primaryimage\"},\"image\":{\"@id\":\"https:\/\/riversidequangyenhotel.com\/room\/deluxe-twins-city-view\/#primaryimage\"},\"thumbnailUrl\":\"https:\/\/riversidequangyenhotel.com\/wp-content\/uploads\/2025\/01\/GSD_0605-scaled.jpg\",\"datePublished\":\"2020-12-05T08:06:32+00:00\",\"dateModified\":\"2025-03-16T17:55:56+00:00\",\"description\":\"Ch\u00e0o \u0111\u00f3n b\u1ea1n \u0111\u1ebfn v\u1edbi ph\u00f2ng Deluxe 2 gi\u01b0\u1eddng t\u1ea1i Riverside Qu\u1ea3ng Y\u00ean Hotel, n\u01a1i h\u1ed9i t\u1ee5 s\u1ef1 sang tr\u1ecdng v\u00e0 ti\u1ec7n nghi hi\u1ec7n \u0111\u1ea1i. V\u1edbi c\u1eeda s\u1ed5 r\u1ed9ng tho\u00e1ng, ph\u00f2ng mang \u0111\u1ebfn t\u1ea7m nh\u00ecn tuy\u1ec7t \u0111\u1eb9p ra th\u00e0nh ph\u1ed1, t\u1ea1o kh\u00f4ng gian th\u01b0 gi\u00e3n l\u00fd t\u01b0\u1edfng cho k\u1ef3 ngh\u1ec9 ho\u1eb7c chuy\u1ebfn c\u00f4ng t\u00e1c c\u1ee7a b\u1ea1n.\",\"breadcrumb\":{\"@id\":\"https:\/\/riversidequangyenhotel.com\/room\/deluxe-twins-city-view\/#breadcrumb\"},\"inLanguage\":\"en-US\",\"potentialAction\":[{\"@type\":\"ReadAction\",\"target\":[\"https:\/\/riversidequangyenhotel.com\/room\/deluxe-twins-city-view\/\"]}]},{\"@type\":\"ImageObject\",\"inLanguage\":\"en-US\",\"@id\":\"https:\/\/riversidequangyenhotel.com\/room\/deluxe-twins-city-view\/#primaryimage\",\"url\":\"https:\/\/riversidequangyenhotel.com\/wp-content\/uploads\/2025\/01\/GSD_0605-scaled.jpg\",\"contentUrl\":\"https:\/\/riversidequangyenhotel.com\/wp-content\/uploads\/2025\/01\/GSD_0605-scaled.jpg\",\"width\":2560,\"height\":1703},{\"@type\":\"BreadcrumbList\",\"@id\":\"https:\/\/riversidequangyenhotel.com\/room\/deluxe-twins-city-view\/#breadcrumb\",\"itemListElement\":[{\"@type\":\"ListItem\",\"position\":1,\"name\":\"Trang ch\u1ee7\",\"item\":\"https:\/\/riversidequangyenhotel.com\/\"},{\"@type\":\"ListItem\",\"position\":2,\"name\":\"C\u00e1c ph\u00f2ng\",\"item\":\"https:\/\/riversidequangyenhotel.com\/phong\/\"},{\"@type\":\"ListItem\",\"position\":3,\"name\":\"PH\u00d2NG DELUXE 2 GI\u01af\u1edcNG \u2013 VIEW TH\u00c0NH PH\u1ed0\"}]},{\"@type\":\"WebSite\",\"@id\":\"https:\/\/riversidequangyenhotel.com\/#website\",\"url\":\"https:\/\/riversidequangyenhotel.com\/\",\"name\":\"riversidequangyenhotel.com\",\"description\":\"Kh\u00e1ch s\u1ea1n 3 sao b\u00ean b\u1edd s\u00f4ng Chanh\",\"potentialAction\":[{\"@type\":\"SearchAction\",\"target\":{\"@type\":\"EntryPoint\",\"urlTemplate\":\"https:\/\/riversidequangyenhotel.com\/?s={search_term_string}\"},\"query-input\":\"required name=search_term_string\"}],\"inLanguage\":\"en-US\"}]}<\/script>\n<!-- \/ Yoast SEO plugin. -->","yoast_head_json":{"title":"PH\u00d2NG DELUXE 2 GI\u01af\u1edcNG \u2013 VIEW TH\u00c0NH PH\u1ed0 - riversidequangyenhotel.com","description":"Ch\u00e0o \u0111\u00f3n b\u1ea1n \u0111\u1ebfn v\u1edbi ph\u00f2ng Deluxe 2 gi\u01b0\u1eddng t\u1ea1i Riverside Qu\u1ea3ng Y\u00ean Hotel, n\u01a1i h\u1ed9i t\u1ee5 s\u1ef1 sang tr\u1ecdng v\u00e0 ti\u1ec7n nghi hi\u1ec7n \u0111\u1ea1i. V\u1edbi c\u1eeda s\u1ed5 r\u1ed9ng tho\u00e1ng, ph\u00f2ng mang \u0111\u1ebfn t\u1ea7m nh\u00ecn tuy\u1ec7t \u0111\u1eb9p ra th\u00e0nh ph\u1ed1, t\u1ea1o kh\u00f4ng gian th\u01b0 gi\u00e3n l\u00fd t\u01b0\u1edfng cho k\u1ef3 ngh\u1ec9 ho\u1eb7c chuy\u1ebfn c\u00f4ng t\u00e1c c\u1ee7a b\u1ea1n.","robots":{"index":"index","follow":"follow","max-snippet":"max-snippet:-1","max-image-preview":"max-image-preview:large","max-video-preview":"max-video-preview:-1"},"canonical":"https:\/\/riversidequangyenhotel.com\/en\/room\/deluxe-twins-city-view\/","og_locale":"en_US","og_type":"article","og_title":"PH\u00d2NG DELUXE 2 GI\u01af\u1edcNG \u2013 VIEW TH\u00c0NH PH\u1ed0 - riversidequangyenhotel.com","og_description":"Ch\u00e0o \u0111\u00f3n b\u1ea1n \u0111\u1ebfn v\u1edbi ph\u00f2ng Deluxe 2 gi\u01b0\u1eddng t\u1ea1i Riverside Qu\u1ea3ng Y\u00ean Hotel, n\u01a1i h\u1ed9i t\u1ee5 s\u1ef1 sang tr\u1ecdng v\u00e0 ti\u1ec7n nghi hi\u1ec7n \u0111\u1ea1i. V\u1edbi c\u1eeda s\u1ed5 r\u1ed9ng tho\u00e1ng, ph\u00f2ng mang \u0111\u1ebfn t\u1ea7m nh\u00ecn tuy\u1ec7t \u0111\u1eb9p ra th\u00e0nh ph\u1ed1, t\u1ea1o kh\u00f4ng gian th\u01b0 gi\u00e3n l\u00fd t\u01b0\u1edfng cho k\u1ef3 ngh\u1ec9 ho\u1eb7c chuy\u1ebfn c\u00f4ng t\u00e1c c\u1ee7a b\u1ea1n.","og_url":"https:\/\/riversidequangyenhotel.com\/en\/room\/deluxe-twins-city-view\/","og_site_name":"riversidequangyenhotel.com","article_modified_time":"2025-03-16T17:55:56+00:00","og_image":[{"width":2560,"height":1703,"url":"https:\/\/riversidequangyenhotel.com\/wp-content\/uploads\/2025\/01\/GSD_0605-scaled.jpg","type":"image\/jpeg"}],"twitter_card":"summary_large_image","twitter_misc":{"Est. reading time":"3 minutes"},"schema":{"@context":"https:\/\/schema.org","@graph":[{"@type":"WebPage","@id":"https:\/\/riversidequangyenhotel.com\/room\/deluxe-twins-city-view\/","url":"https:\/\/riversidequangyenhotel.com\/room\/deluxe-twins-city-view\/","name":"PH\u00d2NG DELUXE 2 GI\u01af\u1edcNG \u2013 VIEW TH\u00c0NH PH\u1ed0 - riversidequangyenhotel.com","isPartOf":{"@id":"https:\/\/riversidequangyenhotel.com\/#website"},"primaryImageOfPage":{"@id":"https:\/\/riversidequangyenhotel.com\/room\/deluxe-twins-city-view\/#primaryimage"},"image":{"@id":"https:\/\/riversidequangyenhotel.com\/room\/deluxe-twins-city-view\/#primaryimage"},"thumbnailUrl":"https:\/\/riversidequangyenhotel.com\/wp-content\/uploads\/2025\/01\/GSD_0605-scaled.jpg","datePublished":"2020-12-05T08:06:32+00:00","dateModified":"2025-03-16T17:55:56+00:00","description":"Ch\u00e0o \u0111\u00f3n b\u1ea1n \u0111\u1ebfn v\u1edbi ph\u00f2ng Deluxe 2 gi\u01b0\u1eddng t\u1ea1i Riverside Qu\u1ea3ng Y\u00ean Hotel, n\u01a1i h\u1ed9i t\u1ee5 s\u1ef1 sang tr\u1ecdng v\u00e0 ti\u1ec7n nghi hi\u1ec7n \u0111\u1ea1i. V\u1edbi c\u1eeda s\u1ed5 r\u1ed9ng tho\u00e1ng, ph\u00f2ng mang \u0111\u1ebfn t\u1ea7m nh\u00ecn tuy\u1ec7t \u0111\u1eb9p ra th\u00e0nh ph\u1ed1, t\u1ea1o kh\u00f4ng gian th\u01b0 gi\u00e3n l\u00fd t\u01b0\u1edfng cho k\u1ef3 ngh\u1ec9 ho\u1eb7c chuy\u1ebfn c\u00f4ng t\u00e1c c\u1ee7a b\u1ea1n.","breadcrumb":{"@id":"https:\/\/riversidequangyenhotel.com\/room\/deluxe-twins-city-view\/#breadcrumb"},"inLanguage":"en-US","potentialAction":[{"@type":"ReadAction","target":["https:\/\/riversidequangyenhotel.com\/room\/deluxe-twins-city-view\/"]}]},{"@type":"ImageObject","inLanguage":"en-US","@id":"https:\/\/riversidequangyenhotel.com\/room\/deluxe-twins-city-view\/#primaryimage","url":"https:\/\/riversidequangyenhotel.com\/wp-content\/uploads\/2025\/01\/GSD_0605-scaled.jpg","contentUrl":"https:\/\/riversidequangyenhotel.com\/wp-content\/uploads\/2025\/01\/GSD_0605-scaled.jpg","width":2560,"height":1703},{"@type":"BreadcrumbList","@id":"https:\/\/riversidequangyenhotel.com\/room\/deluxe-twins-city-view\/#breadcrumb","itemListElement":[{"@type":"ListItem","position":1,"name":"Trang ch\u1ee7","item":"https:\/\/riversidequangyenhotel.com\/"},{"@type":"ListItem","position":2,"name":"C\u00e1c ph\u00f2ng","item":"https:\/\/riversidequangyenhotel.com\/phong\/"},{"@type":"ListItem","position":3,"name":"PH\u00d2NG DELUXE 2 GI\u01af\u1edcNG \u2013 VIEW TH\u00c0NH PH\u1ed0"}]},{"@type":"WebSite","@id":"https:\/\/riversidequangyenhotel.com\/#website","url":"https:\/\/riversidequangyenhotel.com\/","name":"riversidequangyenhotel.com","description":"Kh\u00e1ch s\u1ea1n 3 sao b\u00ean b\u1edd s\u00f4ng Chanh","potentialAction":[{"@type":"SearchAction","target":{"@type":"EntryPoint","urlTemplate":"https:\/\/riversidequangyenhotel.com\/?s={search_term_string}"},"query-input":"required name=search_term_string"}],"inLanguage":"en-US"}]}},"_links":{"self":[{"href":"https:\/\/riversidequangyenhotel.com\/en\/wp-json\/wp\/v2\/product\/605"}],"collection":[{"href":"https:\/\/riversidequangyenhotel.com\/en\/wp-json\/wp\/v2\/product"}],"about":[{"href":"https:\/\/riversidequangyenhotel.com\/en\/wp-json\/wp\/v2\/types\/product"}],"replies":[{"embeddable":true,"href":"https:\/\/riversidequangyenhotel.com\/en\/wp-json\/wp\/v2\/comments?post=605"}],"wp:featuredmedia":[{"embeddable":true,"href":"https:\/\/riversidequangyenhotel.com\/en\/wp-json\/wp\/v2\/media\/717"}],"wp:attachment":[{"href":"https:\/\/riversidequangyenhotel.com\/en\/wp-json\/wp\/v2\/media?parent=605"}],"wp:term":[{"taxonomy":"product_cat","embeddable":true,"href":"https:\/\/riversidequangyenhotel.com\/en\/wp-json\/wp\/v2\/product_cat?post=605"},{"taxonomy":"product_tag","embeddable":true,"href":"https:\/\/riversidequangyenhotel.com\/en\/wp-json\/wp\/v2\/product_tag?post=605"}],"curies":[{"name":"wp","href":"https:\/\/api.w.org\/{rel}","templated":true}]}}