{"id":567,"date":"2020-12-05T11:00:23","date_gmt":"2020-12-05T04:00:23","guid":{"rendered":"http:\/\/riversidequangyenhotel.com\/?post_type=product&#038;p=567"},"modified":"2025-03-16T14:10:40","modified_gmt":"2025-03-16T07:10:40","slug":"phong-superior-city-view","status":"publish","type":"product","link":"https:\/\/riversidequangyenhotel.com\/en\/room\/phong-superior-city-view\/","title":{"rendered":"PH\u00d2NG SUPERIOR 1 GI\u01af\u1edcNG KING SIZE \u2013 VIEW TH\u00c0NH PH\u1ed0"},"content":{"rendered":"<p data-start=\"60\" data-end=\"395\">Ch\u00e0o \u0111\u00f3n b\u1ea1n \u0111\u1ebfn v\u1edbi <strong data-start=\"81\" data-end=\"118\">ph\u00f2ng Superior 1 gi\u01b0\u1eddng King Size<\/strong> t\u1ea1i <strong data-start=\"123\" data-end=\"152\">Riverside Qu\u1ea3ng Y\u00ean Hotel<\/strong>, n\u01a1i k\u1ebft h\u1ee3p gi\u1eefa <strong data-start=\"171\" data-end=\"192\">thi\u1ebft k\u1ebf hi\u1ec7n \u0111\u1ea1i<\/strong>, <strong data-start=\"194\" data-end=\"215\">ti\u1ec7n nghi cao c\u1ea5p<\/strong> v\u00e0 <strong data-start=\"219\" data-end=\"254\">t\u1ea7m nh\u00ecn tuy\u1ec7t \u0111\u1eb9p ra th\u00e0nh ph\u1ed1<\/strong>. \u0110\u00e2y l\u00e0 s\u1ef1 l\u1ef1a ch\u1ecdn ho\u00e0n h\u1ea3o cho nh\u1eefng ai mu\u1ed1n t\u1eadn h\u01b0\u1edfng kh\u00f4ng gian ngh\u1ec9 d\u01b0\u1ee1ng tho\u1ea3i m\u00e1i v\u00e0 th\u01b0 gi\u00e3n trong m\u1ed9t k\u1ef3 ngh\u1ec9 ho\u1eb7c chuy\u1ebfn c\u00f4ng t\u00e1c.<\/p>\n<h4 data-start=\"397\" data-end=\"445\"><strong data-start=\"402\" data-end=\"443\">1. Kh\u00f4ng gian sang tr\u1ecdng, tho\u00e1ng \u0111\u00e3ng<\/strong><\/h4>\n<p data-start=\"446\" data-end=\"774\">Ph\u00f2ng Superior \u0111\u01b0\u1ee3c thi\u1ebft k\u1ebf theo <strong data-start=\"480\" data-end=\"503\">phong c\u00e1ch hi\u1ec7n \u0111\u1ea1i<\/strong> v\u00e0 <strong data-start=\"507\" data-end=\"521\">sang tr\u1ecdng<\/strong>, v\u1edbi <strong data-start=\"527\" data-end=\"549\">c\u1eeda s\u1ed5 r\u1ed9ng tho\u00e1ng<\/strong> gi\u00fap mang l\u1ea1i kh\u00f4ng gian m\u1edf, \u0111\u00f3n \u00e1nh s\u00e1ng t\u1ef1 nhi\u00ean v\u00e0 t\u1ea1o c\u1ea3m gi\u00e1c tho\u1ea3i m\u00e1i. T\u1eeb ph\u00f2ng, b\u1ea1n s\u1ebd \u0111\u01b0\u1ee3c chi\u00eam ng\u01b0\u1ee1ng <strong data-start=\"663\" data-end=\"695\">t\u1ea7m nh\u00ecn to\u00e0n c\u1ea3nh th\u00e0nh ph\u1ed1<\/strong>, \u0111\u1eb7c bi\u1ec7t v\u00e0o ban \u0111\u00eam khi th\u00e0nh ph\u1ed1 l\u00ean \u0111\u00e8n, t\u1ea1o n\u00ean m\u1ed9t khung c\u1ea3nh tuy\u1ec7t \u0111\u1eb9p.<\/p>\n<h4 data-start=\"776\" data-end=\"831\"><strong data-start=\"781\" data-end=\"829\">2. Gi\u01b0\u1eddng King Size r\u1ed9ng r\u00e3i, gi\u1ea5c ng\u1ee7 \u00eam \u00e1i<\/strong><\/h4>\n<p data-start=\"832\" data-end=\"1060\">Ph\u00f2ng \u0111\u01b0\u1ee3c trang b\u1ecb <strong data-start=\"852\" data-end=\"874\">1 gi\u01b0\u1eddng King Size<\/strong> v\u1edbi <strong data-start=\"879\" data-end=\"894\">n\u1ec7m cao c\u1ea5p<\/strong>, mang \u0111\u1ebfn m\u1ed9t kh\u00f4ng gian ngh\u1ec9 ng\u01a1i r\u1ed9ng r\u00e3i v\u00e0 tho\u1ea3i m\u00e1i. \u0110\u00e2y l\u00e0 l\u1ef1a ch\u1ecdn l\u00fd t\u01b0\u1edfng cho nh\u1eefng ai y\u00eau th\u00edch s\u1ef1 ri\u00eang t\u01b0 v\u00e0 th\u01b0 gi\u00e3n t\u1ed1i \u0111a trong kh\u00f4ng gian sang tr\u1ecdng.<\/p>\n<h4 data-start=\"1062\" data-end=\"1102\"><strong data-start=\"1067\" data-end=\"1100\">3. Ti\u1ec7n nghi \u0111\u1ea7y \u0111\u1ee7, hi\u1ec7n \u0111\u1ea1i<\/strong><\/h4>\n<p data-start=\"1103\" data-end=\"1181\">Ph\u00f2ng Superior \u0111\u01b0\u1ee3c trang b\u1ecb c\u00e1c <strong data-start=\"1136\" data-end=\"1169\">ti\u1ec7n nghi hi\u1ec7n \u0111\u1ea1i v\u00e0 cao c\u1ea5p<\/strong>, bao g\u1ed3m:<\/p>\n<ul data-start=\"1182\" data-end=\"1547\">\n<li data-start=\"1182\" data-end=\"1241\"><strong data-start=\"1184\" data-end=\"1207\">Tivi m\u00e0n h\u00ecnh ph\u1eb3ng<\/strong> v\u1edbi nhi\u1ec1u k\u00eanh gi\u1ea3i tr\u00ed h\u1ea5p d\u1eabn<\/li>\n<li data-start=\"1242\" data-end=\"1293\"><strong data-start=\"1244\" data-end=\"1260\">T\u1ee7 l\u1ea1nh mini<\/strong> \u0111\u1ec3 b\u1ea3o qu\u1ea3n \u0111\u1ed3 \u0103n v\u00e0 th\u1ee9c u\u1ed1ng<\/li>\n<li data-start=\"1294\" data-end=\"1362\"><strong data-start=\"1296\" data-end=\"1321\">B\u00e0n l\u00e0m vi\u1ec7c r\u1ed9ng r\u00e3i<\/strong>, l\u00fd t\u01b0\u1edfng cho c\u00f4ng vi\u1ec7c ho\u1eb7c ngh\u1ec9 ng\u01a1i<\/li>\n<li data-start=\"1363\" data-end=\"1445\"><strong data-start=\"1365\" data-end=\"1387\">B\u00e0n tr\u00e0 sang tr\u1ecdng<\/strong>, l\u00e0 n\u01a1i l\u00fd t\u01b0\u1edfng \u0111\u1ec3 th\u01b0 gi\u00e3n v\u00e0 th\u01b0\u1edfng th\u1ee9c tr\u00e0, c\u00e0 ph\u00ea<\/li>\n<li data-start=\"1446\" data-end=\"1547\"><strong data-start=\"1448\" data-end=\"1470\">\u0110i\u1ec1u h\u00f2a kh\u00f4ng kh\u00ed<\/strong>, <strong data-start=\"1472\" data-end=\"1492\">Wi-Fi t\u1ed1c \u0111\u1ed9 cao<\/strong>, <strong data-start=\"1494\" data-end=\"1509\">m\u00e1y s\u1ea5y t\u00f3c<\/strong>, <strong data-start=\"1511\" data-end=\"1526\">\u1ea5m \u0111un n\u01b0\u1edbc<\/strong> v\u00e0 c\u00e1c ti\u1ec7n \u00edch kh\u00e1c<\/li>\n<\/ul>\n<h4 data-start=\"1549\" data-end=\"1591\"><strong data-start=\"1554\" data-end=\"1589\">4. T\u1ea7m nh\u00ecn th\u00e0nh ph\u1ed1 s\u1ed1ng \u0111\u1ed9ng<\/strong><\/h4>\n<p data-start=\"1592\" data-end=\"1806\">V\u1edbi <strong data-start=\"1596\" data-end=\"1618\">c\u1eeda s\u1ed5 r\u1ed9ng tho\u00e1ng<\/strong>, b\u1ea1n c\u00f3 th\u1ec3 t\u1eadn h\u01b0\u1edfng <strong data-start=\"1641\" data-end=\"1676\">t\u1ea7m nh\u00ecn tuy\u1ec7t \u0111\u1eb9p ra th\u00e0nh ph\u1ed1<\/strong>, gi\u00fap c\u1ea3m nh\u1eadn nh\u1ecbp s\u1ed1ng s\u00f4i \u0111\u1ed9ng c\u1ee7a Qu\u1ea3ng Y\u00ean. V\u00e0o ban \u0111\u00eam, \u00e1nh s\u00e1ng th\u00e0nh ph\u1ed1 s\u1ebd t\u1ea1o n\u00ean m\u1ed9t kh\u00f4ng gian lung linh v\u00e0 \u1ea5n t\u01b0\u1ee3ng.<\/p>\n<h4 data-start=\"1808\" data-end=\"1852\"><strong data-start=\"1813\" data-end=\"1850\">5. D\u1ecbch v\u1ee5 chu \u0111\u00e1o, chuy\u00ean nghi\u1ec7p<\/strong><\/h4>\n<p data-start=\"1853\" data-end=\"2007\">Kh\u00e1ch l\u01b0u tr\u00fa t\u1ea1i ph\u00f2ng Superior s\u1ebd \u0111\u01b0\u1ee3c t\u1eadn h\u01b0\u1edfng <strong data-start=\"1904\" data-end=\"1940\">d\u1ecbch v\u1ee5 ph\u00f2ng chuy\u00ean nghi\u1ec7p 24\/7<\/strong>, gi\u00fap \u0111\u00e1p \u1ee9ng m\u1ecdi nhu c\u1ea7u c\u1ee7a b\u1ea1n m\u1ed9t c\u00e1ch nhanh ch\u00f3ng v\u00e0 chu \u0111\u00e1o.<\/p>\n<p data-start=\"2009\" data-end=\"2225\" data-is-last-node=\"\" data-is-only-node=\"\">\ud83c\udf3f <strong data-start=\"2012\" data-end=\"2066\">Ph\u00f2ng Superior 1 Gi\u01b0\u1eddng King Size \u2013 View Th\u00e0nh Ph\u1ed1<\/strong> l\u00e0 s\u1ef1 l\u1ef1a ch\u1ecdn ho\u00e0n h\u1ea3o cho nh\u1eefng ai t\u00ecm ki\u1ebfm m\u1ed9t kh\u00f4ng gian <strong data-start=\"2128\" data-end=\"2142\">sang tr\u1ecdng<\/strong>, <strong data-start=\"2144\" data-end=\"2166\">ti\u1ec7n nghi hi\u1ec7n \u0111\u1ea1i<\/strong> v\u00e0 <strong data-start=\"2170\" data-end=\"2190\">t\u1ea7m nh\u00ecn \u0111\u1eb9p m\u1eaft<\/strong> t\u1ea1i <strong data-start=\"2195\" data-end=\"2224\">Riverside Qu\u1ea3ng Y\u00ean Hotel<\/strong>.<\/p>","protected":false},"excerpt":{"rendered":"<p>V\u1edbi di\u1ec7n t\u00edch 35 m2 Kh\u00f4ng gian c\u1ee7a ph\u00f2ng \u0111\u01b0\u1ee3c thi\u1ebft k\u1ebf \u1ea5n t\u01b0\u1ee3ng b\u1edfi m\u00e0u s\u1eafc \u1ea5m \u00e1p, h\u00e0i h\u00f2a v\u1edbi quang c\u1ea3nh th\u00e0nh ph\u1ed1 \u00eam \u0111\u1ec1m, n\u1ed9i th\u1ea5t g\u1ed7 sang tr\u1ecdng,\u0111\u1ea7y \u0111\u1ee7 ti\u1ec7n nghi, ph\u00f2ng Superior \u0111\u01b0\u1ee3c thi\u1ebft k\u1ebf \u0111\u1ec3 ph\u00f9 h\u1ee3p v\u1edbi s\u1edf th\u00edch c\u1ee7a du kh\u00e1ch gia \u0111\u00ecnh v\u00e0 c\u00f4ng t\u00e1c t\u1ea1i trung t\u00e2m th\u00e0nh ph\u1ed1.<\/p>","protected":false},"featured_media":674,"comment_status":"open","ping_status":"closed","template":"","meta":{"_acf_changed":false},"product_cat":[22],"product_tag":[],"class_list":{"0":"post-567","1":"product","2":"type-product","3":"status-publish","4":"has-post-thumbnail","6":"product_cat-phong-ngu","8":"first","9":"instock","10":"virtual","11":"purchasable","12":"product-type-simple"},"acf":[],"yoast_head":"<!-- This site is optimized with the Yoast SEO plugin v23.2 - https:\/\/yoast.com\/wordpress\/plugins\/seo\/ -->\n<title>PH\u00d2NG SUPERIOR 1 GI\u01af\u1edcNG KING SIZE \u2013 VIEW TH\u00c0NH PH\u1ed0 - riversidequangyenhotel.com<\/title>\n<meta name=\"description\" content=\"Ch\u00e0o \u0111\u00f3n b\u1ea1n \u0111\u1ebfn v\u1edbi ph\u00f2ng Superior 1 gi\u01b0\u1eddng King Size t\u1ea1i Riverside Qu\u1ea3ng Y\u00ean Hotel, n\u01a1i k\u1ebft h\u1ee3p gi\u1eefa thi\u1ebft k\u1ebf hi\u1ec7n \u0111\u1ea1i, ti\u1ec7n nghi cao c\u1ea5p v\u00e0 t\u1ea7m nh\u00ecn tuy\u1ec7t \u0111\u1eb9p ra th\u00e0nh ph\u1ed1. \u0110\u00e2y l\u00e0 s\u1ef1 l\u1ef1a ch\u1ecdn ho\u00e0n h\u1ea3o cho nh\u1eefng ai mu\u1ed1n t\u1eadn h\u01b0\u1edfng kh\u00f4ng gian ngh\u1ec9 d\u01b0\u1ee1ng tho\u1ea3i m\u00e1i v\u00e0 th\u01b0 gi\u00e3n trong m\u1ed9t k\u1ef3 ngh\u1ec9 ho\u1eb7c chuy\u1ebfn c\u00f4ng t\u00e1c.\" \/>\n<meta name=\"robots\" content=\"index, follow, max-snippet:-1, max-image-preview:large, max-video-preview:-1\" \/>\n<link rel=\"canonical\" href=\"https:\/\/riversidequangyenhotel.com\/en\/room\/phong-superior-city-view\/\" \/>\n<meta property=\"og:locale\" content=\"en_US\" \/>\n<meta property=\"og:type\" content=\"article\" \/>\n<meta property=\"og:title\" content=\"PH\u00d2NG SUPERIOR 1 GI\u01af\u1edcNG KING SIZE \u2013 VIEW TH\u00c0NH PH\u1ed0 - riversidequangyenhotel.com\" \/>\n<meta property=\"og:description\" content=\"Ch\u00e0o \u0111\u00f3n b\u1ea1n \u0111\u1ebfn v\u1edbi ph\u00f2ng Superior 1 gi\u01b0\u1eddng King Size t\u1ea1i Riverside Qu\u1ea3ng Y\u00ean Hotel, n\u01a1i k\u1ebft h\u1ee3p gi\u1eefa thi\u1ebft k\u1ebf hi\u1ec7n \u0111\u1ea1i, ti\u1ec7n nghi cao c\u1ea5p v\u00e0 t\u1ea7m nh\u00ecn tuy\u1ec7t \u0111\u1eb9p ra th\u00e0nh ph\u1ed1. \u0110\u00e2y l\u00e0 s\u1ef1 l\u1ef1a ch\u1ecdn ho\u00e0n h\u1ea3o cho nh\u1eefng ai mu\u1ed1n t\u1eadn h\u01b0\u1edfng kh\u00f4ng gian ngh\u1ec9 d\u01b0\u1ee1ng tho\u1ea3i m\u00e1i v\u00e0 th\u01b0 gi\u00e3n trong m\u1ed9t k\u1ef3 ngh\u1ec9 ho\u1eb7c chuy\u1ebfn c\u00f4ng t\u00e1c.\" \/>\n<meta property=\"og:url\" content=\"https:\/\/riversidequangyenhotel.com\/en\/room\/phong-superior-city-view\/\" \/>\n<meta property=\"og:site_name\" content=\"riversidequangyenhotel.com\" \/>\n<meta property=\"article:modified_time\" content=\"2025-03-16T07:10:40+00:00\" \/>\n<meta property=\"og:image\" content=\"https:\/\/riversidequangyenhotel.com\/wp-content\/uploads\/2025\/03\/GSD_0732-scaled.jpg\" \/>\n\t<meta property=\"og:image:width\" content=\"2560\" \/>\n\t<meta property=\"og:image:height\" content=\"1704\" \/>\n\t<meta property=\"og:image:type\" content=\"image\/jpeg\" \/>\n<meta name=\"twitter:card\" content=\"summary_large_image\" \/>\n<meta name=\"twitter:label1\" content=\"Est. reading time\" \/>\n\t<meta name=\"twitter:data1\" content=\"3 minutes\" \/>\n<script type=\"application\/ld+json\" class=\"yoast-schema-graph\">{\"@context\":\"https:\/\/schema.org\",\"@graph\":[{\"@type\":\"WebPage\",\"@id\":\"https:\/\/riversidequangyenhotel.com\/room\/phong-superior-city-view\/\",\"url\":\"https:\/\/riversidequangyenhotel.com\/room\/phong-superior-city-view\/\",\"name\":\"PH\u00d2NG SUPERIOR 1 GI\u01af\u1edcNG KING SIZE \u2013 VIEW TH\u00c0NH PH\u1ed0 - riversidequangyenhotel.com\",\"isPartOf\":{\"@id\":\"https:\/\/riversidequangyenhotel.com\/#website\"},\"primaryImageOfPage\":{\"@id\":\"https:\/\/riversidequangyenhotel.com\/room\/phong-superior-city-view\/#primaryimage\"},\"image\":{\"@id\":\"https:\/\/riversidequangyenhotel.com\/room\/phong-superior-city-view\/#primaryimage\"},\"thumbnailUrl\":\"https:\/\/riversidequangyenhotel.com\/wp-content\/uploads\/2025\/03\/GSD_0732-scaled.jpg\",\"datePublished\":\"2020-12-05T04:00:23+00:00\",\"dateModified\":\"2025-03-16T07:10:40+00:00\",\"description\":\"Ch\u00e0o \u0111\u00f3n b\u1ea1n \u0111\u1ebfn v\u1edbi ph\u00f2ng Superior 1 gi\u01b0\u1eddng King Size t\u1ea1i Riverside Qu\u1ea3ng Y\u00ean Hotel, n\u01a1i k\u1ebft h\u1ee3p gi\u1eefa thi\u1ebft k\u1ebf hi\u1ec7n \u0111\u1ea1i, ti\u1ec7n nghi cao c\u1ea5p v\u00e0 t\u1ea7m nh\u00ecn tuy\u1ec7t \u0111\u1eb9p ra th\u00e0nh ph\u1ed1. \u0110\u00e2y l\u00e0 s\u1ef1 l\u1ef1a ch\u1ecdn ho\u00e0n h\u1ea3o cho nh\u1eefng ai mu\u1ed1n t\u1eadn h\u01b0\u1edfng kh\u00f4ng gian ngh\u1ec9 d\u01b0\u1ee1ng tho\u1ea3i m\u00e1i v\u00e0 th\u01b0 gi\u00e3n trong m\u1ed9t k\u1ef3 ngh\u1ec9 ho\u1eb7c chuy\u1ebfn c\u00f4ng t\u00e1c.\",\"breadcrumb\":{\"@id\":\"https:\/\/riversidequangyenhotel.com\/room\/phong-superior-city-view\/#breadcrumb\"},\"inLanguage\":\"en-US\",\"potentialAction\":[{\"@type\":\"ReadAction\",\"target\":[\"https:\/\/riversidequangyenhotel.com\/room\/phong-superior-city-view\/\"]}]},{\"@type\":\"ImageObject\",\"inLanguage\":\"en-US\",\"@id\":\"https:\/\/riversidequangyenhotel.com\/room\/phong-superior-city-view\/#primaryimage\",\"url\":\"https:\/\/riversidequangyenhotel.com\/wp-content\/uploads\/2025\/03\/GSD_0732-scaled.jpg\",\"contentUrl\":\"https:\/\/riversidequangyenhotel.com\/wp-content\/uploads\/2025\/03\/GSD_0732-scaled.jpg\",\"width\":2560,\"height\":1704},{\"@type\":\"BreadcrumbList\",\"@id\":\"https:\/\/riversidequangyenhotel.com\/room\/phong-superior-city-view\/#breadcrumb\",\"itemListElement\":[{\"@type\":\"ListItem\",\"position\":1,\"name\":\"Trang ch\u1ee7\",\"item\":\"https:\/\/riversidequangyenhotel.com\/\"},{\"@type\":\"ListItem\",\"position\":2,\"name\":\"C\u00e1c ph\u00f2ng\",\"item\":\"https:\/\/riversidequangyenhotel.com\/phong\/\"},{\"@type\":\"ListItem\",\"position\":3,\"name\":\"PH\u00d2NG SUPERIOR 1 GI\u01af\u1edcNG KING SIZE \u2013 VIEW TH\u00c0NH PH\u1ed0\"}]},{\"@type\":\"WebSite\",\"@id\":\"https:\/\/riversidequangyenhotel.com\/#website\",\"url\":\"https:\/\/riversidequangyenhotel.com\/\",\"name\":\"riversidequangyenhotel.com\",\"description\":\"Kh\u00e1ch s\u1ea1n 3 sao b\u00ean b\u1edd s\u00f4ng Chanh\",\"potentialAction\":[{\"@type\":\"SearchAction\",\"target\":{\"@type\":\"EntryPoint\",\"urlTemplate\":\"https:\/\/riversidequangyenhotel.com\/?s={search_term_string}\"},\"query-input\":\"required name=search_term_string\"}],\"inLanguage\":\"en-US\"}]}<\/script>\n<!-- \/ Yoast SEO plugin. -->","yoast_head_json":{"title":"PH\u00d2NG SUPERIOR 1 GI\u01af\u1edcNG KING SIZE \u2013 VIEW TH\u00c0NH PH\u1ed0 - riversidequangyenhotel.com","description":"Ch\u00e0o \u0111\u00f3n b\u1ea1n \u0111\u1ebfn v\u1edbi ph\u00f2ng Superior 1 gi\u01b0\u1eddng King Size t\u1ea1i Riverside Qu\u1ea3ng Y\u00ean Hotel, n\u01a1i k\u1ebft h\u1ee3p gi\u1eefa thi\u1ebft k\u1ebf hi\u1ec7n \u0111\u1ea1i, ti\u1ec7n nghi cao c\u1ea5p v\u00e0 t\u1ea7m nh\u00ecn tuy\u1ec7t \u0111\u1eb9p ra th\u00e0nh ph\u1ed1. \u0110\u00e2y l\u00e0 s\u1ef1 l\u1ef1a ch\u1ecdn ho\u00e0n h\u1ea3o cho nh\u1eefng ai mu\u1ed1n t\u1eadn h\u01b0\u1edfng kh\u00f4ng gian ngh\u1ec9 d\u01b0\u1ee1ng tho\u1ea3i m\u00e1i v\u00e0 th\u01b0 gi\u00e3n trong m\u1ed9t k\u1ef3 ngh\u1ec9 ho\u1eb7c chuy\u1ebfn c\u00f4ng t\u00e1c.","robots":{"index":"index","follow":"follow","max-snippet":"max-snippet:-1","max-image-preview":"max-image-preview:large","max-video-preview":"max-video-preview:-1"},"canonical":"https:\/\/riversidequangyenhotel.com\/en\/room\/phong-superior-city-view\/","og_locale":"en_US","og_type":"article","og_title":"PH\u00d2NG SUPERIOR 1 GI\u01af\u1edcNG KING SIZE \u2013 VIEW TH\u00c0NH PH\u1ed0 - riversidequangyenhotel.com","og_description":"Ch\u00e0o \u0111\u00f3n b\u1ea1n \u0111\u1ebfn v\u1edbi ph\u00f2ng Superior 1 gi\u01b0\u1eddng King Size t\u1ea1i Riverside Qu\u1ea3ng Y\u00ean Hotel, n\u01a1i k\u1ebft h\u1ee3p gi\u1eefa thi\u1ebft k\u1ebf hi\u1ec7n \u0111\u1ea1i, ti\u1ec7n nghi cao c\u1ea5p v\u00e0 t\u1ea7m nh\u00ecn tuy\u1ec7t \u0111\u1eb9p ra th\u00e0nh ph\u1ed1. \u0110\u00e2y l\u00e0 s\u1ef1 l\u1ef1a ch\u1ecdn ho\u00e0n h\u1ea3o cho nh\u1eefng ai mu\u1ed1n t\u1eadn h\u01b0\u1edfng kh\u00f4ng gian ngh\u1ec9 d\u01b0\u1ee1ng tho\u1ea3i m\u00e1i v\u00e0 th\u01b0 gi\u00e3n trong m\u1ed9t k\u1ef3 ngh\u1ec9 ho\u1eb7c chuy\u1ebfn c\u00f4ng t\u00e1c.","og_url":"https:\/\/riversidequangyenhotel.com\/en\/room\/phong-superior-city-view\/","og_site_name":"riversidequangyenhotel.com","article_modified_time":"2025-03-16T07:10:40+00:00","og_image":[{"width":2560,"height":1704,"url":"https:\/\/riversidequangyenhotel.com\/wp-content\/uploads\/2025\/03\/GSD_0732-scaled.jpg","type":"image\/jpeg"}],"twitter_card":"summary_large_image","twitter_misc":{"Est. reading time":"3 minutes"},"schema":{"@context":"https:\/\/schema.org","@graph":[{"@type":"WebPage","@id":"https:\/\/riversidequangyenhotel.com\/room\/phong-superior-city-view\/","url":"https:\/\/riversidequangyenhotel.com\/room\/phong-superior-city-view\/","name":"PH\u00d2NG SUPERIOR 1 GI\u01af\u1edcNG KING SIZE \u2013 VIEW TH\u00c0NH PH\u1ed0 - riversidequangyenhotel.com","isPartOf":{"@id":"https:\/\/riversidequangyenhotel.com\/#website"},"primaryImageOfPage":{"@id":"https:\/\/riversidequangyenhotel.com\/room\/phong-superior-city-view\/#primaryimage"},"image":{"@id":"https:\/\/riversidequangyenhotel.com\/room\/phong-superior-city-view\/#primaryimage"},"thumbnailUrl":"https:\/\/riversidequangyenhotel.com\/wp-content\/uploads\/2025\/03\/GSD_0732-scaled.jpg","datePublished":"2020-12-05T04:00:23+00:00","dateModified":"2025-03-16T07:10:40+00:00","description":"Ch\u00e0o \u0111\u00f3n b\u1ea1n \u0111\u1ebfn v\u1edbi ph\u00f2ng Superior 1 gi\u01b0\u1eddng King Size t\u1ea1i Riverside Qu\u1ea3ng Y\u00ean Hotel, n\u01a1i k\u1ebft h\u1ee3p gi\u1eefa thi\u1ebft k\u1ebf hi\u1ec7n \u0111\u1ea1i, ti\u1ec7n nghi cao c\u1ea5p v\u00e0 t\u1ea7m nh\u00ecn tuy\u1ec7t \u0111\u1eb9p ra th\u00e0nh ph\u1ed1. \u0110\u00e2y l\u00e0 s\u1ef1 l\u1ef1a ch\u1ecdn ho\u00e0n h\u1ea3o cho nh\u1eefng ai mu\u1ed1n t\u1eadn h\u01b0\u1edfng kh\u00f4ng gian ngh\u1ec9 d\u01b0\u1ee1ng tho\u1ea3i m\u00e1i v\u00e0 th\u01b0 gi\u00e3n trong m\u1ed9t k\u1ef3 ngh\u1ec9 ho\u1eb7c chuy\u1ebfn c\u00f4ng t\u00e1c.","breadcrumb":{"@id":"https:\/\/riversidequangyenhotel.com\/room\/phong-superior-city-view\/#breadcrumb"},"inLanguage":"en-US","potentialAction":[{"@type":"ReadAction","target":["https:\/\/riversidequangyenhotel.com\/room\/phong-superior-city-view\/"]}]},{"@type":"ImageObject","inLanguage":"en-US","@id":"https:\/\/riversidequangyenhotel.com\/room\/phong-superior-city-view\/#primaryimage","url":"https:\/\/riversidequangyenhotel.com\/wp-content\/uploads\/2025\/03\/GSD_0732-scaled.jpg","contentUrl":"https:\/\/riversidequangyenhotel.com\/wp-content\/uploads\/2025\/03\/GSD_0732-scaled.jpg","width":2560,"height":1704},{"@type":"BreadcrumbList","@id":"https:\/\/riversidequangyenhotel.com\/room\/phong-superior-city-view\/#breadcrumb","itemListElement":[{"@type":"ListItem","position":1,"name":"Trang ch\u1ee7","item":"https:\/\/riversidequangyenhotel.com\/"},{"@type":"ListItem","position":2,"name":"C\u00e1c ph\u00f2ng","item":"https:\/\/riversidequangyenhotel.com\/phong\/"},{"@type":"ListItem","position":3,"name":"PH\u00d2NG SUPERIOR 1 GI\u01af\u1edcNG KING SIZE \u2013 VIEW TH\u00c0NH PH\u1ed0"}]},{"@type":"WebSite","@id":"https:\/\/riversidequangyenhotel.com\/#website","url":"https:\/\/riversidequangyenhotel.com\/","name":"riversidequangyenhotel.com","description":"Kh\u00e1ch s\u1ea1n 3 sao b\u00ean b\u1edd s\u00f4ng Chanh","potentialAction":[{"@type":"SearchAction","target":{"@type":"EntryPoint","urlTemplate":"https:\/\/riversidequangyenhotel.com\/?s={search_term_string}"},"query-input":"required name=search_term_string"}],"inLanguage":"en-US"}]}},"_links":{"self":[{"href":"https:\/\/riversidequangyenhotel.com\/en\/wp-json\/wp\/v2\/product\/567"}],"collection":[{"href":"https:\/\/riversidequangyenhotel.com\/en\/wp-json\/wp\/v2\/product"}],"about":[{"href":"https:\/\/riversidequangyenhotel.com\/en\/wp-json\/wp\/v2\/types\/product"}],"replies":[{"embeddable":true,"href":"https:\/\/riversidequangyenhotel.com\/en\/wp-json\/wp\/v2\/comments?post=567"}],"wp:featuredmedia":[{"embeddable":true,"href":"https:\/\/riversidequangyenhotel.com\/en\/wp-json\/wp\/v2\/media\/674"}],"wp:attachment":[{"href":"https:\/\/riversidequangyenhotel.com\/en\/wp-json\/wp\/v2\/media?parent=567"}],"wp:term":[{"taxonomy":"product_cat","embeddable":true,"href":"https:\/\/riversidequangyenhotel.com\/en\/wp-json\/wp\/v2\/product_cat?post=567"},{"taxonomy":"product_tag","embeddable":true,"href":"https:\/\/riversidequangyenhotel.com\/en\/wp-json\/wp\/v2\/product_tag?post=567"}],"curies":[{"name":"wp","href":"https:\/\/api.w.org\/{rel}","templated":true}]}}