{"id":565,"date":"2020-12-05T10:59:47","date_gmt":"2020-12-05T03:59:47","guid":{"rendered":"http:\/\/riversidequangyenhotel.com\/?post_type=product&#038;p=565"},"modified":"2025-03-17T00:54:09","modified_gmt":"2025-03-16T17:54:09","slug":"phong-superior-rooftop-city-view","status":"publish","type":"product","link":"https:\/\/riversidequangyenhotel.com\/en\/room\/phong-superior-rooftop-city-view\/","title":{"rendered":"PH\u00d2NG SUPERIOR ROOFTOP \u00c1P M\u00c1I 1 GI\u01af\u1edcNG KING SIZE \u2013 VIEW TH\u00c0NH PH\u1ed0"},"content":{"rendered":"<h3 data-start=\"0\" data-end=\"73\"><strong data-start=\"4\" data-end=\"73\">PH\u00d2NG SUPERIOR ROOFTOP \u00c1P M\u00c1I 1 GI\u01af\u1edcNG KING SIZE \u2013 VIEW TH\u00c0NH PH\u1ed0<\/strong><\/h3>\n<p data-start=\"75\" data-end=\"410\">Ch\u00e0o \u0111\u00f3n b\u1ea1n \u0111\u1ebfn v\u1edbi <strong data-start=\"96\" data-end=\"148\">ph\u00f2ng Superior Rooftop \u00c1p M\u00e1i 1 gi\u01b0\u1eddng King Size<\/strong> t\u1ea1i <strong data-start=\"153\" data-end=\"182\">Riverside Qu\u1ea3ng Y\u00ean Hotel<\/strong>, m\u1ed9t kh\u00f4ng gian ngh\u1ec9 d\u01b0\u1ee1ng l\u00fd t\u01b0\u1edfng v\u1edbi <strong data-start=\"223\" data-end=\"244\">thi\u1ebft k\u1ebf hi\u1ec7n \u0111\u1ea1i<\/strong>, <strong data-start=\"246\" data-end=\"267\">ti\u1ec7n nghi cao c\u1ea5p<\/strong> v\u00e0 <strong data-start=\"271\" data-end=\"306\">t\u1ea7m nh\u00ecn tuy\u1ec7t \u0111\u1eb9p ra th\u00e0nh ph\u1ed1<\/strong>. Ph\u00f2ng n\u00e0y mang \u0111\u1ebfn cho b\u1ea1n s\u1ef1 ri\u00eang t\u01b0, tho\u1ea3i m\u00e1i v\u00e0 tr\u1ea3i nghi\u1ec7m \u0111\u1eb3ng c\u1ea5p trong kh\u00f4ng gian sang tr\u1ecdng.<\/p>\n<h4 data-start=\"412\" data-end=\"473\"><strong data-start=\"417\" data-end=\"471\">1. Kh\u00f4ng gian sang tr\u1ecdng, view th\u00e0nh ph\u1ed1 tuy\u1ec7t \u0111\u1eb9p<\/strong><\/h4>\n<p data-start=\"474\" data-end=\"774\">Ph\u00f2ng Superior Rooftop \u0111\u01b0\u1ee3c thi\u1ebft k\u1ebf theo phong c\u00e1ch <strong data-start=\"527\" data-end=\"550\">hi\u1ec7n \u0111\u1ea1i v\u00e0 tinh t\u1ebf<\/strong>, v\u1edbi <strong data-start=\"556\" data-end=\"570\">c\u1eeda s\u1ed5 l\u1edbn<\/strong> gi\u00fap t\u1eadn d\u1ee5ng \u00e1nh s\u00e1ng t\u1ef1 nhi\u00ean v\u00e0 mang \u0111\u1ebfn c\u1ea3m gi\u00e1c tho\u1ea3i m\u00e1i. T\u1eeb ph\u00f2ng, b\u1ea1n c\u00f3 th\u1ec3 chi\u00eam ng\u01b0\u1ee1ng <strong data-start=\"669\" data-end=\"692\">to\u00e0n c\u1ea3nh th\u00e0nh ph\u1ed1<\/strong>, \u0111\u1eb7c bi\u1ec7t l\u00e0 v\u1ebb \u0111\u1eb9p s\u1ed1ng \u0111\u1ed9ng v\u00e0 lung linh v\u00e0o ban \u0111\u00eam khi \u00e1nh \u0111\u00e8n th\u00e0nh ph\u1ed1 l\u00ean.<\/p>\n<h4 data-start=\"776\" data-end=\"831\"><strong data-start=\"781\" data-end=\"829\">2. Gi\u01b0\u1eddng King Size r\u1ed9ng r\u00e3i, gi\u1ea5c ng\u1ee7 \u00eam \u00e1i<\/strong><\/h4>\n<p data-start=\"832\" data-end=\"1048\">Ph\u00f2ng \u0111\u01b0\u1ee3c trang b\u1ecb <strong data-start=\"852\" data-end=\"874\">1 gi\u01b0\u1eddng King Size<\/strong> v\u1edbi <strong data-start=\"879\" data-end=\"894\">n\u1ec7m cao c\u1ea5p<\/strong>, gi\u00fap b\u1ea1n t\u1eadn h\u01b0\u1edfng gi\u1ea5c ng\u1ee7 \u00eam \u00e1i v\u00e0 th\u01b0 gi\u00e3n t\u1ed1i \u0111a. \u0110\u00e2y l\u00e0 s\u1ef1 l\u1ef1a ch\u1ecdn ho\u00e0n h\u1ea3o cho nh\u1eefng ai t\u00ecm ki\u1ebfm s\u1ef1 ri\u00eang t\u01b0 v\u00e0 kh\u00f4ng gian r\u1ed9ng r\u00e3i \u0111\u1ec3 ngh\u1ec9 ng\u01a1i.<\/p>\n<h4 data-start=\"1050\" data-end=\"1090\"><strong data-start=\"1055\" data-end=\"1088\">3. Ti\u1ec7n nghi \u0111\u1ea7y \u0111\u1ee7, hi\u1ec7n \u0111\u1ea1i<\/strong><\/h4>\n<p data-start=\"1091\" data-end=\"1188\">Ph\u00f2ng Superior Rooftop \u0111\u01b0\u1ee3c trang b\u1ecb \u0111\u1ea7y \u0111\u1ee7 c\u00e1c <strong data-start=\"1139\" data-end=\"1161\">ti\u1ec7n nghi hi\u1ec7n \u0111\u1ea1i<\/strong> v\u00e0 <strong data-start=\"1165\" data-end=\"1176\">cao c\u1ea5p<\/strong>, bao g\u1ed3m:<\/p>\n<ul data-start=\"1189\" data-end=\"1546\">\n<li data-start=\"1189\" data-end=\"1248\"><strong data-start=\"1191\" data-end=\"1214\">Tivi m\u00e0n h\u00ecnh ph\u1eb3ng<\/strong> v\u1edbi nhi\u1ec1u k\u00eanh gi\u1ea3i tr\u00ed h\u1ea5p d\u1eabn<\/li>\n<li data-start=\"1249\" data-end=\"1300\"><strong data-start=\"1251\" data-end=\"1267\">T\u1ee7 l\u1ea1nh mini<\/strong> \u0111\u1ec3 b\u1ea3o qu\u1ea3n \u0111\u1ed3 \u0103n v\u00e0 th\u1ee9c u\u1ed1ng<\/li>\n<li data-start=\"1301\" data-end=\"1368\"><strong data-start=\"1303\" data-end=\"1328\">B\u00e0n l\u00e0m vi\u1ec7c r\u1ed9ng r\u00e3i<\/strong>, ph\u00f9 h\u1ee3p cho c\u00f4ng vi\u1ec7c ho\u1eb7c ngh\u1ec9 ng\u01a1i<\/li>\n<li data-start=\"1369\" data-end=\"1444\"><strong data-start=\"1371\" data-end=\"1393\">B\u00e0n tr\u00e0 sang tr\u1ecdng<\/strong>, l\u00fd t\u01b0\u1edfng \u0111\u1ec3 th\u01b0\u1edfng th\u1ee9c tr\u00e0, c\u00e0 ph\u00ea v\u00e0 th\u01b0 gi\u00e3n<\/li>\n<li data-start=\"1445\" data-end=\"1546\"><strong data-start=\"1447\" data-end=\"1469\">\u0110i\u1ec1u h\u00f2a kh\u00f4ng kh\u00ed<\/strong>, <strong data-start=\"1471\" data-end=\"1491\">Wi-Fi t\u1ed1c \u0111\u1ed9 cao<\/strong>, <strong data-start=\"1493\" data-end=\"1508\">m\u00e1y s\u1ea5y t\u00f3c<\/strong>, <strong data-start=\"1510\" data-end=\"1525\">\u1ea5m \u0111un n\u01b0\u1edbc<\/strong> v\u00e0 c\u00e1c ti\u1ec7n \u00edch kh\u00e1c<\/li>\n<\/ul>\n<h4 data-start=\"1548\" data-end=\"1591\"><strong data-start=\"1553\" data-end=\"1589\">4. T\u1ea7m nh\u00ecn th\u00e0nh ph\u1ed1 t\u1eeb m\u00e1i nh\u00e0<\/strong><\/h4>\n<p data-start=\"1592\" data-end=\"1834\">T\u1eeb c\u1eeda s\u1ed5 trong ph\u00f2ng, b\u1ea1n s\u1ebd \u0111\u01b0\u1ee3c chi\u00eam ng\u01b0\u1ee1ng <strong data-start=\"1640\" data-end=\"1675\">t\u1ea7m nh\u00ecn tuy\u1ec7t v\u1eddi ra th\u00e0nh ph\u1ed1<\/strong>, gi\u00fap b\u1ea1n c\u1ea3m nh\u1eadn \u0111\u01b0\u1ee3c nh\u1ecbp s\u1ed1ng s\u00f4i \u0111\u1ed9ng v\u00e0 n\u0103ng \u0111\u1ed9ng c\u1ee7a Qu\u1ea3ng Y\u00ean. \u0110\u1eb7c bi\u1ec7t, v\u00e0o ban \u0111\u00eam, \u00e1nh \u0111\u00e8n th\u00e0nh ph\u1ed1 s\u1ebd t\u1ea1o n\u00ean m\u1ed9t kh\u00f4ng gian lung linh, l\u00e3ng m\u1ea1n.<\/p>\n<h4 data-start=\"1836\" data-end=\"1880\"><strong data-start=\"1841\" data-end=\"1878\">5. D\u1ecbch v\u1ee5 chuy\u00ean nghi\u1ec7p, t\u1eadn t\u00e2m<\/strong><\/h4>\n<p data-start=\"1881\" data-end=\"2048\">Kh\u00e1ch l\u01b0u tr\u00fa t\u1ea1i ph\u00f2ng Superior Rooftop s\u1ebd \u0111\u01b0\u1ee3c tr\u1ea3i nghi\u1ec7m <strong data-start=\"1942\" data-end=\"1972\">d\u1ecbch v\u1ee5 ph\u00f2ng chu \u0111\u00e1o 24\/7<\/strong>, \u0111\u1ea3m b\u1ea3o \u0111\u00e1p \u1ee9ng m\u1ecdi nhu c\u1ea7u c\u1ee7a b\u1ea1n m\u1ed9t c\u00e1ch nhanh ch\u00f3ng v\u00e0 chuy\u00ean nghi\u1ec7p.<\/p>\n<p data-start=\"2050\" data-end=\"2284\" data-is-last-node=\"\" data-is-only-node=\"\">\ud83c\udf3f <strong data-start=\"2053\" data-end=\"2122\">Ph\u00f2ng Superior Rooftop \u00c1p M\u00e1i 1 Gi\u01b0\u1eddng King Size \u2013 View Th\u00e0nh Ph\u1ed1<\/strong> l\u00e0 l\u1ef1a ch\u1ecdn l\u00fd t\u01b0\u1edfng cho nh\u1eefng ai t\u00ecm ki\u1ebfm kh\u00f4ng gian <strong data-start=\"2177\" data-end=\"2191\">sang tr\u1ecdng<\/strong>, <strong data-start=\"2193\" data-end=\"2213\">ti\u1ec7n nghi \u0111\u1ea7y \u0111\u1ee7<\/strong> v\u00e0 <strong data-start=\"2217\" data-end=\"2249\">t\u1ea7m nh\u00ecn th\u00e0nh ph\u1ed1 tuy\u1ec7t \u0111\u1eb9p<\/strong> t\u1ea1i <strong data-start=\"2254\" data-end=\"2283\">Riverside Qu\u1ea3ng Y\u00ean Hotel<\/strong>.<\/p>","protected":false},"excerpt":{"rendered":"<p>V\u1edbi di\u1ec7n t\u00edch 35m2 Kh\u00f4ng gian c\u1ee7a ph\u00f2ng \u0111\u01b0\u1ee3c thi\u1ebft k\u1ebf \u1ea5n t\u01b0\u1ee3ng b\u1edfi m\u00e0u s\u1eafc \u1ea5m \u00e1p, h\u00e0i h\u00f2a v\u1edbi quang c\u1ea3nh th\u00e0nh ph\u1ed1 \u00eam \u0111\u1ec1m, n\u1ed9i th\u1ea5t g\u1ed7 sang tr\u1ecdng,\u0111\u1ea7y \u0111\u1ee7 ti\u1ec7n nghi, ph\u00f2ng Superior Rooftop\u00a0 \u0111\u01b0\u1ee3c thi\u1ebft k\u1ebf \u0111\u1ec3 ph\u00f9 h\u1ee3p v\u1edbi s\u1edf th\u00edch c\u1ee7a du kh\u00e1ch gia \u0111\u00ecnh v\u00e0 c\u00f4ng t\u00e1c t\u1ea1i trung t\u00e2m th\u00e0nh ph\u1ed1.<\/p>","protected":false},"featured_media":739,"comment_status":"open","ping_status":"closed","template":"","meta":{"_acf_changed":false},"product_cat":[22],"product_tag":[],"class_list":{"0":"post-565","1":"product","2":"type-product","3":"status-publish","4":"has-post-thumbnail","6":"product_cat-phong-ngu","8":"first","9":"instock","10":"virtual","11":"purchasable","12":"product-type-simple"},"acf":[],"yoast_head":"<!-- This site is optimized with the Yoast SEO plugin v23.2 - https:\/\/yoast.com\/wordpress\/plugins\/seo\/ -->\n<title>PH\u00d2NG SUPERIOR ROOFTOP \u00c1P M\u00c1I 1 GI\u01af\u1edcNG KING SIZE \u2013 VIEW TH\u00c0NH PH\u1ed0 - riversidequangyenhotel.com<\/title>\n<meta name=\"description\" content=\"Ch\u00e0o \u0111\u00f3n b\u1ea1n \u0111\u1ebfn v\u1edbi ph\u00f2ng Superior Rooftop \u00c1p M\u00e1i 1 gi\u01b0\u1eddng King Size t\u1ea1i Riverside Qu\u1ea3ng Y\u00ean Hotel, m\u1ed9t kh\u00f4ng gian ngh\u1ec9 d\u01b0\u1ee1ng l\u00fd t\u01b0\u1edfng v\u1edbi thi\u1ebft k\u1ebf hi\u1ec7n \u0111\u1ea1i, ti\u1ec7n nghi cao c\u1ea5p v\u00e0 t\u1ea7m nh\u00ecn tuy\u1ec7t \u0111\u1eb9p ra th\u00e0nh ph\u1ed1. Ph\u00f2ng n\u00e0y mang \u0111\u1ebfn cho b\u1ea1n s\u1ef1 ri\u00eang t\u01b0, tho\u1ea3i m\u00e1i v\u00e0 tr\u1ea3i nghi\u1ec7m \u0111\u1eb3ng c\u1ea5p trong kh\u00f4ng gian sang tr\u1ecdng.\" \/>\n<meta name=\"robots\" content=\"index, follow, max-snippet:-1, max-image-preview:large, max-video-preview:-1\" \/>\n<link rel=\"canonical\" href=\"https:\/\/riversidequangyenhotel.com\/en\/room\/phong-superior-rooftop-city-view\/\" \/>\n<meta property=\"og:locale\" content=\"en_US\" \/>\n<meta property=\"og:type\" content=\"article\" \/>\n<meta property=\"og:title\" content=\"PH\u00d2NG SUPERIOR ROOFTOP \u00c1P M\u00c1I 1 GI\u01af\u1edcNG KING SIZE \u2013 VIEW TH\u00c0NH PH\u1ed0 - riversidequangyenhotel.com\" \/>\n<meta property=\"og:description\" content=\"Ch\u00e0o \u0111\u00f3n b\u1ea1n \u0111\u1ebfn v\u1edbi ph\u00f2ng Superior Rooftop \u00c1p M\u00e1i 1 gi\u01b0\u1eddng King Size t\u1ea1i Riverside Qu\u1ea3ng Y\u00ean Hotel, m\u1ed9t kh\u00f4ng gian ngh\u1ec9 d\u01b0\u1ee1ng l\u00fd t\u01b0\u1edfng v\u1edbi thi\u1ebft k\u1ebf hi\u1ec7n \u0111\u1ea1i, ti\u1ec7n nghi cao c\u1ea5p v\u00e0 t\u1ea7m nh\u00ecn tuy\u1ec7t \u0111\u1eb9p ra th\u00e0nh ph\u1ed1. Ph\u00f2ng n\u00e0y mang \u0111\u1ebfn cho b\u1ea1n s\u1ef1 ri\u00eang t\u01b0, tho\u1ea3i m\u00e1i v\u00e0 tr\u1ea3i nghi\u1ec7m \u0111\u1eb3ng c\u1ea5p trong kh\u00f4ng gian sang tr\u1ecdng.\" \/>\n<meta property=\"og:url\" content=\"https:\/\/riversidequangyenhotel.com\/en\/room\/phong-superior-rooftop-city-view\/\" \/>\n<meta property=\"og:site_name\" content=\"riversidequangyenhotel.com\" \/>\n<meta property=\"article:modified_time\" content=\"2025-03-16T17:54:09+00:00\" \/>\n<meta property=\"og:image\" content=\"https:\/\/riversidequangyenhotel.com\/wp-content\/uploads\/2020\/12\/GSD_0821-scaled.jpg\" \/>\n\t<meta property=\"og:image:width\" content=\"2560\" \/>\n\t<meta property=\"og:image:height\" content=\"1703\" \/>\n\t<meta property=\"og:image:type\" content=\"image\/jpeg\" \/>\n<meta name=\"twitter:card\" content=\"summary_large_image\" \/>\n<meta name=\"twitter:label1\" content=\"Est. reading time\" \/>\n\t<meta name=\"twitter:data1\" content=\"3 minutes\" \/>\n<script type=\"application\/ld+json\" class=\"yoast-schema-graph\">{\"@context\":\"https:\/\/schema.org\",\"@graph\":[{\"@type\":\"WebPage\",\"@id\":\"https:\/\/riversidequangyenhotel.com\/room\/phong-superior-rooftop-city-view\/\",\"url\":\"https:\/\/riversidequangyenhotel.com\/room\/phong-superior-rooftop-city-view\/\",\"name\":\"PH\u00d2NG SUPERIOR ROOFTOP \u00c1P M\u00c1I 1 GI\u01af\u1edcNG KING SIZE \u2013 VIEW TH\u00c0NH PH\u1ed0 - riversidequangyenhotel.com\",\"isPartOf\":{\"@id\":\"https:\/\/riversidequangyenhotel.com\/#website\"},\"primaryImageOfPage\":{\"@id\":\"https:\/\/riversidequangyenhotel.com\/room\/phong-superior-rooftop-city-view\/#primaryimage\"},\"image\":{\"@id\":\"https:\/\/riversidequangyenhotel.com\/room\/phong-superior-rooftop-city-view\/#primaryimage\"},\"thumbnailUrl\":\"https:\/\/riversidequangyenhotel.com\/wp-content\/uploads\/2020\/12\/GSD_0821-scaled.jpg\",\"datePublished\":\"2020-12-05T03:59:47+00:00\",\"dateModified\":\"2025-03-16T17:54:09+00:00\",\"description\":\"Ch\u00e0o \u0111\u00f3n b\u1ea1n \u0111\u1ebfn v\u1edbi ph\u00f2ng Superior Rooftop \u00c1p M\u00e1i 1 gi\u01b0\u1eddng King Size t\u1ea1i Riverside Qu\u1ea3ng Y\u00ean Hotel, m\u1ed9t kh\u00f4ng gian ngh\u1ec9 d\u01b0\u1ee1ng l\u00fd t\u01b0\u1edfng v\u1edbi thi\u1ebft k\u1ebf hi\u1ec7n \u0111\u1ea1i, ti\u1ec7n nghi cao c\u1ea5p v\u00e0 t\u1ea7m nh\u00ecn tuy\u1ec7t \u0111\u1eb9p ra th\u00e0nh ph\u1ed1. Ph\u00f2ng n\u00e0y mang \u0111\u1ebfn cho b\u1ea1n s\u1ef1 ri\u00eang t\u01b0, tho\u1ea3i m\u00e1i v\u00e0 tr\u1ea3i nghi\u1ec7m \u0111\u1eb3ng c\u1ea5p trong kh\u00f4ng gian sang tr\u1ecdng.\",\"breadcrumb\":{\"@id\":\"https:\/\/riversidequangyenhotel.com\/room\/phong-superior-rooftop-city-view\/#breadcrumb\"},\"inLanguage\":\"en-US\",\"potentialAction\":[{\"@type\":\"ReadAction\",\"target\":[\"https:\/\/riversidequangyenhotel.com\/room\/phong-superior-rooftop-city-view\/\"]}]},{\"@type\":\"ImageObject\",\"inLanguage\":\"en-US\",\"@id\":\"https:\/\/riversidequangyenhotel.com\/room\/phong-superior-rooftop-city-view\/#primaryimage\",\"url\":\"https:\/\/riversidequangyenhotel.com\/wp-content\/uploads\/2020\/12\/GSD_0821-scaled.jpg\",\"contentUrl\":\"https:\/\/riversidequangyenhotel.com\/wp-content\/uploads\/2020\/12\/GSD_0821-scaled.jpg\",\"width\":2560,\"height\":1703},{\"@type\":\"BreadcrumbList\",\"@id\":\"https:\/\/riversidequangyenhotel.com\/room\/phong-superior-rooftop-city-view\/#breadcrumb\",\"itemListElement\":[{\"@type\":\"ListItem\",\"position\":1,\"name\":\"Trang ch\u1ee7\",\"item\":\"https:\/\/riversidequangyenhotel.com\/\"},{\"@type\":\"ListItem\",\"position\":2,\"name\":\"C\u00e1c ph\u00f2ng\",\"item\":\"https:\/\/riversidequangyenhotel.com\/phong\/\"},{\"@type\":\"ListItem\",\"position\":3,\"name\":\"PH\u00d2NG SUPERIOR ROOFTOP \u00c1P M\u00c1I 1 GI\u01af\u1edcNG KING SIZE \u2013 VIEW TH\u00c0NH PH\u1ed0\"}]},{\"@type\":\"WebSite\",\"@id\":\"https:\/\/riversidequangyenhotel.com\/#website\",\"url\":\"https:\/\/riversidequangyenhotel.com\/\",\"name\":\"riversidequangyenhotel.com\",\"description\":\"Kh\u00e1ch s\u1ea1n 3 sao b\u00ean b\u1edd s\u00f4ng Chanh\",\"potentialAction\":[{\"@type\":\"SearchAction\",\"target\":{\"@type\":\"EntryPoint\",\"urlTemplate\":\"https:\/\/riversidequangyenhotel.com\/?s={search_term_string}\"},\"query-input\":\"required name=search_term_string\"}],\"inLanguage\":\"en-US\"}]}<\/script>\n<!-- \/ Yoast SEO plugin. -->","yoast_head_json":{"title":"PH\u00d2NG SUPERIOR ROOFTOP \u00c1P M\u00c1I 1 GI\u01af\u1edcNG KING SIZE \u2013 VIEW TH\u00c0NH PH\u1ed0 - riversidequangyenhotel.com","description":"Ch\u00e0o \u0111\u00f3n b\u1ea1n \u0111\u1ebfn v\u1edbi ph\u00f2ng Superior Rooftop \u00c1p M\u00e1i 1 gi\u01b0\u1eddng King Size t\u1ea1i Riverside Qu\u1ea3ng Y\u00ean Hotel, m\u1ed9t kh\u00f4ng gian ngh\u1ec9 d\u01b0\u1ee1ng l\u00fd t\u01b0\u1edfng v\u1edbi thi\u1ebft k\u1ebf hi\u1ec7n \u0111\u1ea1i, ti\u1ec7n nghi cao c\u1ea5p v\u00e0 t\u1ea7m nh\u00ecn tuy\u1ec7t \u0111\u1eb9p ra th\u00e0nh ph\u1ed1. Ph\u00f2ng n\u00e0y mang \u0111\u1ebfn cho b\u1ea1n s\u1ef1 ri\u00eang t\u01b0, tho\u1ea3i m\u00e1i v\u00e0 tr\u1ea3i nghi\u1ec7m \u0111\u1eb3ng c\u1ea5p trong kh\u00f4ng gian sang tr\u1ecdng.","robots":{"index":"index","follow":"follow","max-snippet":"max-snippet:-1","max-image-preview":"max-image-preview:large","max-video-preview":"max-video-preview:-1"},"canonical":"https:\/\/riversidequangyenhotel.com\/en\/room\/phong-superior-rooftop-city-view\/","og_locale":"en_US","og_type":"article","og_title":"PH\u00d2NG SUPERIOR ROOFTOP \u00c1P M\u00c1I 1 GI\u01af\u1edcNG KING SIZE \u2013 VIEW TH\u00c0NH PH\u1ed0 - riversidequangyenhotel.com","og_description":"Ch\u00e0o \u0111\u00f3n b\u1ea1n \u0111\u1ebfn v\u1edbi ph\u00f2ng Superior Rooftop \u00c1p M\u00e1i 1 gi\u01b0\u1eddng King Size t\u1ea1i Riverside Qu\u1ea3ng Y\u00ean Hotel, m\u1ed9t kh\u00f4ng gian ngh\u1ec9 d\u01b0\u1ee1ng l\u00fd t\u01b0\u1edfng v\u1edbi thi\u1ebft k\u1ebf hi\u1ec7n \u0111\u1ea1i, ti\u1ec7n nghi cao c\u1ea5p v\u00e0 t\u1ea7m nh\u00ecn tuy\u1ec7t \u0111\u1eb9p ra th\u00e0nh ph\u1ed1. Ph\u00f2ng n\u00e0y mang \u0111\u1ebfn cho b\u1ea1n s\u1ef1 ri\u00eang t\u01b0, tho\u1ea3i m\u00e1i v\u00e0 tr\u1ea3i nghi\u1ec7m \u0111\u1eb3ng c\u1ea5p trong kh\u00f4ng gian sang tr\u1ecdng.","og_url":"https:\/\/riversidequangyenhotel.com\/en\/room\/phong-superior-rooftop-city-view\/","og_site_name":"riversidequangyenhotel.com","article_modified_time":"2025-03-16T17:54:09+00:00","og_image":[{"width":2560,"height":1703,"url":"https:\/\/riversidequangyenhotel.com\/wp-content\/uploads\/2020\/12\/GSD_0821-scaled.jpg","type":"image\/jpeg"}],"twitter_card":"summary_large_image","twitter_misc":{"Est. reading time":"3 minutes"},"schema":{"@context":"https:\/\/schema.org","@graph":[{"@type":"WebPage","@id":"https:\/\/riversidequangyenhotel.com\/room\/phong-superior-rooftop-city-view\/","url":"https:\/\/riversidequangyenhotel.com\/room\/phong-superior-rooftop-city-view\/","name":"PH\u00d2NG SUPERIOR ROOFTOP \u00c1P M\u00c1I 1 GI\u01af\u1edcNG KING SIZE \u2013 VIEW TH\u00c0NH PH\u1ed0 - riversidequangyenhotel.com","isPartOf":{"@id":"https:\/\/riversidequangyenhotel.com\/#website"},"primaryImageOfPage":{"@id":"https:\/\/riversidequangyenhotel.com\/room\/phong-superior-rooftop-city-view\/#primaryimage"},"image":{"@id":"https:\/\/riversidequangyenhotel.com\/room\/phong-superior-rooftop-city-view\/#primaryimage"},"thumbnailUrl":"https:\/\/riversidequangyenhotel.com\/wp-content\/uploads\/2020\/12\/GSD_0821-scaled.jpg","datePublished":"2020-12-05T03:59:47+00:00","dateModified":"2025-03-16T17:54:09+00:00","description":"Ch\u00e0o \u0111\u00f3n b\u1ea1n \u0111\u1ebfn v\u1edbi ph\u00f2ng Superior Rooftop \u00c1p M\u00e1i 1 gi\u01b0\u1eddng King Size t\u1ea1i Riverside Qu\u1ea3ng Y\u00ean Hotel, m\u1ed9t kh\u00f4ng gian ngh\u1ec9 d\u01b0\u1ee1ng l\u00fd t\u01b0\u1edfng v\u1edbi thi\u1ebft k\u1ebf hi\u1ec7n \u0111\u1ea1i, ti\u1ec7n nghi cao c\u1ea5p v\u00e0 t\u1ea7m nh\u00ecn tuy\u1ec7t \u0111\u1eb9p ra th\u00e0nh ph\u1ed1. Ph\u00f2ng n\u00e0y mang \u0111\u1ebfn cho b\u1ea1n s\u1ef1 ri\u00eang t\u01b0, tho\u1ea3i m\u00e1i v\u00e0 tr\u1ea3i nghi\u1ec7m \u0111\u1eb3ng c\u1ea5p trong kh\u00f4ng gian sang tr\u1ecdng.","breadcrumb":{"@id":"https:\/\/riversidequangyenhotel.com\/room\/phong-superior-rooftop-city-view\/#breadcrumb"},"inLanguage":"en-US","potentialAction":[{"@type":"ReadAction","target":["https:\/\/riversidequangyenhotel.com\/room\/phong-superior-rooftop-city-view\/"]}]},{"@type":"ImageObject","inLanguage":"en-US","@id":"https:\/\/riversidequangyenhotel.com\/room\/phong-superior-rooftop-city-view\/#primaryimage","url":"https:\/\/riversidequangyenhotel.com\/wp-content\/uploads\/2020\/12\/GSD_0821-scaled.jpg","contentUrl":"https:\/\/riversidequangyenhotel.com\/wp-content\/uploads\/2020\/12\/GSD_0821-scaled.jpg","width":2560,"height":1703},{"@type":"BreadcrumbList","@id":"https:\/\/riversidequangyenhotel.com\/room\/phong-superior-rooftop-city-view\/#breadcrumb","itemListElement":[{"@type":"ListItem","position":1,"name":"Trang ch\u1ee7","item":"https:\/\/riversidequangyenhotel.com\/"},{"@type":"ListItem","position":2,"name":"C\u00e1c ph\u00f2ng","item":"https:\/\/riversidequangyenhotel.com\/phong\/"},{"@type":"ListItem","position":3,"name":"PH\u00d2NG SUPERIOR ROOFTOP \u00c1P M\u00c1I 1 GI\u01af\u1edcNG KING SIZE \u2013 VIEW TH\u00c0NH PH\u1ed0"}]},{"@type":"WebSite","@id":"https:\/\/riversidequangyenhotel.com\/#website","url":"https:\/\/riversidequangyenhotel.com\/","name":"riversidequangyenhotel.com","description":"Kh\u00e1ch s\u1ea1n 3 sao b\u00ean b\u1edd s\u00f4ng Chanh","potentialAction":[{"@type":"SearchAction","target":{"@type":"EntryPoint","urlTemplate":"https:\/\/riversidequangyenhotel.com\/?s={search_term_string}"},"query-input":"required name=search_term_string"}],"inLanguage":"en-US"}]}},"_links":{"self":[{"href":"https:\/\/riversidequangyenhotel.com\/en\/wp-json\/wp\/v2\/product\/565"}],"collection":[{"href":"https:\/\/riversidequangyenhotel.com\/en\/wp-json\/wp\/v2\/product"}],"about":[{"href":"https:\/\/riversidequangyenhotel.com\/en\/wp-json\/wp\/v2\/types\/product"}],"replies":[{"embeddable":true,"href":"https:\/\/riversidequangyenhotel.com\/en\/wp-json\/wp\/v2\/comments?post=565"}],"wp:featuredmedia":[{"embeddable":true,"href":"https:\/\/riversidequangyenhotel.com\/en\/wp-json\/wp\/v2\/media\/739"}],"wp:attachment":[{"href":"https:\/\/riversidequangyenhotel.com\/en\/wp-json\/wp\/v2\/media?parent=565"}],"wp:term":[{"taxonomy":"product_cat","embeddable":true,"href":"https:\/\/riversidequangyenhotel.com\/en\/wp-json\/wp\/v2\/product_cat?post=565"},{"taxonomy":"product_tag","embeddable":true,"href":"https:\/\/riversidequangyenhotel.com\/en\/wp-json\/wp\/v2\/product_tag?post=565"}],"curies":[{"name":"wp","href":"https:\/\/api.w.org\/{rel}","templated":true}]}}