{"id":265,"date":"2025-01-05T08:10:45","date_gmt":"2025-01-05T01:10:45","guid":{"rendered":"http:\/\/riversidequangyenhotel.com\/?post_type=product&#038;p=265"},"modified":"2025-03-16T13:45:41","modified_gmt":"2025-03-16T06:45:41","slug":"deluxe-king-bed-city-view-room","status":"publish","type":"product","link":"https:\/\/riversidequangyenhotel.com\/en\/room\/deluxe-king-bed-city-view-room\/","title":{"rendered":"PH\u00d2NG DELUXE GI\u01af\u1edcNG KING \u2013 VIEW TH\u00c0NH PH\u1ed0"},"content":{"rendered":"<h3 data-start=\"0\" data-end=\"51\"><strong data-start=\"4\" data-end=\"49\">PH\u00d2NG DELUXE GI\u01af\u1edcNG KING \u2013 VIEW TH\u00c0NH PH\u1ed0<\/strong><\/h3>\n<p data-start=\"53\" data-end=\"270\">Tr\u1ea3i nghi\u1ec7m kh\u00f4ng gian ngh\u1ec9 d\u01b0\u1ee1ng sang tr\u1ecdng t\u1ea1i <strong data-start=\"102\" data-end=\"130\">ph\u00f2ng Deluxe gi\u01b0\u1eddng King<\/strong> c\u1ee7a <strong data-start=\"135\" data-end=\"164\">Riverside Qu\u1ea3ng Y\u00ean Hotel<\/strong>, n\u01a1i k\u1ebft h\u1ee3p ho\u00e0n h\u1ea3o gi\u1eefa <strong data-start=\"192\" data-end=\"267\">thi\u1ebft k\u1ebf hi\u1ec7n \u0111\u1ea1i, ti\u1ec7n nghi cao c\u1ea5p v\u00e0 t\u1ea7m nh\u00ecn tuy\u1ec7t \u0111\u1eb9p ra th\u00e0nh ph\u1ed1<\/strong>.<\/p>\n<h4 data-start=\"272\" data-end=\"327\"><strong data-start=\"277\" data-end=\"325\">1. Thi\u1ebft k\u1ebf hi\u1ec7n \u0111\u1ea1i, kh\u00f4ng gian tho\u00e1ng \u0111\u00e3ng<\/strong><\/h4>\n<p data-start=\"328\" data-end=\"594\">Ph\u00f2ng Deluxe \u0111\u01b0\u1ee3c thi\u1ebft k\u1ebf theo phong c\u00e1ch <strong data-start=\"371\" data-end=\"396\">sang tr\u1ecdng v\u00e0 tinh t\u1ebf<\/strong>, v\u1edbi <strong data-start=\"402\" data-end=\"416\">c\u1eeda s\u1ed5 l\u1edbn<\/strong> \u0111\u00f3n \u00e1nh s\u00e1ng t\u1ef1 nhi\u00ean, mang \u0111\u1ebfn kh\u00f4ng gian <strong data-start=\"460\" data-end=\"486\">tho\u00e1ng m\u00e1t v\u00e0 th\u01b0 gi\u00e3n<\/strong>. T\u1eeb \u0111\u00e2y, du kh\u00e1ch c\u00f3 th\u1ec3 chi\u00eam ng\u01b0\u1ee1ng <strong data-start=\"525\" data-end=\"559\">khung c\u1ea3nh th\u00e0nh ph\u1ed1 n\u0103ng \u0111\u1ed9ng<\/strong>, \u0111\u1eb7c bi\u1ec7t lung linh v\u00e0o ban \u0111\u00eam.<\/p>\n<h4 data-start=\"596\" data-end=\"646\"><strong data-start=\"601\" data-end=\"644\">2. Gi\u01b0\u1eddng King cao c\u1ea5p \u2013 Gi\u1ea5c ng\u1ee7 \u00eam \u00e1i<\/strong><\/h4>\n<p data-start=\"647\" data-end=\"781\">Ph\u00f2ng \u0111\u01b0\u1ee3c trang b\u1ecb <strong data-start=\"667\" data-end=\"687\">1 gi\u01b0\u1eddng c\u1ee1 King<\/strong> r\u1ed9ng r\u00e3i, v\u1edbi <strong data-start=\"702\" data-end=\"732\">n\u1ec7m \u00eam \u00e1i, ch\u0103n ga cao c\u1ea5p<\/strong>, mang l\u1ea1i gi\u1ea5c ng\u1ee7 tr\u1ecdn v\u1eb9n v\u00e0 tho\u1ea3i m\u00e1i nh\u1ea5t.<\/p>\n<h4 data-start=\"783\" data-end=\"823\"><strong data-start=\"788\" data-end=\"821\">3. Ti\u1ec7n nghi \u0111\u1ea7y \u0111\u1ee7, hi\u1ec7n \u0111\u1ea1i<\/strong><\/h4>\n<ul data-start=\"824\" data-end=\"1210\">\n<li data-start=\"824\" data-end=\"881\"><strong data-start=\"826\" data-end=\"847\">Tivi m\u00e0n h\u00ecnh l\u1edbn<\/strong> v\u1edbi nhi\u1ec1u k\u00eanh gi\u1ea3i tr\u00ed \u0111a d\u1ea1ng<\/li>\n<li data-start=\"882\" data-end=\"942\"><strong data-start=\"884\" data-end=\"900\">T\u1ee7 l\u1ea1nh mini<\/strong> gi\u00fap b\u1ea3o qu\u1ea3n \u0111\u1ed3 \u0103n, th\u1ee9c u\u1ed1ng ti\u1ec7n l\u1ee3i<\/li>\n<li data-start=\"943\" data-end=\"1000\"><strong data-start=\"945\" data-end=\"970\">B\u00e0n l\u00e0m vi\u1ec7c r\u1ed9ng r\u00e3i<\/strong>, ph\u00f9 h\u1ee3p cho kh\u00e1ch c\u00f4ng t\u00e1c<\/li>\n<li data-start=\"1001\" data-end=\"1080\"><strong data-start=\"1003\" data-end=\"1025\">B\u00e0n tr\u00e0 thanh l\u1ecbch<\/strong>, n\u01a1i l\u00fd t\u01b0\u1edfng \u0111\u1ec3 th\u01b0 gi\u00e3n, th\u01b0\u1edfng th\u1ee9c tr\u00e0 v\u00e0 c\u00e0 ph\u00ea<\/li>\n<li data-start=\"1081\" data-end=\"1210\"><strong data-start=\"1083\" data-end=\"1105\">\u0110i\u1ec1u h\u00f2a kh\u00f4ng kh\u00ed<\/strong>, <strong data-start=\"1107\" data-end=\"1127\">Wi-Fi t\u1ed1c \u0111\u1ed9 cao<\/strong>, <strong data-start=\"1129\" data-end=\"1144\">m\u00e1y s\u1ea5y t\u00f3c<\/strong>, <strong data-start=\"1146\" data-end=\"1161\">\u1ea5m \u0111un n\u01b0\u1edbc<\/strong>, <strong data-start=\"1163\" data-end=\"1185\">d\u00e9p \u0111i trong ph\u00f2ng<\/strong> v\u00e0 nhi\u1ec1u ti\u1ec7n \u00edch kh\u00e1c<\/li>\n<\/ul>\n<h4 data-start=\"1212\" data-end=\"1264\"><strong data-start=\"1217\" data-end=\"1262\">4. T\u1eadn h\u01b0\u1edfng t\u1ea7m nh\u00ecn th\u00e0nh ph\u1ed1 tuy\u1ec7t \u0111\u1eb9p<\/strong><\/h4>\n<p data-start=\"1265\" data-end=\"1437\">T\u1eeb c\u1eeda s\u1ed5 l\u1edbn, du kh\u00e1ch c\u00f3 th\u1ec3 ng\u1eafm nh\u00ecn <strong data-start=\"1306\" data-end=\"1340\">quang c\u1ea3nh th\u00e0nh ph\u1ed1 Qu\u1ea3ng Y\u00ean<\/strong>, t\u1eadn h\u01b0\u1edfng nh\u1ecbp s\u1ed1ng s\u00f4i \u0111\u1ed9ng v\u00e0o ban ng\u00e0y v\u00e0 v\u1ebb \u0111\u1eb9p r\u1ef1c r\u1ee1 c\u1ee7a \u00e1nh \u0111\u00e8n ph\u1ed1 th\u1ecb khi \u0111\u00eam xu\u1ed1ng.<\/p>\n<h4 data-start=\"1439\" data-end=\"1483\"><strong data-start=\"1444\" data-end=\"1481\">5. D\u1ecbch v\u1ee5 chuy\u00ean nghi\u1ec7p, t\u1eadn t\u00e2m<\/strong><\/h4>\n<p data-start=\"1484\" data-end=\"1627\">Kh\u00e1ch l\u01b0u tr\u00fa t\u1ea1i ph\u00f2ng Deluxe s\u1ebd \u0111\u01b0\u1ee3c t\u1eadn h\u01b0\u1edfng <strong data-start=\"1533\" data-end=\"1557\">d\u1ecbch v\u1ee5 chu \u0111\u00e1o 24\/7<\/strong>, \u0111\u1ea3m b\u1ea3o mang l\u1ea1i tr\u1ea3i nghi\u1ec7m ngh\u1ec9 d\u01b0\u1ee1ng <strong data-start=\"1599\" data-end=\"1624\">tho\u1ea3i m\u00e1i v\u00e0 \u0111\u00e1ng nh\u1edb<\/strong>.<\/p>\n<p data-start=\"1629\" data-end=\"1838\" data-is-last-node=\"\" data-is-only-node=\"\">\ud83c\udf1f <strong data-start=\"1632\" data-end=\"1677\">Ph\u00f2ng Deluxe Gi\u01b0\u1eddng King \u2013 View Th\u00e0nh Ph\u1ed1<\/strong> l\u00e0 l\u1ef1a ch\u1ecdn l\u00fd t\u01b0\u1edfng cho du kh\u00e1ch \u0111ang t\u00ecm ki\u1ebfm <strong data-start=\"1726\" data-end=\"1803\">kh\u00f4ng gian sang tr\u1ecdng, ti\u1ec7n nghi hi\u1ec7n \u0111\u1ea1i v\u00e0 t\u1ea7m nh\u00ecn th\u00e0nh ph\u1ed1 tuy\u1ec7t \u0111\u1eb9p<\/strong> t\u1ea1i <strong data-start=\"1808\" data-end=\"1837\">Riverside Qu\u1ea3ng Y\u00ean Hotel<\/strong>.<\/p>","protected":false},"excerpt":{"rendered":"<p>V\u1edbi di\u1ec7n t\u00edch 42 m2 Kh\u00f4ng gian c\u1ee7a ph\u00f2ng \u0111\u01b0\u1ee3c thi\u1ebft k\u1ebf \u1ea5n t\u01b0\u1ee3ng b\u1edfi m\u00e0u s\u1eafc \u1ea5m \u00e1p, h\u00e0i h\u00f2a v\u1edbi quang c\u1ea3nh th\u00e0nh ph\u1ed1 \u00eam \u0111\u1ec1m, n\u1ed9i th\u1ea5t g\u1ed7 sang tr\u1ecdng,\u0111\u1ea7y \u0111\u1ee7 ti\u1ec7n nghi, PH\u00d2NG DELUXE GI\u01af\u1edcNG KING \u2013 VIEW TH\u00c0NH PH\u1ed0 thi\u1ebft k\u1ebf \u0111\u1ec3 ph\u00f9 h\u1ee3p v\u1edbi s\u1edf th\u00edch c\u1ee7a du kh\u00e1ch gia \u0111\u00ecnh v\u00e0 c\u00f4ng t\u00e1c t\u1ea1i trung t\u00e2m th\u00e0nh ph\u1ed1.<\/p>","protected":false},"featured_media":677,"comment_status":"open","ping_status":"closed","template":"","meta":{"_acf_changed":false},"product_cat":[22],"product_tag":[],"class_list":{"0":"post-265","1":"product","2":"type-product","3":"status-publish","4":"has-post-thumbnail","6":"product_cat-phong-ngu","8":"first","9":"instock","10":"virtual","11":"purchasable","12":"product-type-simple"},"acf":[],"yoast_head":"<!-- This site is optimized with the Yoast SEO plugin v23.2 - https:\/\/yoast.com\/wordpress\/plugins\/seo\/ -->\n<title>PH\u00d2NG DELUXE GI\u01af\u1edcNG KING \u2013 VIEW TH\u00c0NH PH\u1ed0 - riversidequangyenhotel.com<\/title>\n<meta name=\"description\" content=\"Tr\u1ea3i nghi\u1ec7m kh\u00f4ng gian ngh\u1ec9 d\u01b0\u1ee1ng sang tr\u1ecdng t\u1ea1i ph\u00f2ng Deluxe gi\u01b0\u1eddng King c\u1ee7a Riverside Qu\u1ea3ng Y\u00ean Hotel, n\u01a1i k\u1ebft h\u1ee3p ho\u00e0n h\u1ea3o gi\u1eefa thi\u1ebft k\u1ebf hi\u1ec7n \u0111\u1ea1i, ti\u1ec7n nghi cao c\u1ea5p v\u00e0 t\u1ea7m nh\u00ecn tuy\u1ec7t \u0111\u1eb9p ra th\u00e0nh ph\u1ed1.\" \/>\n<meta name=\"robots\" content=\"index, follow, max-snippet:-1, max-image-preview:large, max-video-preview:-1\" \/>\n<link rel=\"canonical\" href=\"https:\/\/riversidequangyenhotel.com\/en\/room\/deluxe-king-bed-city-view-room\/\" \/>\n<meta property=\"og:locale\" content=\"en_US\" \/>\n<meta property=\"og:type\" content=\"article\" \/>\n<meta property=\"og:title\" content=\"PH\u00d2NG DELUXE GI\u01af\u1edcNG KING \u2013 VIEW TH\u00c0NH PH\u1ed0 - riversidequangyenhotel.com\" \/>\n<meta property=\"og:description\" content=\"Tr\u1ea3i nghi\u1ec7m kh\u00f4ng gian ngh\u1ec9 d\u01b0\u1ee1ng sang tr\u1ecdng t\u1ea1i ph\u00f2ng Deluxe gi\u01b0\u1eddng King c\u1ee7a Riverside Qu\u1ea3ng Y\u00ean Hotel, n\u01a1i k\u1ebft h\u1ee3p ho\u00e0n h\u1ea3o gi\u1eefa thi\u1ebft k\u1ebf hi\u1ec7n \u0111\u1ea1i, ti\u1ec7n nghi cao c\u1ea5p v\u00e0 t\u1ea7m nh\u00ecn tuy\u1ec7t \u0111\u1eb9p ra th\u00e0nh ph\u1ed1.\" \/>\n<meta property=\"og:url\" content=\"https:\/\/riversidequangyenhotel.com\/en\/room\/deluxe-king-bed-city-view-room\/\" \/>\n<meta property=\"og:site_name\" content=\"riversidequangyenhotel.com\" \/>\n<meta property=\"article:modified_time\" content=\"2025-03-16T06:45:41+00:00\" \/>\n<meta property=\"og:image\" content=\"https:\/\/riversidequangyenhotel.com\/wp-content\/uploads\/2025\/03\/GSD_0987-1-scaled.jpg\" \/>\n\t<meta property=\"og:image:width\" content=\"2560\" \/>\n\t<meta property=\"og:image:height\" content=\"1703\" \/>\n\t<meta property=\"og:image:type\" content=\"image\/jpeg\" \/>\n<meta name=\"twitter:card\" content=\"summary_large_image\" \/>\n<meta name=\"twitter:label1\" content=\"Est. reading time\" \/>\n\t<meta name=\"twitter:data1\" content=\"3 minutes\" \/>\n<script type=\"application\/ld+json\" class=\"yoast-schema-graph\">{\"@context\":\"https:\/\/schema.org\",\"@graph\":[{\"@type\":\"WebPage\",\"@id\":\"https:\/\/riversidequangyenhotel.com\/room\/deluxe-king-bed-city-view-room\/\",\"url\":\"https:\/\/riversidequangyenhotel.com\/room\/deluxe-king-bed-city-view-room\/\",\"name\":\"PH\u00d2NG DELUXE GI\u01af\u1edcNG KING \u2013 VIEW TH\u00c0NH PH\u1ed0 - riversidequangyenhotel.com\",\"isPartOf\":{\"@id\":\"https:\/\/riversidequangyenhotel.com\/#website\"},\"primaryImageOfPage\":{\"@id\":\"https:\/\/riversidequangyenhotel.com\/room\/deluxe-king-bed-city-view-room\/#primaryimage\"},\"image\":{\"@id\":\"https:\/\/riversidequangyenhotel.com\/room\/deluxe-king-bed-city-view-room\/#primaryimage\"},\"thumbnailUrl\":\"https:\/\/riversidequangyenhotel.com\/wp-content\/uploads\/2025\/03\/GSD_0987-1-scaled.jpg\",\"datePublished\":\"2025-01-05T01:10:45+00:00\",\"dateModified\":\"2025-03-16T06:45:41+00:00\",\"description\":\"Tr\u1ea3i nghi\u1ec7m kh\u00f4ng gian ngh\u1ec9 d\u01b0\u1ee1ng sang tr\u1ecdng t\u1ea1i ph\u00f2ng Deluxe gi\u01b0\u1eddng King c\u1ee7a Riverside Qu\u1ea3ng Y\u00ean Hotel, n\u01a1i k\u1ebft h\u1ee3p ho\u00e0n h\u1ea3o gi\u1eefa thi\u1ebft k\u1ebf hi\u1ec7n \u0111\u1ea1i, ti\u1ec7n nghi cao c\u1ea5p v\u00e0 t\u1ea7m nh\u00ecn tuy\u1ec7t \u0111\u1eb9p ra th\u00e0nh ph\u1ed1.\",\"breadcrumb\":{\"@id\":\"https:\/\/riversidequangyenhotel.com\/room\/deluxe-king-bed-city-view-room\/#breadcrumb\"},\"inLanguage\":\"en-US\",\"potentialAction\":[{\"@type\":\"ReadAction\",\"target\":[\"https:\/\/riversidequangyenhotel.com\/room\/deluxe-king-bed-city-view-room\/\"]}]},{\"@type\":\"ImageObject\",\"inLanguage\":\"en-US\",\"@id\":\"https:\/\/riversidequangyenhotel.com\/room\/deluxe-king-bed-city-view-room\/#primaryimage\",\"url\":\"https:\/\/riversidequangyenhotel.com\/wp-content\/uploads\/2025\/03\/GSD_0987-1-scaled.jpg\",\"contentUrl\":\"https:\/\/riversidequangyenhotel.com\/wp-content\/uploads\/2025\/03\/GSD_0987-1-scaled.jpg\",\"width\":2560,\"height\":1703},{\"@type\":\"BreadcrumbList\",\"@id\":\"https:\/\/riversidequangyenhotel.com\/room\/deluxe-king-bed-city-view-room\/#breadcrumb\",\"itemListElement\":[{\"@type\":\"ListItem\",\"position\":1,\"name\":\"Trang ch\u1ee7\",\"item\":\"https:\/\/riversidequangyenhotel.com\/\"},{\"@type\":\"ListItem\",\"position\":2,\"name\":\"C\u00e1c ph\u00f2ng\",\"item\":\"https:\/\/riversidequangyenhotel.com\/phong\/\"},{\"@type\":\"ListItem\",\"position\":3,\"name\":\"PH\u00d2NG DELUXE GI\u01af\u1edcNG KING \u2013 VIEW TH\u00c0NH PH\u1ed0\"}]},{\"@type\":\"WebSite\",\"@id\":\"https:\/\/riversidequangyenhotel.com\/#website\",\"url\":\"https:\/\/riversidequangyenhotel.com\/\",\"name\":\"riversidequangyenhotel.com\",\"description\":\"Kh\u00e1ch s\u1ea1n 3 sao b\u00ean b\u1edd s\u00f4ng Chanh\",\"potentialAction\":[{\"@type\":\"SearchAction\",\"target\":{\"@type\":\"EntryPoint\",\"urlTemplate\":\"https:\/\/riversidequangyenhotel.com\/?s={search_term_string}\"},\"query-input\":\"required name=search_term_string\"}],\"inLanguage\":\"en-US\"}]}<\/script>\n<!-- \/ Yoast SEO plugin. -->","yoast_head_json":{"title":"PH\u00d2NG DELUXE GI\u01af\u1edcNG KING \u2013 VIEW TH\u00c0NH PH\u1ed0 - riversidequangyenhotel.com","description":"Tr\u1ea3i nghi\u1ec7m kh\u00f4ng gian ngh\u1ec9 d\u01b0\u1ee1ng sang tr\u1ecdng t\u1ea1i ph\u00f2ng Deluxe gi\u01b0\u1eddng King c\u1ee7a Riverside Qu\u1ea3ng Y\u00ean Hotel, n\u01a1i k\u1ebft h\u1ee3p ho\u00e0n h\u1ea3o gi\u1eefa thi\u1ebft k\u1ebf hi\u1ec7n \u0111\u1ea1i, ti\u1ec7n nghi cao c\u1ea5p v\u00e0 t\u1ea7m nh\u00ecn tuy\u1ec7t \u0111\u1eb9p ra th\u00e0nh ph\u1ed1.","robots":{"index":"index","follow":"follow","max-snippet":"max-snippet:-1","max-image-preview":"max-image-preview:large","max-video-preview":"max-video-preview:-1"},"canonical":"https:\/\/riversidequangyenhotel.com\/en\/room\/deluxe-king-bed-city-view-room\/","og_locale":"en_US","og_type":"article","og_title":"PH\u00d2NG DELUXE GI\u01af\u1edcNG KING \u2013 VIEW TH\u00c0NH PH\u1ed0 - riversidequangyenhotel.com","og_description":"Tr\u1ea3i nghi\u1ec7m kh\u00f4ng gian ngh\u1ec9 d\u01b0\u1ee1ng sang tr\u1ecdng t\u1ea1i ph\u00f2ng Deluxe gi\u01b0\u1eddng King c\u1ee7a Riverside Qu\u1ea3ng Y\u00ean Hotel, n\u01a1i k\u1ebft h\u1ee3p ho\u00e0n h\u1ea3o gi\u1eefa thi\u1ebft k\u1ebf hi\u1ec7n \u0111\u1ea1i, ti\u1ec7n nghi cao c\u1ea5p v\u00e0 t\u1ea7m nh\u00ecn tuy\u1ec7t \u0111\u1eb9p ra th\u00e0nh ph\u1ed1.","og_url":"https:\/\/riversidequangyenhotel.com\/en\/room\/deluxe-king-bed-city-view-room\/","og_site_name":"riversidequangyenhotel.com","article_modified_time":"2025-03-16T06:45:41+00:00","og_image":[{"width":2560,"height":1703,"url":"https:\/\/riversidequangyenhotel.com\/wp-content\/uploads\/2025\/03\/GSD_0987-1-scaled.jpg","type":"image\/jpeg"}],"twitter_card":"summary_large_image","twitter_misc":{"Est. reading time":"3 minutes"},"schema":{"@context":"https:\/\/schema.org","@graph":[{"@type":"WebPage","@id":"https:\/\/riversidequangyenhotel.com\/room\/deluxe-king-bed-city-view-room\/","url":"https:\/\/riversidequangyenhotel.com\/room\/deluxe-king-bed-city-view-room\/","name":"PH\u00d2NG DELUXE GI\u01af\u1edcNG KING \u2013 VIEW TH\u00c0NH PH\u1ed0 - riversidequangyenhotel.com","isPartOf":{"@id":"https:\/\/riversidequangyenhotel.com\/#website"},"primaryImageOfPage":{"@id":"https:\/\/riversidequangyenhotel.com\/room\/deluxe-king-bed-city-view-room\/#primaryimage"},"image":{"@id":"https:\/\/riversidequangyenhotel.com\/room\/deluxe-king-bed-city-view-room\/#primaryimage"},"thumbnailUrl":"https:\/\/riversidequangyenhotel.com\/wp-content\/uploads\/2025\/03\/GSD_0987-1-scaled.jpg","datePublished":"2025-01-05T01:10:45+00:00","dateModified":"2025-03-16T06:45:41+00:00","description":"Tr\u1ea3i nghi\u1ec7m kh\u00f4ng gian ngh\u1ec9 d\u01b0\u1ee1ng sang tr\u1ecdng t\u1ea1i ph\u00f2ng Deluxe gi\u01b0\u1eddng King c\u1ee7a Riverside Qu\u1ea3ng Y\u00ean Hotel, n\u01a1i k\u1ebft h\u1ee3p ho\u00e0n h\u1ea3o gi\u1eefa thi\u1ebft k\u1ebf hi\u1ec7n \u0111\u1ea1i, ti\u1ec7n nghi cao c\u1ea5p v\u00e0 t\u1ea7m nh\u00ecn tuy\u1ec7t \u0111\u1eb9p ra th\u00e0nh ph\u1ed1.","breadcrumb":{"@id":"https:\/\/riversidequangyenhotel.com\/room\/deluxe-king-bed-city-view-room\/#breadcrumb"},"inLanguage":"en-US","potentialAction":[{"@type":"ReadAction","target":["https:\/\/riversidequangyenhotel.com\/room\/deluxe-king-bed-city-view-room\/"]}]},{"@type":"ImageObject","inLanguage":"en-US","@id":"https:\/\/riversidequangyenhotel.com\/room\/deluxe-king-bed-city-view-room\/#primaryimage","url":"https:\/\/riversidequangyenhotel.com\/wp-content\/uploads\/2025\/03\/GSD_0987-1-scaled.jpg","contentUrl":"https:\/\/riversidequangyenhotel.com\/wp-content\/uploads\/2025\/03\/GSD_0987-1-scaled.jpg","width":2560,"height":1703},{"@type":"BreadcrumbList","@id":"https:\/\/riversidequangyenhotel.com\/room\/deluxe-king-bed-city-view-room\/#breadcrumb","itemListElement":[{"@type":"ListItem","position":1,"name":"Trang ch\u1ee7","item":"https:\/\/riversidequangyenhotel.com\/"},{"@type":"ListItem","position":2,"name":"C\u00e1c ph\u00f2ng","item":"https:\/\/riversidequangyenhotel.com\/phong\/"},{"@type":"ListItem","position":3,"name":"PH\u00d2NG DELUXE GI\u01af\u1edcNG KING \u2013 VIEW TH\u00c0NH PH\u1ed0"}]},{"@type":"WebSite","@id":"https:\/\/riversidequangyenhotel.com\/#website","url":"https:\/\/riversidequangyenhotel.com\/","name":"riversidequangyenhotel.com","description":"Kh\u00e1ch s\u1ea1n 3 sao b\u00ean b\u1edd s\u00f4ng Chanh","potentialAction":[{"@type":"SearchAction","target":{"@type":"EntryPoint","urlTemplate":"https:\/\/riversidequangyenhotel.com\/?s={search_term_string}"},"query-input":"required name=search_term_string"}],"inLanguage":"en-US"}]}},"_links":{"self":[{"href":"https:\/\/riversidequangyenhotel.com\/en\/wp-json\/wp\/v2\/product\/265"}],"collection":[{"href":"https:\/\/riversidequangyenhotel.com\/en\/wp-json\/wp\/v2\/product"}],"about":[{"href":"https:\/\/riversidequangyenhotel.com\/en\/wp-json\/wp\/v2\/types\/product"}],"replies":[{"embeddable":true,"href":"https:\/\/riversidequangyenhotel.com\/en\/wp-json\/wp\/v2\/comments?post=265"}],"wp:featuredmedia":[{"embeddable":true,"href":"https:\/\/riversidequangyenhotel.com\/en\/wp-json\/wp\/v2\/media\/677"}],"wp:attachment":[{"href":"https:\/\/riversidequangyenhotel.com\/en\/wp-json\/wp\/v2\/media?parent=265"}],"wp:term":[{"taxonomy":"product_cat","embeddable":true,"href":"https:\/\/riversidequangyenhotel.com\/en\/wp-json\/wp\/v2\/product_cat?post=265"},{"taxonomy":"product_tag","embeddable":true,"href":"https:\/\/riversidequangyenhotel.com\/en\/wp-json\/wp\/v2\/product_tag?post=265"}],"curies":[{"name":"wp","href":"https:\/\/api.w.org\/{rel}","templated":true}]}}