{"id":301,"date":"2025-01-01T08:22:54","date_gmt":"2025-01-01T01:22:54","guid":{"rendered":"http:\/\/riversidequangyenhotel.com\/?page_id=301"},"modified":"2025-03-16T23:53:38","modified_gmt":"2025-03-16T16:53:38","slug":"restaurant","status":"publish","type":"page","link":"https:\/\/riversidequangyenhotel.com\/en\/gioi-thieu\/restaurant\/","title":{"rendered":"Restaurant"},"content":{"rendered":"<p style=\"text-align: center;\" data-pm-slice=\"1 1 []\"><strong>\u00a0NH\u00c0 H\u00c0NG RIVERSIDE &#8211; QU\u1ea2NG Y\u00caN HOTEL<\/strong><\/p>\n<p>T\u1ecda l\u1ea1c trong khu\u00f4n vi\u00ean sang tr\u1ecdng c\u1ee7a kh\u00e1ch s\u1ea1n Riverside Qu\u1ea3ng Y\u00ean Hotel, nh\u00e0 h\u00e0ng Riverside l\u00e0 \u0111i\u1ec3m \u0111\u1ebfn l\u00fd t\u01b0\u1edfng cho nh\u1eefng ai y\u00eau th\u00edch \u1ea9m th\u1ef1c tinh t\u1ebf. V\u1edbi kh\u00f4ng gian r\u1ed9ng r\u00e3i, tho\u00e1ng \u0111\u00e3ng, thi\u1ebft k\u1ebf hi\u1ec7n \u0111\u1ea1i nh\u01b0ng v\u1eabn gi\u1eef \u0111\u01b0\u1ee3c n\u00e9t \u1ea5m c\u00fang, nh\u00e0 h\u00e0ng mang \u0111\u1ebfn cho th\u1ef1c kh\u00e1ch nh\u1eefng tr\u1ea3i nghi\u1ec7m \u1ea9m th\u1ef1c tuy\u1ec7t v\u1eddi.<\/p>\n<p><img loading=\"lazy\" decoding=\"async\" class=\"alignnone wp-image-651 size-full\" src=\"https:\/\/riversidequangyenhotel.com\/wp-content\/uploads\/2025\/03\/GSD_0950-scaled.jpg\" alt=\"\" width=\"2560\" height=\"1703\" srcset=\"https:\/\/riversidequangyenhotel.com\/wp-content\/uploads\/2025\/03\/GSD_0950-scaled.jpg 2560w, https:\/\/riversidequangyenhotel.com\/wp-content\/uploads\/2025\/03\/GSD_0950-300x200.jpg 300w, https:\/\/riversidequangyenhotel.com\/wp-content\/uploads\/2025\/03\/GSD_0950-1024x681.jpg 1024w, https:\/\/riversidequangyenhotel.com\/wp-content\/uploads\/2025\/03\/GSD_0950-768x511.jpg 768w, https:\/\/riversidequangyenhotel.com\/wp-content\/uploads\/2025\/03\/GSD_0950-1536x1022.jpg 1536w, https:\/\/riversidequangyenhotel.com\/wp-content\/uploads\/2025\/03\/GSD_0950-2048x1363.jpg 2048w, https:\/\/riversidequangyenhotel.com\/wp-content\/uploads\/2025\/03\/GSD_0950-18x12.jpg 18w, https:\/\/riversidequangyenhotel.com\/wp-content\/uploads\/2025\/03\/GSD_0950-900x599.jpg 900w\" sizes=\"(max-width: 2560px) 100vw, 2560px\" \/><\/p>\n<p><strong>Th\u1ef1c \u0111\u01a1n \u0111a d\u1ea1ng, k\u1ebft h\u1ee3p gi\u1eefa \u00c2u &#8211; \u00c1 v\u00e0 h\u01b0\u01a1ng v\u1ecb \u0111\u1ecba ph\u01b0\u01a1ng<\/strong> Nh\u00e0 h\u00e0ng Riverside t\u1ef1 h\u00e0o gi\u1edbi thi\u1ec7u th\u1ef1c \u0111\u01a1n phong ph\u00fa v\u1edbi s\u1ef1 k\u1ebft h\u1ee3p h\u00e0i h\u00f2a gi\u1eefa \u1ea9m th\u1ef1c \u00c2u &#8211; \u00c1 c\u00f9ng c\u00e1c m\u00f3n \u0111\u1eb7c s\u1ea3n \u0111\u1ecba ph\u01b0\u01a1ng. Th\u1ef1c kh\u00e1ch c\u00f3 th\u1ec3 th\u01b0\u1edfng th\u1ee9c nh\u1eefng m\u00f3n \u0103n mang phong c\u00e1ch ch\u00e2u \u00c2u tinh t\u1ebf nh\u01b0 b\u00edt t\u1ebft, pasta, salad hay c\u00e1c m\u00f3n \u00c1 \u0111\u1eadm \u0111\u00e0 h\u01b0\u01a1ng v\u1ecb truy\u1ec1n th\u1ed1ng. B\u00ean c\u1ea1nh \u0111\u00f3, nh\u00e0 h\u00e0ng c\u00f2n ph\u1ee5c v\u1ee5 c\u00e1c m\u00f3n h\u1ea3i s\u1ea3n t\u01b0\u01a1i ngon \u0111\u1eb7c tr\u01b0ng c\u1ee7a v\u00f9ng bi\u1ec3n Qu\u1ea3ng Y\u00ean, \u0111\u01b0\u1ee3c ch\u1ebf bi\u1ebfn t\u1eeb nguy\u00ean li\u1ec7u t\u01b0\u01a1i s\u1ed1ng, \u0111\u1ea3m b\u1ea3o gi\u1eef tr\u1ecdn h\u01b0\u01a1ng v\u1ecb t\u1ef1 nhi\u00ean.<\/p>\n<figure id=\"attachment_669\" aria-describedby=\"caption-attachment-669\" style=\"width: 1024px\" class=\"wp-caption alignnone\"><img loading=\"lazy\" decoding=\"async\" class=\"wp-image-669 size-full\" src=\"https:\/\/riversidequangyenhotel.com\/wp-content\/uploads\/2025\/03\/7-things-that-will-make-you-miss-having-breakfast-buffet-6.jpg\" alt=\"\" width=\"1024\" height=\"683\" srcset=\"https:\/\/riversidequangyenhotel.com\/wp-content\/uploads\/2025\/03\/7-things-that-will-make-you-miss-having-breakfast-buffet-6.jpg 1024w, https:\/\/riversidequangyenhotel.com\/wp-content\/uploads\/2025\/03\/7-things-that-will-make-you-miss-having-breakfast-buffet-6-300x200.jpg 300w, https:\/\/riversidequangyenhotel.com\/wp-content\/uploads\/2025\/03\/7-things-that-will-make-you-miss-having-breakfast-buffet-6-768x512.jpg 768w, https:\/\/riversidequangyenhotel.com\/wp-content\/uploads\/2025\/03\/7-things-that-will-make-you-miss-having-breakfast-buffet-6-18x12.jpg 18w, https:\/\/riversidequangyenhotel.com\/wp-content\/uploads\/2025\/03\/7-things-that-will-make-you-miss-having-breakfast-buffet-6-900x600.jpg 900w\" sizes=\"(max-width: 1024px) 100vw, 1024px\" \/><figcaption id=\"caption-attachment-669\" class=\"wp-caption-text\">Delicious mini cakes with cream, chocolate and strawberries on buffet table. Catering concept<\/figcaption><\/figure>\n<p><strong>Kh\u00f4ng gian sang tr\u1ecdng, ph\u1ee5c v\u1ee5 chuy\u00ean nghi\u1ec7p<\/strong> Nh\u00e0 h\u00e0ng Riverside \u0111\u01b0\u1ee3c thi\u1ebft k\u1ebf theo phong c\u00e1ch hi\u1ec7n \u0111\u1ea1i nh\u01b0ng v\u1eabn t\u1ea1o c\u1ea3m gi\u00e1c \u1ea5m \u00e1p, g\u1ea7n g\u0169i. Kh\u00f4ng gian r\u1ed9ng r\u00e3i, t\u1ea7m nh\u00ecn tho\u00e1ng \u0111\u00e3ng c\u00f9ng h\u1ec7 th\u1ed1ng \u00e1nh s\u00e1ng tinh t\u1ebf gi\u00fap th\u1ef1c kh\u00e1ch t\u1eadn h\u01b0\u1edfng b\u1eefa \u0103n trong kh\u00f4ng kh\u00ed th\u01b0 gi\u00e3n v\u00e0 tho\u1ea3i m\u00e1i. \u0110\u1ed9i ng\u0169 nh\u00e2n vi\u00ean chuy\u00ean nghi\u1ec7p, t\u1eadn t\u00e2m lu\u00f4n s\u1eb5n s\u00e0ng ph\u1ee5c v\u1ee5 v\u00e0 mang \u0111\u1ebfn cho kh\u00e1ch h\u00e0ng nh\u1eefng tr\u1ea3i nghi\u1ec7m \u1ea9m th\u1ef1c \u0111\u00e1ng nh\u1edb.<\/p>\n<p>&nbsp;<\/p>\n<p><strong>L\u1ef1a ch\u1ecdn ho\u00e0n h\u1ea3o cho m\u1ecdi d\u1ecbp<\/strong> D\u00f9 b\u1ea1n \u0111ang t\u00ecm ki\u1ebfm m\u1ed9t \u0111\u1ecba \u0111i\u1ec3m \u0111\u1ec3 t\u1ed5 ch\u1ee9c ti\u1ec7c gia \u0111\u00ecnh, h\u1ed9i h\u1ecdp \u0111\u1ed1i t\u00e1c hay m\u1ed9t b\u1eefa t\u1ed1i l\u00e3ng m\u1ea1n, nh\u00e0 h\u00e0ng Riverside \u0111\u1ec1u c\u00f3 th\u1ec3 \u0111\u00e1p \u1ee9ng m\u1ecdi nhu c\u1ea7u c\u1ee7a b\u1ea1n. V\u1edbi th\u1ef1c \u0111\u01a1n h\u1ea5p d\u1eabn, kh\u00f4ng gian sang tr\u1ecdng v\u00e0 d\u1ecbch v\u1ee5 t\u1eadn t\u00e2m, nh\u00e0 h\u00e0ng ch\u1eafc ch\u1eafn s\u1ebd l\u00e0 \u0111i\u1ec3m d\u1eebng ch\u00e2n l\u00fd t\u01b0\u1edfng cho m\u1ecdi th\u1ef1c kh\u00e1ch khi \u0111\u1ebfn v\u1edbi Qu\u1ea3ng Y\u00ean.<\/p>\n<p>H\u00e3y \u0111\u1ebfn v\u00e0 tr\u1ea3i nghi\u1ec7m nh\u1eefng h\u01b0\u01a1ng v\u1ecb tuy\u1ec7t h\u1ea3o t\u1ea1i nh\u00e0 h\u00e0ng Riverside \u2013 Qu\u1ea3ng Y\u00ean Hotel \u0111\u1ec3 t\u1eadn h\u01b0\u1edfng nh\u1eefng ph\u00fat gi\u00e2y th\u01b0 gi\u00e3n v\u00e0 \u0111\u00e1ng nh\u1edb!<\/p>\n<p>&nbsp;<\/p>","protected":false},"excerpt":{"rendered":"<p>\u00a0NH\u00c0 H\u00c0NG RIVERSIDE &#8211; QU\u1ea2NG Y\u00caN HOTEL T\u1ecda l\u1ea1c trong khu\u00f4n vi\u00ean sang tr\u1ecdng c\u1ee7a kh\u00e1ch s\u1ea1n Riverside Qu\u1ea3ng Y\u00ean Hotel, nh\u00e0 h\u00e0ng Riverside l\u00e0 \u0111i\u1ec3m \u0111\u1ebfn l\u00fd t\u01b0\u1edfng cho nh\u1eefng ai y\u00eau th\u00edch \u1ea9m th\u1ef1c tinh t\u1ebf. V\u1edbi kh\u00f4ng gian r\u1ed9ng r\u00e3i, tho\u00e1ng \u0111\u00e3ng, thi\u1ebft k\u1ebf hi\u1ec7n \u0111\u1ea1i nh\u01b0ng v\u1eabn gi\u1eef \u0111\u01b0\u1ee3c n\u00e9t \u1ea5m &#8230;<\/p>","protected":false},"author":2,"featured_media":0,"parent":24,"menu_order":0,"comment_status":"closed","ping_status":"closed","template":"","meta":{"_acf_changed":false,"footnotes":""},"class_list":["post-301","page","type-page","status-publish","hentry"],"acf":[],"yoast_head":"<!-- This site is optimized with the Yoast SEO plugin v23.2 - https:\/\/yoast.com\/wordpress\/plugins\/seo\/ -->\n<title>Restaurant - riversidequangyenhotel.com<\/title>\n<meta name=\"robots\" content=\"index, follow, max-snippet:-1, max-image-preview:large, max-video-preview:-1\" \/>\n<link rel=\"canonical\" href=\"https:\/\/riversidequangyenhotel.com\/en\/gioi-thieu\/restaurant\/\" \/>\n<meta property=\"og:locale\" content=\"en_US\" \/>\n<meta property=\"og:type\" content=\"article\" \/>\n<meta property=\"og:title\" content=\"Restaurant - riversidequangyenhotel.com\" \/>\n<meta property=\"og:description\" content=\"\u00a0NH\u00c0 H\u00c0NG RIVERSIDE &#8211; QU\u1ea2NG Y\u00caN HOTEL T\u1ecda l\u1ea1c trong khu\u00f4n vi\u00ean sang tr\u1ecdng c\u1ee7a kh\u00e1ch s\u1ea1n Riverside Qu\u1ea3ng Y\u00ean Hotel, nh\u00e0 h\u00e0ng Riverside l\u00e0 \u0111i\u1ec3m \u0111\u1ebfn l\u00fd t\u01b0\u1edfng cho nh\u1eefng ai y\u00eau th\u00edch \u1ea9m th\u1ef1c tinh t\u1ebf. V\u1edbi kh\u00f4ng gian r\u1ed9ng r\u00e3i, tho\u00e1ng \u0111\u00e3ng, thi\u1ebft k\u1ebf hi\u1ec7n \u0111\u1ea1i nh\u01b0ng v\u1eabn gi\u1eef \u0111\u01b0\u1ee3c n\u00e9t \u1ea5m ...\" \/>\n<meta property=\"og:url\" content=\"https:\/\/riversidequangyenhotel.com\/en\/gioi-thieu\/restaurant\/\" \/>\n<meta property=\"og:site_name\" content=\"riversidequangyenhotel.com\" \/>\n<meta property=\"article:modified_time\" content=\"2025-03-16T16:53:38+00:00\" \/>\n<meta property=\"og:image\" content=\"https:\/\/riversidequangyenhotel.com\/wp-content\/uploads\/2025\/03\/GSD_0950-scaled.jpg\" \/>\n<meta name=\"twitter:card\" content=\"summary_large_image\" \/>\n<meta name=\"twitter:label1\" content=\"Est. reading time\" \/>\n\t<meta name=\"twitter:data1\" content=\"3 minutes\" \/>\n<script type=\"application\/ld+json\" class=\"yoast-schema-graph\">{\"@context\":\"https:\/\/schema.org\",\"@graph\":[{\"@type\":\"WebPage\",\"@id\":\"https:\/\/riversidequangyenhotel.com\/gioi-thieu\/restaurant\/\",\"url\":\"https:\/\/riversidequangyenhotel.com\/gioi-thieu\/restaurant\/\",\"name\":\"Restaurant - riversidequangyenhotel.com\",\"isPartOf\":{\"@id\":\"https:\/\/riversidequangyenhotel.com\/#website\"},\"primaryImageOfPage\":{\"@id\":\"https:\/\/riversidequangyenhotel.com\/gioi-thieu\/restaurant\/#primaryimage\"},\"image\":{\"@id\":\"https:\/\/riversidequangyenhotel.com\/gioi-thieu\/restaurant\/#primaryimage\"},\"thumbnailUrl\":\"https:\/\/riversidequangyenhotel.com\/wp-content\/uploads\/2025\/03\/GSD_0950-scaled.jpg\",\"datePublished\":\"2025-01-01T01:22:54+00:00\",\"dateModified\":\"2025-03-16T16:53:38+00:00\",\"breadcrumb\":{\"@id\":\"https:\/\/riversidequangyenhotel.com\/gioi-thieu\/restaurant\/#breadcrumb\"},\"inLanguage\":\"en-US\",\"potentialAction\":[{\"@type\":\"ReadAction\",\"target\":[\"https:\/\/riversidequangyenhotel.com\/gioi-thieu\/restaurant\/\"]}]},{\"@type\":\"ImageObject\",\"inLanguage\":\"en-US\",\"@id\":\"https:\/\/riversidequangyenhotel.com\/gioi-thieu\/restaurant\/#primaryimage\",\"url\":\"https:\/\/riversidequangyenhotel.com\/wp-content\/uploads\/2025\/03\/GSD_0950-scaled.jpg\",\"contentUrl\":\"https:\/\/riversidequangyenhotel.com\/wp-content\/uploads\/2025\/03\/GSD_0950-scaled.jpg\"},{\"@type\":\"BreadcrumbList\",\"@id\":\"https:\/\/riversidequangyenhotel.com\/gioi-thieu\/restaurant\/#breadcrumb\",\"itemListElement\":[{\"@type\":\"ListItem\",\"position\":1,\"name\":\"Trang ch\u1ee7\",\"item\":\"https:\/\/riversidequangyenhotel.com\/\"},{\"@type\":\"ListItem\",\"position\":2,\"name\":\"Gi\u1edbi thi\u1ec7u\",\"item\":\"https:\/\/riversidequangyenhotel.com\/gioi-thieu\/\"},{\"@type\":\"ListItem\",\"position\":3,\"name\":\"Restaurant\"}]},{\"@type\":\"WebSite\",\"@id\":\"https:\/\/riversidequangyenhotel.com\/#website\",\"url\":\"https:\/\/riversidequangyenhotel.com\/\",\"name\":\"riversidequangyenhotel.com\",\"description\":\"Kh\u00e1ch s\u1ea1n 3 sao b\u00ean b\u1edd s\u00f4ng Chanh\",\"potentialAction\":[{\"@type\":\"SearchAction\",\"target\":{\"@type\":\"EntryPoint\",\"urlTemplate\":\"https:\/\/riversidequangyenhotel.com\/?s={search_term_string}\"},\"query-input\":\"required name=search_term_string\"}],\"inLanguage\":\"en-US\"}]}<\/script>\n<!-- \/ Yoast SEO plugin. -->","yoast_head_json":{"title":"Restaurant - riversidequangyenhotel.com","robots":{"index":"index","follow":"follow","max-snippet":"max-snippet:-1","max-image-preview":"max-image-preview:large","max-video-preview":"max-video-preview:-1"},"canonical":"https:\/\/riversidequangyenhotel.com\/en\/gioi-thieu\/restaurant\/","og_locale":"en_US","og_type":"article","og_title":"Restaurant - riversidequangyenhotel.com","og_description":"\u00a0NH\u00c0 H\u00c0NG RIVERSIDE &#8211; QU\u1ea2NG Y\u00caN HOTEL T\u1ecda l\u1ea1c trong khu\u00f4n vi\u00ean sang tr\u1ecdng c\u1ee7a kh\u00e1ch s\u1ea1n Riverside Qu\u1ea3ng Y\u00ean Hotel, nh\u00e0 h\u00e0ng Riverside l\u00e0 \u0111i\u1ec3m \u0111\u1ebfn l\u00fd t\u01b0\u1edfng cho nh\u1eefng ai y\u00eau th\u00edch \u1ea9m th\u1ef1c tinh t\u1ebf. V\u1edbi kh\u00f4ng gian r\u1ed9ng r\u00e3i, tho\u00e1ng \u0111\u00e3ng, thi\u1ebft k\u1ebf hi\u1ec7n \u0111\u1ea1i nh\u01b0ng v\u1eabn gi\u1eef \u0111\u01b0\u1ee3c n\u00e9t \u1ea5m ...","og_url":"https:\/\/riversidequangyenhotel.com\/en\/gioi-thieu\/restaurant\/","og_site_name":"riversidequangyenhotel.com","article_modified_time":"2025-03-16T16:53:38+00:00","og_image":[{"url":"https:\/\/riversidequangyenhotel.com\/wp-content\/uploads\/2025\/03\/GSD_0950-scaled.jpg"}],"twitter_card":"summary_large_image","twitter_misc":{"Est. reading time":"3 minutes"},"schema":{"@context":"https:\/\/schema.org","@graph":[{"@type":"WebPage","@id":"https:\/\/riversidequangyenhotel.com\/gioi-thieu\/restaurant\/","url":"https:\/\/riversidequangyenhotel.com\/gioi-thieu\/restaurant\/","name":"Restaurant - riversidequangyenhotel.com","isPartOf":{"@id":"https:\/\/riversidequangyenhotel.com\/#website"},"primaryImageOfPage":{"@id":"https:\/\/riversidequangyenhotel.com\/gioi-thieu\/restaurant\/#primaryimage"},"image":{"@id":"https:\/\/riversidequangyenhotel.com\/gioi-thieu\/restaurant\/#primaryimage"},"thumbnailUrl":"https:\/\/riversidequangyenhotel.com\/wp-content\/uploads\/2025\/03\/GSD_0950-scaled.jpg","datePublished":"2025-01-01T01:22:54+00:00","dateModified":"2025-03-16T16:53:38+00:00","breadcrumb":{"@id":"https:\/\/riversidequangyenhotel.com\/gioi-thieu\/restaurant\/#breadcrumb"},"inLanguage":"en-US","potentialAction":[{"@type":"ReadAction","target":["https:\/\/riversidequangyenhotel.com\/gioi-thieu\/restaurant\/"]}]},{"@type":"ImageObject","inLanguage":"en-US","@id":"https:\/\/riversidequangyenhotel.com\/gioi-thieu\/restaurant\/#primaryimage","url":"https:\/\/riversidequangyenhotel.com\/wp-content\/uploads\/2025\/03\/GSD_0950-scaled.jpg","contentUrl":"https:\/\/riversidequangyenhotel.com\/wp-content\/uploads\/2025\/03\/GSD_0950-scaled.jpg"},{"@type":"BreadcrumbList","@id":"https:\/\/riversidequangyenhotel.com\/gioi-thieu\/restaurant\/#breadcrumb","itemListElement":[{"@type":"ListItem","position":1,"name":"Trang ch\u1ee7","item":"https:\/\/riversidequangyenhotel.com\/"},{"@type":"ListItem","position":2,"name":"Gi\u1edbi thi\u1ec7u","item":"https:\/\/riversidequangyenhotel.com\/gioi-thieu\/"},{"@type":"ListItem","position":3,"name":"Restaurant"}]},{"@type":"WebSite","@id":"https:\/\/riversidequangyenhotel.com\/#website","url":"https:\/\/riversidequangyenhotel.com\/","name":"riversidequangyenhotel.com","description":"Kh\u00e1ch s\u1ea1n 3 sao b\u00ean b\u1edd s\u00f4ng Chanh","potentialAction":[{"@type":"SearchAction","target":{"@type":"EntryPoint","urlTemplate":"https:\/\/riversidequangyenhotel.com\/?s={search_term_string}"},"query-input":"required name=search_term_string"}],"inLanguage":"en-US"}]}},"_links":{"self":[{"href":"https:\/\/riversidequangyenhotel.com\/en\/wp-json\/wp\/v2\/pages\/301"}],"collection":[{"href":"https:\/\/riversidequangyenhotel.com\/en\/wp-json\/wp\/v2\/pages"}],"about":[{"href":"https:\/\/riversidequangyenhotel.com\/en\/wp-json\/wp\/v2\/types\/page"}],"author":[{"embeddable":true,"href":"https:\/\/riversidequangyenhotel.com\/en\/wp-json\/wp\/v2\/users\/2"}],"replies":[{"embeddable":true,"href":"https:\/\/riversidequangyenhotel.com\/en\/wp-json\/wp\/v2\/comments?post=301"}],"version-history":[{"count":3,"href":"https:\/\/riversidequangyenhotel.com\/en\/wp-json\/wp\/v2\/pages\/301\/revisions"}],"predecessor-version":[{"id":761,"href":"https:\/\/riversidequangyenhotel.com\/en\/wp-json\/wp\/v2\/pages\/301\/revisions\/761"}],"up":[{"embeddable":true,"href":"https:\/\/riversidequangyenhotel.com\/en\/wp-json\/wp\/v2\/pages\/24"}],"wp:attachment":[{"href":"https:\/\/riversidequangyenhotel.com\/en\/wp-json\/wp\/v2\/media?parent=301"}],"curies":[{"name":"wp","href":"https:\/\/api.w.org\/{rel}","templated":true}]}}