{"id":278,"date":"2025-01-01T08:16:37","date_gmt":"2025-01-01T01:16:37","guid":{"rendered":"http:\/\/riversidequangyenhotel.com\/?page_id=278"},"modified":"2025-03-16T23:46:26","modified_gmt":"2025-03-16T16:46:26","slug":"sanh-cho","status":"publish","type":"page","link":"https:\/\/riversidequangyenhotel.com\/en\/gioi-thieu\/sanh-cho\/","title":{"rendered":"Lobby"},"content":{"rendered":"<div class=\"xdj266r x11i5rnm xat24cr x1mh8g0r x1vvkbs x126k92a\">\n<h2 dir=\"auto\" style=\"text-align: center;\">RIVERSIDE HOTEL: N\u01a0I TINH T\u1ebe TH\u0102NG HOA C\u00d9NG TI\u1ec6N NGHI GI\u1eeeA L\u00d2NG QU\u1ea2NG Y\u00caN<\/h2>\n<div dir=\"auto\" style=\"text-align: center;\"><\/div>\n<div dir=\"auto\"><img loading=\"lazy\" decoding=\"async\" class=\"alignnone wp-image-651 size-full\" src=\"https:\/\/riversidequangyenhotel.com\/wp-content\/uploads\/2025\/03\/GSD_0950-scaled.jpg\" alt=\"\" width=\"2560\" height=\"1703\" srcset=\"https:\/\/riversidequangyenhotel.com\/wp-content\/uploads\/2025\/03\/GSD_0950-scaled.jpg 2560w, https:\/\/riversidequangyenhotel.com\/wp-content\/uploads\/2025\/03\/GSD_0950-300x200.jpg 300w, https:\/\/riversidequangyenhotel.com\/wp-content\/uploads\/2025\/03\/GSD_0950-1024x681.jpg 1024w, https:\/\/riversidequangyenhotel.com\/wp-content\/uploads\/2025\/03\/GSD_0950-768x511.jpg 768w, https:\/\/riversidequangyenhotel.com\/wp-content\/uploads\/2025\/03\/GSD_0950-1536x1022.jpg 1536w, https:\/\/riversidequangyenhotel.com\/wp-content\/uploads\/2025\/03\/GSD_0950-2048x1363.jpg 2048w, https:\/\/riversidequangyenhotel.com\/wp-content\/uploads\/2025\/03\/GSD_0950-18x12.jpg 18w, https:\/\/riversidequangyenhotel.com\/wp-content\/uploads\/2025\/03\/GSD_0950-900x599.jpg 900w\" sizes=\"(max-width: 2560px) 100vw, 2560px\" \/><\/div>\n<div dir=\"auto\" style=\"text-align: center;\"><\/div>\n<div dir=\"auto\" style=\"text-align: center;\">Ch\u00e0o m\u1eebng b\u1ea1n \u0111\u1ebfn v\u1edbi RIVERSIDE HOTEL, m\u1ed9t bi\u1ec3u t\u01b0\u1ee3ng m\u1edbi c\u1ee7a s\u1ef1 sang tr\u1ecdng v\u00e0 ti\u1ec7n nghi t\u1ea1i trung t\u00e2m Qu\u1ea3ng Y\u00ean<\/div>\n<\/div>\n<div class=\"x11i5rnm xat24cr x1mh8g0r x1vvkbs xtlvy1s x126k92a\">\n<div dir=\"auto\" style=\"text-align: center;\">Ki\u1ebfn tr\u00fac tinh t\u1ebf, t\u1ea7m nh\u00ecn \u0111\u1eaft gi\u00e1<\/div>\n<div dir=\"auto\"><\/div>\n<div dir=\"auto\"><img loading=\"lazy\" decoding=\"async\" class=\"alignnone wp-image-752 size-full\" src=\"https:\/\/riversidequangyenhotel.com\/wp-content\/uploads\/2025\/03\/GSD_0944-Copy-scaled.jpg\" alt=\"\" width=\"2560\" height=\"1703\" srcset=\"https:\/\/riversidequangyenhotel.com\/wp-content\/uploads\/2025\/03\/GSD_0944-Copy-scaled.jpg 2560w, https:\/\/riversidequangyenhotel.com\/wp-content\/uploads\/2025\/03\/GSD_0944-Copy-300x200.jpg 300w, https:\/\/riversidequangyenhotel.com\/wp-content\/uploads\/2025\/03\/GSD_0944-Copy-1024x681.jpg 1024w, https:\/\/riversidequangyenhotel.com\/wp-content\/uploads\/2025\/03\/GSD_0944-Copy-768x511.jpg 768w, https:\/\/riversidequangyenhotel.com\/wp-content\/uploads\/2025\/03\/GSD_0944-Copy-1536x1022.jpg 1536w, https:\/\/riversidequangyenhotel.com\/wp-content\/uploads\/2025\/03\/GSD_0944-Copy-2048x1362.jpg 2048w, https:\/\/riversidequangyenhotel.com\/wp-content\/uploads\/2025\/03\/GSD_0944-Copy-18x12.jpg 18w, https:\/\/riversidequangyenhotel.com\/wp-content\/uploads\/2025\/03\/GSD_0944-Copy-900x599.jpg 900w\" sizes=\"(max-width: 2560px) 100vw, 2560px\" \/><\/div>\n<div dir=\"auto\">RIVERSIDE m\u1edf ra m\u1ed9t kh\u00f4ng gian s\u1ed1ng hi\u1ec7n \u0111\u1ea1i, n\u01a1i m\u1ed7i chi ti\u1ebft \u0111\u1ec1u \u0111\u01b0\u1ee3c ch\u0103m ch\u00fat t\u1ec9 m\u1ec9. N\u1ed9i th\u1ea5t cao c\u1ea5p, thi\u1ebft k\u1ebf tinh t\u1ebf v\u00e0 t\u1ea7m nh\u00ecn C\u1ea7u S\u00f4ng Chanh tuy\u1ec7t \u0111\u1eb9p, b\u00ean c\u1ea1nh d\u00f2ng s\u00f4ng Chanh th\u01a1 m\u1ed9ng, s\u1ebd mang \u0111\u1ebfn cho b\u1ea1n nh\u1eefng tr\u1ea3i nghi\u1ec7m \u0111\u00e1ng nh\u1edb.<\/div>\n<\/div>\n<div class=\"x11i5rnm xat24cr x1mh8g0r x1vvkbs xtlvy1s x126k92a\">\n<div dir=\"auto\">Ti\u1ec7n nghi \u0111\u1ec9nh cao, tr\u1ea3i nghi\u1ec7m ho\u00e0n h\u1ea3o<\/div>\n<div dir=\"auto\">RIVERSIDE , ch\u00fang t\u00f4i mang \u0111\u1ebfn nh\u1eefng ti\u1ec7n nghi h\u00e0ng \u0111\u1ea7u \u0111\u1ec3 \u0111\u00e1p \u1ee9ng m\u1ecdi nhu c\u1ea7u c\u1ee7a b\u1ea1n:<\/div>\n<div dir=\"auto\">d\u1ecbch v\u1ee5 h\u1ed7 tr\u1ee3 24\/7 t\u1eadn t\u00e2m<\/div>\n<div dir=\"auto\">D\u1ecbch v\u1ee5 g\u1ecdi xe ri\u00eang \u0111\u01b0a \u0111\u00f3n t\u1eadn n\u01a1i<\/div>\n<div dir=\"auto\">V\u1ecb tr\u00ed trung t\u00e2m, k\u1ebft n\u1ed1i thu\u1eadn l\u1ee3i<\/div>\n<div dir=\"auto\">RIVERSIDE t\u1ecda l\u1ea1c t\u1ea1i v\u1ecb tr\u00ed \u0111\u1eafc \u0111\u1ecba, gi\u00fap b\u1ea1n d\u1ec5 d\u00e0ng di chuy\u1ec3n \u0111\u1ebfn c\u00e1c \u0111\u1ecba \u0111i\u1ec3m kinh doanh, vui ch\u01a1i gi\u1ea3i tr\u00ed v\u00e0 \u1ea9m th\u1ef1c h\u00e0ng \u0111\u1ea7u c\u1ee7a Qu\u1ea3ng Y\u00ean v\u00e0 H\u1ea1 Long<\/div>\n<\/div>\n<div class=\"x11i5rnm xat24cr x1mh8g0r x1vvkbs xtlvy1s x126k92a\">\n<div dir=\"auto\">\u01afu \u0111\u00e3i \u0111\u1eb7c bi\u1ec7t:<\/div>\n<div dir=\"auto\">Ch\u1ec9 t\u1eeb 6.00.000 VN\u0110\/ng\u00e0y \u0111\u00eam<\/div>\n<div dir=\"auto\">D\u00f9 b\u1ea1n \u1edf ng\u1eafn h\u1ea1n hay d\u00e0i h\u1ea1n, RIVERSIDE l\u00e0 l\u1ef1a ch\u1ecdn ho\u00e0n h\u1ea3o cho m\u1ed9t cu\u1ed9c s\u1ed1ng ti\u1ec7n nghi v\u00e0 \u0111\u1eb3ng c\u1ea5p.<\/div>\n<\/div>\n<div class=\"x11i5rnm xat24cr x1mh8g0r x1vvkbs xtlvy1s x126k92a\">\n<div dir=\"auto\">Li\u00ean h\u1ec7 ngay \u0111\u1ec3 \u0111\u1eb7t ph\u00f2ng v\u00e0 tr\u1ea3i nghi\u1ec7m:<\/div>\n<\/div>\n<div class=\"x11i5rnm xat24cr x1mh8g0r x1vvkbs xtlvy1s x126k92a\">\n<div dir=\"auto\"><span class=\"html-span xexx8yu x4uap5 x18d9i69 xkhd6sd x1hl2dhg x16tdsg8 x1vvkbs x3nfvp2 x1j61x8r x1fcty0u xdj266r xat24cr xgzva0m xhhsvwb xxymvpz xlup9mm x1kky2od\"><img loading=\"lazy\" decoding=\"async\" class=\"xz74otr x168nmei x13lgxp2 x5pf9jr xo71vjh\" src=\"https:\/\/static.xx.fbcdn.net\/images\/emoji.php\/v9\/tf8\/1\/16\/1f3e2.png\" alt=\"\ud83c\udfe2\" width=\"16\" height=\"16\" \/><\/span> \u0110\u1ecba ch\u1ec9: Ph\u00eda B\u1eafc C\u1ea7u S\u00f4ng Chanh 1, Khu 9 Ph\u01b0\u1eddng Qu\u1ea3ng Y\u00ean, th\u1ecb x\u00e3 Qu\u1ea3ng Y\u00ean, t\u1ec9nh Qu\u1ea3ng Ninh<\/div>\n<div dir=\"auto\"><span class=\"html-span xexx8yu x4uap5 x18d9i69 xkhd6sd x1hl2dhg x16tdsg8 x1vvkbs x3nfvp2 x1j61x8r x1fcty0u xdj266r xat24cr xgzva0m xhhsvwb xxymvpz xlup9mm x1kky2od\"><img loading=\"lazy\" decoding=\"async\" class=\"xz74otr x168nmei x13lgxp2 x5pf9jr xo71vjh\" src=\"https:\/\/static.xx.fbcdn.net\/images\/emoji.php\/v9\/t22\/1\/16\/260e.png\" alt=\"\u260e\ufe0f\" width=\"16\" height=\"16\" \/><\/span> Hotline: 0368.263.588<\/div>\n<p><iframe src=\"https:\/\/www.google.com\/maps\/embed?pb=!1m18!1m12!1m3!1d3726.3579809371513!2d106.79665480000001!3d20.9381344!2m3!1f0!2f0!3f0!3m2!1i1024!2i768!4f13.1!3m3!1m2!1s0x314a6332d305b5b9%3A0x12c09b04196a9bb0!2sRiverside%20Qu%E1%BA%A3ng%20Y%C3%AAn%20Hotel!5e0!3m2!1svi!2s!4v1742143596494!5m2!1svi!2s\" width=\"600\" height=\"450\" style=\"border:0;\" allowfullscreen=\"\" loading=\"lazy\" referrerpolicy=\"no-referrer-when-downgrade\"><\/iframe><\/p>","protected":false},"excerpt":{"rendered":"<p>RIVERSIDE HOTEL: N\u01a0I TINH T\u1ebe TH\u0102NG HOA C\u00d9NG TI\u1ec6N NGHI GI\u1eeeA L\u00d2NG QU\u1ea2NG Y\u00caN Ch\u00e0o m\u1eebng b\u1ea1n \u0111\u1ebfn v\u1edbi RIVERSIDE HOTEL, m\u1ed9t bi\u1ec3u t\u01b0\u1ee3ng m\u1edbi c\u1ee7a s\u1ef1 sang tr\u1ecdng v\u00e0 ti\u1ec7n nghi t\u1ea1i trung t\u00e2m Qu\u1ea3ng Y\u00ean Ki\u1ebfn tr\u00fac tinh t\u1ebf, t\u1ea7m nh\u00ecn \u0111\u1eaft gi\u00e1 RIVERSIDE m\u1edf ra m\u1ed9t kh\u00f4ng gian s\u1ed1ng hi\u1ec7n \u0111\u1ea1i, n\u01a1i &#8230;<\/p>","protected":false},"author":2,"featured_media":0,"parent":24,"menu_order":0,"comment_status":"closed","ping_status":"closed","template":"","meta":{"_acf_changed":false,"footnotes":""},"class_list":["post-278","page","type-page","status-publish","hentry"],"acf":[],"yoast_head":"<!-- This site is optimized with the Yoast SEO plugin v23.2 - https:\/\/yoast.com\/wordpress\/plugins\/seo\/ -->\n<title>S\u1ea3nh ch\u1edd - riversidequangyenhotel.com<\/title>\n<meta name=\"description\" content=\"RIVERSIDE m\u1edf ra m\u1ed9t kh\u00f4ng gian s\u1ed1ng hi\u1ec7n \u0111\u1ea1i, n\u01a1i m\u1ed7i chi ti\u1ebft \u0111\u1ec1u \u0111\u01b0\u1ee3c ch\u0103m ch\u00fat t\u1ec9 m\u1ec9. N\u1ed9i th\u1ea5t cao c\u1ea5p, thi\u1ebft k\u1ebf tinh t\u1ebf v\u00e0 t\u1ea7m nh\u00ecn C\u1ea7u S\u00f4ng Chanh tuy\u1ec7t \u0111\u1eb9p, b\u00ean c\u1ea1nh d\u00f2ng s\u00f4ng Chanh th\u01a1 m\u1ed9ng, s\u1ebd mang \u0111\u1ebfn cho b\u1ea1n nh\u1eefng tr\u1ea3i nghi\u1ec7m \u0111\u00e1ng nh\u1edb.\" \/>\n<meta name=\"robots\" content=\"index, follow, max-snippet:-1, max-image-preview:large, max-video-preview:-1\" \/>\n<link rel=\"canonical\" href=\"https:\/\/riversidequangyenhotel.com\/en\/gioi-thieu\/sanh-cho\/\" \/>\n<meta property=\"og:locale\" content=\"en_US\" \/>\n<meta property=\"og:type\" content=\"article\" \/>\n<meta property=\"og:title\" content=\"S\u1ea3nh ch\u1edd - riversidequangyenhotel.com\" \/>\n<meta property=\"og:description\" content=\"RIVERSIDE m\u1edf ra m\u1ed9t kh\u00f4ng gian s\u1ed1ng hi\u1ec7n \u0111\u1ea1i, n\u01a1i m\u1ed7i chi ti\u1ebft \u0111\u1ec1u \u0111\u01b0\u1ee3c ch\u0103m ch\u00fat t\u1ec9 m\u1ec9. N\u1ed9i th\u1ea5t cao c\u1ea5p, thi\u1ebft k\u1ebf tinh t\u1ebf v\u00e0 t\u1ea7m nh\u00ecn C\u1ea7u S\u00f4ng Chanh tuy\u1ec7t \u0111\u1eb9p, b\u00ean c\u1ea1nh d\u00f2ng s\u00f4ng Chanh th\u01a1 m\u1ed9ng, s\u1ebd mang \u0111\u1ebfn cho b\u1ea1n nh\u1eefng tr\u1ea3i nghi\u1ec7m \u0111\u00e1ng nh\u1edb.\" \/>\n<meta property=\"og:url\" content=\"https:\/\/riversidequangyenhotel.com\/en\/gioi-thieu\/sanh-cho\/\" \/>\n<meta property=\"og:site_name\" content=\"riversidequangyenhotel.com\" \/>\n<meta property=\"article:modified_time\" content=\"2025-03-16T16:46:26+00:00\" \/>\n<meta property=\"og:image\" content=\"https:\/\/riversidequangyenhotel.com\/wp-content\/uploads\/2025\/03\/GSD_0950-scaled.jpg\" \/>\n<meta name=\"twitter:card\" content=\"summary_large_image\" \/>\n<meta name=\"twitter:label1\" content=\"Est. reading time\" \/>\n\t<meta name=\"twitter:data1\" content=\"3 minutes\" \/>\n<script type=\"application\/ld+json\" class=\"yoast-schema-graph\">{\"@context\":\"https:\/\/schema.org\",\"@graph\":[{\"@type\":\"WebPage\",\"@id\":\"https:\/\/riversidequangyenhotel.com\/gioi-thieu\/sanh-cho\/\",\"url\":\"https:\/\/riversidequangyenhotel.com\/gioi-thieu\/sanh-cho\/\",\"name\":\"S\u1ea3nh ch\u1edd - riversidequangyenhotel.com\",\"isPartOf\":{\"@id\":\"https:\/\/riversidequangyenhotel.com\/#website\"},\"primaryImageOfPage\":{\"@id\":\"https:\/\/riversidequangyenhotel.com\/gioi-thieu\/sanh-cho\/#primaryimage\"},\"image\":{\"@id\":\"https:\/\/riversidequangyenhotel.com\/gioi-thieu\/sanh-cho\/#primaryimage\"},\"thumbnailUrl\":\"https:\/\/riversidequangyenhotel.com\/wp-content\/uploads\/2025\/03\/GSD_0950-scaled.jpg\",\"datePublished\":\"2025-01-01T01:16:37+00:00\",\"dateModified\":\"2025-03-16T16:46:26+00:00\",\"description\":\"RIVERSIDE m\u1edf ra m\u1ed9t kh\u00f4ng gian s\u1ed1ng hi\u1ec7n \u0111\u1ea1i, n\u01a1i m\u1ed7i chi ti\u1ebft \u0111\u1ec1u \u0111\u01b0\u1ee3c ch\u0103m ch\u00fat t\u1ec9 m\u1ec9. N\u1ed9i th\u1ea5t cao c\u1ea5p, thi\u1ebft k\u1ebf tinh t\u1ebf v\u00e0 t\u1ea7m nh\u00ecn C\u1ea7u S\u00f4ng Chanh tuy\u1ec7t \u0111\u1eb9p, b\u00ean c\u1ea1nh d\u00f2ng s\u00f4ng Chanh th\u01a1 m\u1ed9ng, s\u1ebd mang \u0111\u1ebfn cho b\u1ea1n nh\u1eefng tr\u1ea3i nghi\u1ec7m \u0111\u00e1ng nh\u1edb.\",\"breadcrumb\":{\"@id\":\"https:\/\/riversidequangyenhotel.com\/gioi-thieu\/sanh-cho\/#breadcrumb\"},\"inLanguage\":\"en-US\",\"potentialAction\":[{\"@type\":\"ReadAction\",\"target\":[\"https:\/\/riversidequangyenhotel.com\/gioi-thieu\/sanh-cho\/\"]}]},{\"@type\":\"ImageObject\",\"inLanguage\":\"en-US\",\"@id\":\"https:\/\/riversidequangyenhotel.com\/gioi-thieu\/sanh-cho\/#primaryimage\",\"url\":\"https:\/\/riversidequangyenhotel.com\/wp-content\/uploads\/2025\/03\/GSD_0950-scaled.jpg\",\"contentUrl\":\"https:\/\/riversidequangyenhotel.com\/wp-content\/uploads\/2025\/03\/GSD_0950-scaled.jpg\"},{\"@type\":\"BreadcrumbList\",\"@id\":\"https:\/\/riversidequangyenhotel.com\/gioi-thieu\/sanh-cho\/#breadcrumb\",\"itemListElement\":[{\"@type\":\"ListItem\",\"position\":1,\"name\":\"Trang ch\u1ee7\",\"item\":\"https:\/\/riversidequangyenhotel.com\/\"},{\"@type\":\"ListItem\",\"position\":2,\"name\":\"Gi\u1edbi thi\u1ec7u\",\"item\":\"https:\/\/riversidequangyenhotel.com\/gioi-thieu\/\"},{\"@type\":\"ListItem\",\"position\":3,\"name\":\"S\u1ea3nh ch\u1edd\"}]},{\"@type\":\"WebSite\",\"@id\":\"https:\/\/riversidequangyenhotel.com\/#website\",\"url\":\"https:\/\/riversidequangyenhotel.com\/\",\"name\":\"riversidequangyenhotel.com\",\"description\":\"Kh\u00e1ch s\u1ea1n 3 sao b\u00ean b\u1edd s\u00f4ng Chanh\",\"potentialAction\":[{\"@type\":\"SearchAction\",\"target\":{\"@type\":\"EntryPoint\",\"urlTemplate\":\"https:\/\/riversidequangyenhotel.com\/?s={search_term_string}\"},\"query-input\":\"required name=search_term_string\"}],\"inLanguage\":\"en-US\"}]}<\/script>\n<!-- \/ Yoast SEO plugin. -->","yoast_head_json":{"title":"S\u1ea3nh ch\u1edd - riversidequangyenhotel.com","description":"RIVERSIDE m\u1edf ra m\u1ed9t kh\u00f4ng gian s\u1ed1ng hi\u1ec7n \u0111\u1ea1i, n\u01a1i m\u1ed7i chi ti\u1ebft \u0111\u1ec1u \u0111\u01b0\u1ee3c ch\u0103m ch\u00fat t\u1ec9 m\u1ec9. N\u1ed9i th\u1ea5t cao c\u1ea5p, thi\u1ebft k\u1ebf tinh t\u1ebf v\u00e0 t\u1ea7m nh\u00ecn C\u1ea7u S\u00f4ng Chanh tuy\u1ec7t \u0111\u1eb9p, b\u00ean c\u1ea1nh d\u00f2ng s\u00f4ng Chanh th\u01a1 m\u1ed9ng, s\u1ebd mang \u0111\u1ebfn cho b\u1ea1n nh\u1eefng tr\u1ea3i nghi\u1ec7m \u0111\u00e1ng nh\u1edb.","robots":{"index":"index","follow":"follow","max-snippet":"max-snippet:-1","max-image-preview":"max-image-preview:large","max-video-preview":"max-video-preview:-1"},"canonical":"https:\/\/riversidequangyenhotel.com\/en\/gioi-thieu\/sanh-cho\/","og_locale":"en_US","og_type":"article","og_title":"S\u1ea3nh ch\u1edd - riversidequangyenhotel.com","og_description":"RIVERSIDE m\u1edf ra m\u1ed9t kh\u00f4ng gian s\u1ed1ng hi\u1ec7n \u0111\u1ea1i, n\u01a1i m\u1ed7i chi ti\u1ebft \u0111\u1ec1u \u0111\u01b0\u1ee3c ch\u0103m ch\u00fat t\u1ec9 m\u1ec9. N\u1ed9i th\u1ea5t cao c\u1ea5p, thi\u1ebft k\u1ebf tinh t\u1ebf v\u00e0 t\u1ea7m nh\u00ecn C\u1ea7u S\u00f4ng Chanh tuy\u1ec7t \u0111\u1eb9p, b\u00ean c\u1ea1nh d\u00f2ng s\u00f4ng Chanh th\u01a1 m\u1ed9ng, s\u1ebd mang \u0111\u1ebfn cho b\u1ea1n nh\u1eefng tr\u1ea3i nghi\u1ec7m \u0111\u00e1ng nh\u1edb.","og_url":"https:\/\/riversidequangyenhotel.com\/en\/gioi-thieu\/sanh-cho\/","og_site_name":"riversidequangyenhotel.com","article_modified_time":"2025-03-16T16:46:26+00:00","og_image":[{"url":"https:\/\/riversidequangyenhotel.com\/wp-content\/uploads\/2025\/03\/GSD_0950-scaled.jpg"}],"twitter_card":"summary_large_image","twitter_misc":{"Est. reading time":"3 minutes"},"schema":{"@context":"https:\/\/schema.org","@graph":[{"@type":"WebPage","@id":"https:\/\/riversidequangyenhotel.com\/gioi-thieu\/sanh-cho\/","url":"https:\/\/riversidequangyenhotel.com\/gioi-thieu\/sanh-cho\/","name":"S\u1ea3nh ch\u1edd - riversidequangyenhotel.com","isPartOf":{"@id":"https:\/\/riversidequangyenhotel.com\/#website"},"primaryImageOfPage":{"@id":"https:\/\/riversidequangyenhotel.com\/gioi-thieu\/sanh-cho\/#primaryimage"},"image":{"@id":"https:\/\/riversidequangyenhotel.com\/gioi-thieu\/sanh-cho\/#primaryimage"},"thumbnailUrl":"https:\/\/riversidequangyenhotel.com\/wp-content\/uploads\/2025\/03\/GSD_0950-scaled.jpg","datePublished":"2025-01-01T01:16:37+00:00","dateModified":"2025-03-16T16:46:26+00:00","description":"RIVERSIDE m\u1edf ra m\u1ed9t kh\u00f4ng gian s\u1ed1ng hi\u1ec7n \u0111\u1ea1i, n\u01a1i m\u1ed7i chi ti\u1ebft \u0111\u1ec1u \u0111\u01b0\u1ee3c ch\u0103m ch\u00fat t\u1ec9 m\u1ec9. N\u1ed9i th\u1ea5t cao c\u1ea5p, thi\u1ebft k\u1ebf tinh t\u1ebf v\u00e0 t\u1ea7m nh\u00ecn C\u1ea7u S\u00f4ng Chanh tuy\u1ec7t \u0111\u1eb9p, b\u00ean c\u1ea1nh d\u00f2ng s\u00f4ng Chanh th\u01a1 m\u1ed9ng, s\u1ebd mang \u0111\u1ebfn cho b\u1ea1n nh\u1eefng tr\u1ea3i nghi\u1ec7m \u0111\u00e1ng nh\u1edb.","breadcrumb":{"@id":"https:\/\/riversidequangyenhotel.com\/gioi-thieu\/sanh-cho\/#breadcrumb"},"inLanguage":"en-US","potentialAction":[{"@type":"ReadAction","target":["https:\/\/riversidequangyenhotel.com\/gioi-thieu\/sanh-cho\/"]}]},{"@type":"ImageObject","inLanguage":"en-US","@id":"https:\/\/riversidequangyenhotel.com\/gioi-thieu\/sanh-cho\/#primaryimage","url":"https:\/\/riversidequangyenhotel.com\/wp-content\/uploads\/2025\/03\/GSD_0950-scaled.jpg","contentUrl":"https:\/\/riversidequangyenhotel.com\/wp-content\/uploads\/2025\/03\/GSD_0950-scaled.jpg"},{"@type":"BreadcrumbList","@id":"https:\/\/riversidequangyenhotel.com\/gioi-thieu\/sanh-cho\/#breadcrumb","itemListElement":[{"@type":"ListItem","position":1,"name":"Trang ch\u1ee7","item":"https:\/\/riversidequangyenhotel.com\/"},{"@type":"ListItem","position":2,"name":"Gi\u1edbi thi\u1ec7u","item":"https:\/\/riversidequangyenhotel.com\/gioi-thieu\/"},{"@type":"ListItem","position":3,"name":"S\u1ea3nh ch\u1edd"}]},{"@type":"WebSite","@id":"https:\/\/riversidequangyenhotel.com\/#website","url":"https:\/\/riversidequangyenhotel.com\/","name":"riversidequangyenhotel.com","description":"Kh\u00e1ch s\u1ea1n 3 sao b\u00ean b\u1edd s\u00f4ng Chanh","potentialAction":[{"@type":"SearchAction","target":{"@type":"EntryPoint","urlTemplate":"https:\/\/riversidequangyenhotel.com\/?s={search_term_string}"},"query-input":"required name=search_term_string"}],"inLanguage":"en-US"}]}},"_links":{"self":[{"href":"https:\/\/riversidequangyenhotel.com\/en\/wp-json\/wp\/v2\/pages\/278"}],"collection":[{"href":"https:\/\/riversidequangyenhotel.com\/en\/wp-json\/wp\/v2\/pages"}],"about":[{"href":"https:\/\/riversidequangyenhotel.com\/en\/wp-json\/wp\/v2\/types\/page"}],"author":[{"embeddable":true,"href":"https:\/\/riversidequangyenhotel.com\/en\/wp-json\/wp\/v2\/users\/2"}],"replies":[{"embeddable":true,"href":"https:\/\/riversidequangyenhotel.com\/en\/wp-json\/wp\/v2\/comments?post=278"}],"version-history":[{"count":7,"href":"https:\/\/riversidequangyenhotel.com\/en\/wp-json\/wp\/v2\/pages\/278\/revisions"}],"predecessor-version":[{"id":757,"href":"https:\/\/riversidequangyenhotel.com\/en\/wp-json\/wp\/v2\/pages\/278\/revisions\/757"}],"up":[{"embeddable":true,"href":"https:\/\/riversidequangyenhotel.com\/en\/wp-json\/wp\/v2\/pages\/24"}],"wp:attachment":[{"href":"https:\/\/riversidequangyenhotel.com\/en\/wp-json\/wp\/v2\/media?parent=278"}],"curies":[{"name":"wp","href":"https:\/\/api.w.org\/{rel}","templated":true}]}}