{"id":24,"date":"2025-01-01T08:34:22","date_gmt":"2025-01-01T01:34:22","guid":{"rendered":"http:\/\/riversidequangyenhotel.com\/?page_id=24"},"modified":"2025-03-16T23:49:14","modified_gmt":"2025-03-16T16:49:14","slug":"gioi-thieu","status":"publish","type":"page","link":"https:\/\/riversidequangyenhotel.com\/en\/gioi-thieu\/","title":{"rendered":"Introduce"},"content":{"rendered":"<h1 class=\"DUwDvf lfPIob\" style=\"text-align: center;\">Riverside Qu\u1ea3ng Y\u00ean Hotel<\/h1>\n<p><img loading=\"lazy\" decoding=\"async\" class=\"alignnone wp-image-653 size-full\" src=\"https:\/\/riversidequangyenhotel.com\/wp-content\/uploads\/2025\/03\/GSD_0950-1-scaled.jpg\" alt=\"\" width=\"2560\" height=\"1703\" srcset=\"https:\/\/riversidequangyenhotel.com\/wp-content\/uploads\/2025\/03\/GSD_0950-1-scaled.jpg 2560w, https:\/\/riversidequangyenhotel.com\/wp-content\/uploads\/2025\/03\/GSD_0950-1-300x200.jpg 300w, https:\/\/riversidequangyenhotel.com\/wp-content\/uploads\/2025\/03\/GSD_0950-1-1024x681.jpg 1024w, https:\/\/riversidequangyenhotel.com\/wp-content\/uploads\/2025\/03\/GSD_0950-1-768x511.jpg 768w, https:\/\/riversidequangyenhotel.com\/wp-content\/uploads\/2025\/03\/GSD_0950-1-1536x1022.jpg 1536w, https:\/\/riversidequangyenhotel.com\/wp-content\/uploads\/2025\/03\/GSD_0950-1-2048x1363.jpg 2048w, https:\/\/riversidequangyenhotel.com\/wp-content\/uploads\/2025\/03\/GSD_0950-1-18x12.jpg 18w, https:\/\/riversidequangyenhotel.com\/wp-content\/uploads\/2025\/03\/GSD_0950-1-900x599.jpg 900w\" sizes=\"(max-width: 2560px) 100vw, 2560px\" \/><\/p>\n<p style=\"text-align: left;\">M\u1ed9t bu\u1ed5i s\u00e1ng cu\u1ed1i tu\u1ea7n nh\u00e0n r\u1ed7i, nh\u1ea5p t\u1eebng ng\u1ee5m c\u00e0 ph\u00ea \u0111\u1eafng xen l\u1eabn ng\u1ecdt ng\u00e0o t\u1ef1a \u0111\u1ea7u v\u00e0o khung c\u1eeda s\u1ed5, c\u1ea3m nh\u1eadn h\u01b0\u01a1ng v\u1ecb n\u1ed3ng n\u00e0n lan t\u1ecfa, ng\u1eafm nh\u00ecn d\u00f2ng ng\u01b0\u1eddi h\u1ed1i h\u1ea3 qua l\u1ea1i tr\u00ean nh\u1eefng con ph\u1ed1 Qu\u1ea3ng Y\u00ean \u1eaft h\u1eb3n s\u1ebd mang \u0111\u1ebfn cho b\u1ea1n m\u1ed9t tr\u1ea3i nghi\u1ec7m v\u00f4 c\u00f9ng tuy\u1ec7t v\u1eddi.<br \/>\nBu\u1ed5i s\u00e1ng cu\u1ed1i tu\u1ea7n l\u00e0 th\u1eddi gian l\u00fd t\u01b0\u1edfng \u0111\u1ec3 b\u1ea1n t\u1ea1m g\u00e1c l\u1ea1i nh\u1eefng lo toan, b\u1ed9n b\u1ec1 c\u1ee7a cu\u1ed9c s\u1ed1ng, d\u00e0nh cho b\u1ea3n th\u00e2n nh\u1eefng gi\u00e2y ph\u00fat th\u01b0 gi\u00e3n v\u00e0 t\u1eadn h\u01b0\u1edfng nh\u1eefng \u0111i\u1ec1u b\u00ecnh d\u1ecb nh\u1ea5t.<br \/>\nM\u1ed7i ng\u01b0\u1eddi \u0111\u1ec1u c\u00f3 nh\u1eefng mu\u1ed9n phi\u1ec1n, \u00e1p l\u1ef1c v\u00e0 nh\u1eefng \u0111i\u1ec1u ti\u1ebfc nu\u1ed1i ri\u00eang. Tuy nhi\u00ean, h\u00e3y lu\u00f4n gi\u1eef cho m\u00ecnh m\u1ed9t th\u00e1i \u0111\u1ed9 l\u1ea1c quan, t\u00edch c\u1ef1c, \u0111\u1eebng \u0111\u1ec3 nh\u1eefng suy ngh\u0129 ti\u00eau c\u1ef1c chi ph\u1ed1i t\u00e2m tr\u00ed b\u1ea1n. H\u00e3y d\u00e0nh th\u1eddi gian \u0111\u1ec3 suy ng\u1eabm v\u1ec1 nh\u1eefng \u0111i\u1ec1u t\u1ed1t \u0111\u1eb9p \u0111\u00e3 qua, nh\u1eefng th\u00e0nh c\u00f4ng b\u1ea1n \u0111\u00e3 \u0111\u1ea1t \u0111\u01b0\u1ee3c trong n\u0103m qua v\u00e0 nh\u1eefng d\u1ef1 \u0111\u1ecbnh cho t\u01b0\u01a1ng lai.<br \/>\nN\u1ebfu b\u1ea1n \u0111ang t\u00ecm ki\u1ebfm m\u1ed9t n\u01a1i \u0111\u1ec3 th\u01b0 gi\u00e3n, n\u1ea1p l\u1ea1i n\u0103ng l\u01b0\u1ee3ng sau m\u1ed9t n\u0103m d\u00e0i m\u1ec7t m\u1ecfi,RIVERSIDE HOTEL ch\u00ednh l\u00e0 \u0111i\u1ec3m \u0111\u1ebfn ho\u00e0n h\u1ea3o d\u00e0nh cho b\u1ea1n. N\u01a1i \u0111\u00e2y s\u1edf h\u1eefu kh\u00f4ng gian y\u00ean t\u0129nh, sang tr\u1ecdng, tinh t\u1ebf trong t\u1eebng chi ti\u1ebft, gi\u00fap b\u1ea1n xua tan m\u1ecdi phi\u1ec1n mu\u1ed9n, c\u0103ng th\u1eb3ng!<br \/>\nH\u00e3y d\u00e0nh cho b\u1ea3n th\u00e2n m\u1ed9t bu\u1ed5i s\u00e1ng cu\u1ed1i tu\u1ea7n nh\u1eb9 nh\u00e0ng b\u00ean ly c\u00e0 ph\u00ea t\u1ef1 \u0111\u1ea7u khung c\u1eeda s\u1ed5 ng\u1eafm ch\u00e0o b\u00ecnh minh, \u0111\u1ec3 kh\u1edfi \u0111\u1ea7u m\u1ed9t tu\u1ea7n m\u1edbi tr\u00e0n \u0111\u1ea7y n\u0103ng l\u01b0\u1ee3ng v\u00e0 h\u1ee9ng kh\u1edfi!<br \/>\n<strong>\u00a0\ud83c\udfe2 \u0110\u1ecba ch\u1ec9: Ph\u00eda B\u1eafc C\u1ea7u S\u00f4ng Chanh 1, Khu 9 Ph\u01b0\u1eddng Qu\u1ea3ng Y\u00ean, th\u1ecb x\u00e3 Qu\u1ea3ng Y\u00ean, t\u1ec9nh Qu\u1ea3ng Ninh<\/strong><br \/>\n<strong>\u00a0 \u00a0 \u00a0 \u00a0 \u00a0 \u00a0 \u00a0 \u00a0 \u00a0 \u00a0 \u00a0 \u00a0 \u00a0 \u00a0 \u00a0 \u00a0 \u00a0 \u00a0 \u00a0 \u00a0 \u00a0 \u00a0 \u00a0 \u00a0 \u00a0 \u00a0 \u00a0 \u00a0 \u00a0 \u00a0 \u00a0 \u00a0 \u00a0 \u00a0 \u00a0 \u00a0 \u00a0 \u00a0 \u00a0 \u00a0 \u00a0 \u00a0 \u00a0 \u00a0 \u00a0\u260e\ufe0f Hotline: 0368.263.58<\/strong><\/p>\n<p>&nbsp;<\/p>\n<p>&nbsp;<\/p>","protected":false},"excerpt":{"rendered":"<p>Riverside Qu\u1ea3ng Y\u00ean Hotel M\u1ed9t bu\u1ed5i s\u00e1ng cu\u1ed1i tu\u1ea7n nh\u00e0n r\u1ed7i, nh\u1ea5p t\u1eebng ng\u1ee5m c\u00e0 ph\u00ea \u0111\u1eafng xen l\u1eabn ng\u1ecdt ng\u00e0o t\u1ef1a \u0111\u1ea7u v\u00e0o khung c\u1eeda s\u1ed5, c\u1ea3m nh\u1eadn h\u01b0\u01a1ng v\u1ecb n\u1ed3ng n\u00e0n lan t\u1ecfa, ng\u1eafm nh\u00ecn d\u00f2ng ng\u01b0\u1eddi h\u1ed1i h\u1ea3 qua l\u1ea1i tr\u00ean nh\u1eefng con ph\u1ed1 Qu\u1ea3ng Y\u00ean \u1eaft h\u1eb3n s\u1ebd mang \u0111\u1ebfn cho &#8230;<\/p>","protected":false},"author":2,"featured_media":0,"parent":0,"menu_order":0,"comment_status":"closed","ping_status":"closed","template":"","meta":{"_acf_changed":false,"footnotes":""},"class_list":["post-24","page","type-page","status-publish","hentry"],"acf":[],"yoast_head":"<!-- This site is optimized with the Yoast SEO plugin v23.2 - https:\/\/yoast.com\/wordpress\/plugins\/seo\/ -->\n<title>Gi\u1edbi thi\u1ec7u - riversidequangyenhotel.com<\/title>\n<meta name=\"robots\" content=\"index, follow, max-snippet:-1, max-image-preview:large, max-video-preview:-1\" \/>\n<link rel=\"canonical\" href=\"https:\/\/riversidequangyenhotel.com\/en\/gioi-thieu\/\" \/>\n<meta property=\"og:locale\" content=\"en_US\" \/>\n<meta property=\"og:type\" content=\"article\" \/>\n<meta property=\"og:title\" content=\"Gi\u1edbi thi\u1ec7u - riversidequangyenhotel.com\" \/>\n<meta property=\"og:description\" content=\"Riverside Qu\u1ea3ng Y\u00ean Hotel M\u1ed9t bu\u1ed5i s\u00e1ng cu\u1ed1i tu\u1ea7n nh\u00e0n r\u1ed7i, nh\u1ea5p t\u1eebng ng\u1ee5m c\u00e0 ph\u00ea \u0111\u1eafng xen l\u1eabn ng\u1ecdt ng\u00e0o t\u1ef1a \u0111\u1ea7u v\u00e0o khung c\u1eeda s\u1ed5, c\u1ea3m nh\u1eadn h\u01b0\u01a1ng v\u1ecb n\u1ed3ng n\u00e0n lan t\u1ecfa, ng\u1eafm nh\u00ecn d\u00f2ng ng\u01b0\u1eddi h\u1ed1i h\u1ea3 qua l\u1ea1i tr\u00ean nh\u1eefng con ph\u1ed1 Qu\u1ea3ng Y\u00ean \u1eaft h\u1eb3n s\u1ebd mang \u0111\u1ebfn cho ...\" \/>\n<meta property=\"og:url\" content=\"https:\/\/riversidequangyenhotel.com\/en\/gioi-thieu\/\" \/>\n<meta property=\"og:site_name\" content=\"riversidequangyenhotel.com\" \/>\n<meta property=\"article:modified_time\" content=\"2025-03-16T16:49:14+00:00\" \/>\n<meta property=\"og:image\" content=\"https:\/\/riversidequangyenhotel.com\/wp-content\/uploads\/2025\/03\/GSD_0950-1-scaled.jpg\" \/>\n<meta name=\"twitter:card\" content=\"summary_large_image\" \/>\n<meta name=\"twitter:label1\" content=\"Est. reading time\" \/>\n\t<meta name=\"twitter:data1\" content=\"2 minutes\" \/>\n<script type=\"application\/ld+json\" class=\"yoast-schema-graph\">{\"@context\":\"https:\/\/schema.org\",\"@graph\":[{\"@type\":\"WebPage\",\"@id\":\"https:\/\/riversidequangyenhotel.com\/gioi-thieu\/\",\"url\":\"https:\/\/riversidequangyenhotel.com\/gioi-thieu\/\",\"name\":\"Gi\u1edbi thi\u1ec7u - riversidequangyenhotel.com\",\"isPartOf\":{\"@id\":\"https:\/\/riversidequangyenhotel.com\/#website\"},\"primaryImageOfPage\":{\"@id\":\"https:\/\/riversidequangyenhotel.com\/gioi-thieu\/#primaryimage\"},\"image\":{\"@id\":\"https:\/\/riversidequangyenhotel.com\/gioi-thieu\/#primaryimage\"},\"thumbnailUrl\":\"https:\/\/riversidequangyenhotel.com\/wp-content\/uploads\/2025\/03\/GSD_0950-1-scaled.jpg\",\"datePublished\":\"2025-01-01T01:34:22+00:00\",\"dateModified\":\"2025-03-16T16:49:14+00:00\",\"breadcrumb\":{\"@id\":\"https:\/\/riversidequangyenhotel.com\/gioi-thieu\/#breadcrumb\"},\"inLanguage\":\"en-US\",\"potentialAction\":[{\"@type\":\"ReadAction\",\"target\":[\"https:\/\/riversidequangyenhotel.com\/gioi-thieu\/\"]}]},{\"@type\":\"ImageObject\",\"inLanguage\":\"en-US\",\"@id\":\"https:\/\/riversidequangyenhotel.com\/gioi-thieu\/#primaryimage\",\"url\":\"https:\/\/riversidequangyenhotel.com\/wp-content\/uploads\/2025\/03\/GSD_0950-1-scaled.jpg\",\"contentUrl\":\"https:\/\/riversidequangyenhotel.com\/wp-content\/uploads\/2025\/03\/GSD_0950-1-scaled.jpg\"},{\"@type\":\"BreadcrumbList\",\"@id\":\"https:\/\/riversidequangyenhotel.com\/gioi-thieu\/#breadcrumb\",\"itemListElement\":[{\"@type\":\"ListItem\",\"position\":1,\"name\":\"Trang ch\u1ee7\",\"item\":\"https:\/\/riversidequangyenhotel.com\/\"},{\"@type\":\"ListItem\",\"position\":2,\"name\":\"Gi\u1edbi thi\u1ec7u\"}]},{\"@type\":\"WebSite\",\"@id\":\"https:\/\/riversidequangyenhotel.com\/#website\",\"url\":\"https:\/\/riversidequangyenhotel.com\/\",\"name\":\"riversidequangyenhotel.com\",\"description\":\"Kh\u00e1ch s\u1ea1n 3 sao b\u00ean b\u1edd s\u00f4ng Chanh\",\"potentialAction\":[{\"@type\":\"SearchAction\",\"target\":{\"@type\":\"EntryPoint\",\"urlTemplate\":\"https:\/\/riversidequangyenhotel.com\/?s={search_term_string}\"},\"query-input\":\"required name=search_term_string\"}],\"inLanguage\":\"en-US\"}]}<\/script>\n<!-- \/ Yoast SEO plugin. -->","yoast_head_json":{"title":"Gi\u1edbi thi\u1ec7u - riversidequangyenhotel.com","robots":{"index":"index","follow":"follow","max-snippet":"max-snippet:-1","max-image-preview":"max-image-preview:large","max-video-preview":"max-video-preview:-1"},"canonical":"https:\/\/riversidequangyenhotel.com\/en\/gioi-thieu\/","og_locale":"en_US","og_type":"article","og_title":"Gi\u1edbi thi\u1ec7u - riversidequangyenhotel.com","og_description":"Riverside Qu\u1ea3ng Y\u00ean Hotel M\u1ed9t bu\u1ed5i s\u00e1ng cu\u1ed1i tu\u1ea7n nh\u00e0n r\u1ed7i, nh\u1ea5p t\u1eebng ng\u1ee5m c\u00e0 ph\u00ea \u0111\u1eafng xen l\u1eabn ng\u1ecdt ng\u00e0o t\u1ef1a \u0111\u1ea7u v\u00e0o khung c\u1eeda s\u1ed5, c\u1ea3m nh\u1eadn h\u01b0\u01a1ng v\u1ecb n\u1ed3ng n\u00e0n lan t\u1ecfa, ng\u1eafm nh\u00ecn d\u00f2ng ng\u01b0\u1eddi h\u1ed1i h\u1ea3 qua l\u1ea1i tr\u00ean nh\u1eefng con ph\u1ed1 Qu\u1ea3ng Y\u00ean \u1eaft h\u1eb3n s\u1ebd mang \u0111\u1ebfn cho ...","og_url":"https:\/\/riversidequangyenhotel.com\/en\/gioi-thieu\/","og_site_name":"riversidequangyenhotel.com","article_modified_time":"2025-03-16T16:49:14+00:00","og_image":[{"url":"https:\/\/riversidequangyenhotel.com\/wp-content\/uploads\/2025\/03\/GSD_0950-1-scaled.jpg"}],"twitter_card":"summary_large_image","twitter_misc":{"Est. reading time":"2 minutes"},"schema":{"@context":"https:\/\/schema.org","@graph":[{"@type":"WebPage","@id":"https:\/\/riversidequangyenhotel.com\/gioi-thieu\/","url":"https:\/\/riversidequangyenhotel.com\/gioi-thieu\/","name":"Gi\u1edbi thi\u1ec7u - riversidequangyenhotel.com","isPartOf":{"@id":"https:\/\/riversidequangyenhotel.com\/#website"},"primaryImageOfPage":{"@id":"https:\/\/riversidequangyenhotel.com\/gioi-thieu\/#primaryimage"},"image":{"@id":"https:\/\/riversidequangyenhotel.com\/gioi-thieu\/#primaryimage"},"thumbnailUrl":"https:\/\/riversidequangyenhotel.com\/wp-content\/uploads\/2025\/03\/GSD_0950-1-scaled.jpg","datePublished":"2025-01-01T01:34:22+00:00","dateModified":"2025-03-16T16:49:14+00:00","breadcrumb":{"@id":"https:\/\/riversidequangyenhotel.com\/gioi-thieu\/#breadcrumb"},"inLanguage":"en-US","potentialAction":[{"@type":"ReadAction","target":["https:\/\/riversidequangyenhotel.com\/gioi-thieu\/"]}]},{"@type":"ImageObject","inLanguage":"en-US","@id":"https:\/\/riversidequangyenhotel.com\/gioi-thieu\/#primaryimage","url":"https:\/\/riversidequangyenhotel.com\/wp-content\/uploads\/2025\/03\/GSD_0950-1-scaled.jpg","contentUrl":"https:\/\/riversidequangyenhotel.com\/wp-content\/uploads\/2025\/03\/GSD_0950-1-scaled.jpg"},{"@type":"BreadcrumbList","@id":"https:\/\/riversidequangyenhotel.com\/gioi-thieu\/#breadcrumb","itemListElement":[{"@type":"ListItem","position":1,"name":"Trang ch\u1ee7","item":"https:\/\/riversidequangyenhotel.com\/"},{"@type":"ListItem","position":2,"name":"Gi\u1edbi thi\u1ec7u"}]},{"@type":"WebSite","@id":"https:\/\/riversidequangyenhotel.com\/#website","url":"https:\/\/riversidequangyenhotel.com\/","name":"riversidequangyenhotel.com","description":"Kh\u00e1ch s\u1ea1n 3 sao b\u00ean b\u1edd s\u00f4ng Chanh","potentialAction":[{"@type":"SearchAction","target":{"@type":"EntryPoint","urlTemplate":"https:\/\/riversidequangyenhotel.com\/?s={search_term_string}"},"query-input":"required name=search_term_string"}],"inLanguage":"en-US"}]}},"_links":{"self":[{"href":"https:\/\/riversidequangyenhotel.com\/en\/wp-json\/wp\/v2\/pages\/24"}],"collection":[{"href":"https:\/\/riversidequangyenhotel.com\/en\/wp-json\/wp\/v2\/pages"}],"about":[{"href":"https:\/\/riversidequangyenhotel.com\/en\/wp-json\/wp\/v2\/types\/page"}],"author":[{"embeddable":true,"href":"https:\/\/riversidequangyenhotel.com\/en\/wp-json\/wp\/v2\/users\/2"}],"replies":[{"embeddable":true,"href":"https:\/\/riversidequangyenhotel.com\/en\/wp-json\/wp\/v2\/comments?post=24"}],"version-history":[{"count":3,"href":"https:\/\/riversidequangyenhotel.com\/en\/wp-json\/wp\/v2\/pages\/24\/revisions"}],"predecessor-version":[{"id":758,"href":"https:\/\/riversidequangyenhotel.com\/en\/wp-json\/wp\/v2\/pages\/24\/revisions\/758"}],"wp:attachment":[{"href":"https:\/\/riversidequangyenhotel.com\/en\/wp-json\/wp\/v2\/media?parent=24"}],"curies":[{"name":"wp","href":"https:\/\/api.w.org\/{rel}","templated":true}]}}